{"id":15051,"date":"2021-01-14T17:17:50","date_gmt":"2021-01-14T17:17:50","guid":{"rendered":"https:\/\/taski.com\/product\/buhar-so4\/"},"modified":"2021-01-14T17:17:50","modified_gmt":"2021-01-14T17:17:50","slug":"buhar-so4","status":"publish","type":"product","link":"https:\/\/taski.com\/tr\/urun\/buhar-so4\/","title":{"rendered":"Buhar SO4"},"content":{"rendered":"","protected":false},"excerpt":{"rendered":"<p>S\u00fcrekli dolum kazan\u0131 ile profesyonel vapur<\/p>\n<h3>Temel \u00d6zellikler<\/h3>\n<p>4.5 Sadece \u00e7ubuk buhar<br \/>\n5L kapasitesi<br \/>\n1950w kazan<\/p>\n<h3>Temel Avantajlar<\/h3>\n<p>Kompakt ve hafif<br \/>\nG\u00fcvenli s\u00fcrekli dolum kazan\u0131 4.5 Bar bas\u0131nc\u0131<br \/>\nKapsaml\u0131 aksesuar kiti ile eksiksiz<\/p>\n","protected":false},"featured_media":5911,"template":"","meta":{"_acf_changed":false,"_seopress_robots_primary_cat":"","_seopress_titles_title":"","_seopress_titles_desc":"","_seopress_robots_index":"","inline_featured_image":false},"product_brand":[],"product_cat":[490,491],"product_tag":[],"class_list":{"0":"post-15051","1":"product","2":"type-product","3":"status-publish","4":"has-post-thumbnail","6":"product_cat-buharli-temizleyiciler","7":"product_cat-sadece-buhar","9":"first","10":"instock","11":"shipping-taxable","12":"purchasable","13":"product-type-simple"},"acf":[],"_links":{"self":[{"href":"https:\/\/taski.com\/tr\/wp-json\/wp\/v2\/product\/15051","targetHints":{"allow":["GET"]}}],"collection":[{"href":"https:\/\/taski.com\/tr\/wp-json\/wp\/v2\/product"}],"about":[{"href":"https:\/\/taski.com\/tr\/wp-json\/wp\/v2\/types\/product"}],"wp:featuredmedia":[{"embeddable":true,"href":"https:\/\/taski.com\/tr\/wp-json\/wp\/v2\/media\/5911"}],"wp:attachment":[{"href":"https:\/\/taski.com\/tr\/wp-json\/wp\/v2\/media?parent=15051"}],"wp:term":[{"taxonomy":"product_brand","embeddable":true,"href":"https:\/\/taski.com\/tr\/wp-json\/wp\/v2\/product_brand?post=15051"},{"taxonomy":"product_cat","embeddable":true,"href":"https:\/\/taski.com\/tr\/wp-json\/wp\/v2\/product_cat?post=15051"},{"taxonomy":"product_tag","embeddable":true,"href":"https:\/\/taski.com\/tr\/wp-json\/wp\/v2\/product_tag?post=15051"}],"curies":[{"name":"wp","href":"https:\/\/api.w.org\/{rel}","templated":true}]}}