{"id":20789,"date":"2021-07-29T12:36:54","date_gmt":"2021-07-29T12:36:54","guid":{"rendered":"https:\/\/taski.com\/taski-on\/"},"modified":"2021-08-05T15:08:44","modified_gmt":"2021-08-05T15:08:44","slug":"taski-on","status":"publish","type":"page","link":"https:\/\/taski.com\/tr\/taski-on\/","title":{"rendered":"TASKI 10"},"content":{"rendered":"<div class=\"wpb-content-wrapper\"><p>[vc_row][vc_column]\n  <div class=\"main-banner-block half-blocks content-video-no\" style=\"background-image:url(https:\/\/taski.com\/wp-content\/uploads\/2021\/07\/TT-screen-shotv1.png);\">\n     <iframe loading=\"lazy\" src=\"https:\/\/player.vimeo.com\/video\/580143610?autoplay=1&loop=1&autopause=0&muted=1&background=1\" id=\"myBannerVideo\" width=\"100%\" height=\"100%\" frameborder=\"0\" allow=\"autoplay; fullscreen\" allowfullscreen style=\"background:#000;\"><\/iframe>    <div class=\"main-banner-block-i\">\n      <div class=\"row\">\n       <div class=\"mbb-fl\">\n        <div class=\"main-banner-block-content\">\n            <h2>Giri\u015f<br \/>\n<strong>TASKI 10<\/strong><br \/>\n10 TASKI<br \/>\nTemizlik Makineleri'nden biri<br \/>\nsenin olabilir<\/h2>\n            <div class=\"button-wrapper\">\n            <div class=\"single-button\"><a href=\"https:\/\/www.linkedin.com\/feed\/update\/urn:li:activity:6826477617277935616\">LinkedIn sayfam\u0131za girin<\/a><\/div>            <\/div>\n        <\/div>\n               <\/div>\n      <\/div>\n\n\n    <\/div>\n  <\/div>\n  <div class=\"cl-fl\"><\/div>\n[\/vc_column][\/vc_row][vc_row][vc_column]\n  <div class=\"page-description-block style-dark\">\n    <div class=\"page-description-block-i\">\n      <div class=\"row\">\n        <div class=\"page-description-content\">\n          <\/div><\/div><\/div><\/div><\/p>\n<h3>\u00d6n\u00fcm\u00fczdeki birka\u00e7 hafta boyunca LinkedIn sayfam\u0131zda 10<strong>\u00a0TASKI<\/strong> temizlik makinesi verece\u011fiz.<\/h3>\n<p>Kazanma \u015fans\u0131na sahip olmak i\u00e7in <a href=\"https:\/\/www.linkedin.com\/feed\/update\/urn:li:activity:6826477617277935616\">bizi takip edin<\/a> ve g\u00f6nderiler g\u00f6r\u00fcnd\u00fc\u011f\u00fcnde talimatlar\u0131 takip edin.<\/p>\n<p>&nbsp;<\/p>\n<h3>\u0130yi \u015fanslar!<\/h3>\n<p>&nbsp;<\/p>\n<p><em><a href=\"https:\/\/stage.taski.com\/taski-ten-tcs\/\">H\u00fck\u00fcm ve Ko\u015fullar<\/a><\/em><\/p>\n        <\/div>\n      \n    \n  \n  <div class=\"cl-fl\"><\/div>\n[\/vc_column][\/vc_row]\n","protected":false},"excerpt":{"rendered":"<p>[vc_row][vc_column][\/vc_column][\/vc_row][vc_row][vc_column][\/vc_column][\/vc_row]<\/p>\n","protected":false},"author":1,"featured_media":0,"parent":0,"menu_order":76,"comment_status":"closed","ping_status":"closed","template":"","meta":{"_acf_changed":false,"_seopress_robots_primary_cat":"","_seopress_titles_title":"","_seopress_titles_desc":"","_seopress_robots_index":"","inline_featured_image":false,"footnotes":""},"class_list":["post-20789","page","type-page","status-publish","hentry"],"acf":[],"_links":{"self":[{"href":"https:\/\/taski.com\/tr\/wp-json\/wp\/v2\/pages\/20789","targetHints":{"allow":["GET"]}}],"collection":[{"href":"https:\/\/taski.com\/tr\/wp-json\/wp\/v2\/pages"}],"about":[{"href":"https:\/\/taski.com\/tr\/wp-json\/wp\/v2\/types\/page"}],"author":[{"embeddable":true,"href":"https:\/\/taski.com\/tr\/wp-json\/wp\/v2\/users\/1"}],"replies":[{"embeddable":true,"href":"https:\/\/taski.com\/tr\/wp-json\/wp\/v2\/comments?post=20789"}],"version-history":[{"count":0,"href":"https:\/\/taski.com\/tr\/wp-json\/wp\/v2\/pages\/20789\/revisions"}],"wp:attachment":[{"href":"https:\/\/taski.com\/tr\/wp-json\/wp\/v2\/media?parent=20789"}],"curies":[{"name":"wp","href":"https:\/\/api.w.org\/{rel}","templated":true}]}}