{"id":19216,"date":"2021-07-15T10:06:16","date_gmt":"2021-07-15T10:06:16","guid":{"rendered":"https:\/\/taski.com\/taski-ar-yardim-istegi\/"},"modified":"2022-09-14T15:42:55","modified_gmt":"2022-09-14T15:42:55","slug":"taski-ar-yardim-istegi","status":"publish","type":"page","link":"https:\/\/taski.com\/tr\/taski-ar-yardim-istegi\/","title":{"rendered":"TASKI AR Yard\u0131m \u0130ste\u011fi"},"content":{"rendered":"<div class=\"wpb-content-wrapper\"><p>[vc_row][vc_column][vc_column_text el_class=&#8221;contact-page-form-area-intro&#8221;]<\/p>\n<h2 style=\"text-align: center;\">TASKI AR Yard\u0131m \u0130ste\u011fi<\/h2>\n<p style=\"text-align: center;\">Bize ve size daha h\u0131zl\u0131 yard\u0131mc\u0131 olmak i\u00e7in a\u00e7\u0131l\u0131rlar\u0131 kullan\u0131n.<br \/>\nYerel uzman ekibimiz her zaman sizi desteklemek i\u00e7in burada.<\/p>\n<p>[\/vc_column_text][\/vc_column][\/vc_row][vc_row][vc_column][vc_raw_html]PGRpdiBzdHlsZT0ibWFyZ2luOjAgYXV0bzsgbWF4LXdpZHRoOjgwMHB4OyI+CjwhLS1baWYgbHRlIElFIDhdPgo8c2NyaXB0IGNoYXJzZXQ9InV0Zi04IiB0eXBlPSJ0ZXh0L2phdmFzY3JpcHQiIHNyYz0iLy9qcy5oc2Zvcm1zLm5ldC9mb3Jtcy92Mi1sZWdhY3kuanMiPjwvc2NyaXB0Pgo8IVtlbmRpZl0tLT4KPHNjcmlwdCBjaGFyc2V0PSJ1dGYtOCIgdHlwZT0idGV4dC9qYXZhc2NyaXB0IiBzcmM9Ii8vanMuaHNmb3Jtcy5uZXQvZm9ybXMvdjIuanMiPjwvc2NyaXB0Pgo8c2NyaXB0PgogIGhic3B0LmZvcm1zLmNyZWF0ZSh7CnJlZ2lvbjogIm5hMSIsCnBvcnRhbElkOiAiNTcxMjIxMSIsCmZvcm1JZDogImRjNjBkMDJjLWQxYTYtNGJkYi05ZjNhLTdjN2Q3NjMwZWQwMyIKfSk7Cjwvc2NyaXB0Pgo8L2Rpdj4=[\/vc_raw_html][\/vc_column][\/vc_row][vc_row css=&#8221;.vc_custom_1626344067192{background-color: #fafafa !important;}&#8221;][vc_column]\n  <div class=\"three-cta-block\">\n    <div class=\"three-cta-block-i\">\n      <div class=\"row\">\n        <div class=\"three-cta-block-grid\">\n           <div class=\"three-cta-item\">\n            <div class=\"tci-i\">\n             <div class=\"tci-item-content\">\n                <h5><strong>Daha <\/strong><br \/>fazlas\u0131 <br \/>-i\u00e7in             <\/h5>\n                <a href=\"\/products-innovations-solutions\/\"><p>\u00dcR\u00dcNLER, <br \/> \u00c7\u00d6Z\u00dcMLER & <br \/> YEN\u0130L\u0130KLER<\/p><\/a>\n             <\/div>\n            <\/div>\n           <\/div>\n           <div class=\"three-cta-item\">\n            <div class=\"tci-i\">\n             <div class=\"tci-item-content\">\n                <h5><strong>Sat\u0131n <\/strong><br \/>almak m\u0131 <br \/>istiyorsunuz?<\/h5>\n                <a href=\"\/shop\/\"><p>TASKI<br \/>MA\u011eAZAM<\/p><\/a>\n             <\/div>\n            <\/div>\n           <\/div>\n           <div class=\"three-cta-item\">\n            <div class=\"tci-i\">\n             <div class=\"tci-item-content\">\n                <h5><strong>Bizimle <\/strong><br \/>ileti\u015fime <br \/>ge\u00e7in<\/h5>\n                <a href=\"\/news-help-contacts\/\"><p>Ileti\u015fim<\/p><\/a>\n             <\/div>\n            <\/div>\n           <\/div>\n        <\/div>\n      <\/div>\n    <\/div>\n  <\/div>\n  <div class=\"cl-fl\"><\/div>\n[\/vc_column][\/vc_row]<\/p>\n<\/div>","protected":false},"excerpt":{"rendered":"<p>[vc_row][vc_column][vc_column_text el_class=&#8221;contact-page-form-area-intro&#8221;] TASKI AR Yard\u0131m \u0130ste\u011fi Bize ve size daha h\u0131zl\u0131 yard\u0131mc\u0131 olmak i\u00e7in a\u00e7\u0131l\u0131rlar\u0131 kullan\u0131n. Yerel uzman ekibimiz her zaman sizi desteklemek i\u00e7in burada. [\/vc_column_text][\/vc_column][\/vc_row][vc_row][vc_column][vc_raw_html]PGRpdiBzdHlsZT0ibWFyZ2luOjAgYXV0bzsgbWF4LXdpZHRoOjgwMHB4OyI+CjwhLS1baWYgbHRlIElFIDhdPgo8c2NyaXB0IGNoYXJzZXQ9InV0Zi04IiB0eXBlPSJ0ZXh0L2phdmFzY3JpcHQiIHNyYz0iLy9qcy5oc2Zvcm1zLm5ldC9mb3Jtcy92Mi1sZWdhY3kuanMiPjwvc2NyaXB0Pgo8IVtlbmRpZl0tLT4KPHNjcmlwdCBjaGFyc2V0PSJ1dGYtOCIgdHlwZT0idGV4dC9qYXZhc2NyaXB0IiBzcmM9Ii8vanMuaHNmb3Jtcy5uZXQvZm9ybXMvdjIuanMiPjwvc2NyaXB0Pgo8c2NyaXB0PgogIGhic3B0LmZvcm1zLmNyZWF0ZSh7CnJlZ2lvbjogIm5hMSIsCnBvcnRhbElkOiAiNTcxMjIxMSIsCmZvcm1JZDogImRjNjBkMDJjLWQxYTYtNGJkYi05ZjNhLTdjN2Q3NjMwZWQwMyIKfSk7Cjwvc2NyaXB0Pgo8L2Rpdj4=[\/vc_raw_html][\/vc_column][\/vc_row][vc_row css=&#8221;.vc_custom_1626344067192{background-color: #fafafa !important;}&#8221;][vc_column][\/vc_column][\/vc_row]<\/p>\n","protected":false},"author":1,"featured_media":0,"parent":0,"menu_order":84,"comment_status":"closed","ping_status":"closed","template":"","meta":{"_acf_changed":false,"_seopress_robots_primary_cat":"","_seopress_titles_title":"","_seopress_titles_desc":"","_seopress_robots_index":"","inline_featured_image":false,"footnotes":""},"class_list":["post-19216","page","type-page","status-publish","hentry"],"acf":[],"_links":{"self":[{"href":"https:\/\/taski.com\/tr\/wp-json\/wp\/v2\/pages\/19216","targetHints":{"allow":["GET"]}}],"collection":[{"href":"https:\/\/taski.com\/tr\/wp-json\/wp\/v2\/pages"}],"about":[{"href":"https:\/\/taski.com\/tr\/wp-json\/wp\/v2\/types\/page"}],"author":[{"embeddable":true,"href":"https:\/\/taski.com\/tr\/wp-json\/wp\/v2\/users\/1"}],"replies":[{"embeddable":true,"href":"https:\/\/taski.com\/tr\/wp-json\/wp\/v2\/comments?post=19216"}],"version-history":[{"count":0,"href":"https:\/\/taski.com\/tr\/wp-json\/wp\/v2\/pages\/19216\/revisions"}],"wp:attachment":[{"href":"https:\/\/taski.com\/tr\/wp-json\/wp\/v2\/media?parent=19216"}],"curies":[{"name":"wp","href":"https:\/\/api.w.org\/{rel}","templated":true}]}}