{"id":14840,"date":"2020-12-01T11:57:42","date_gmt":"2020-12-01T11:57:42","guid":{"rendered":"https:\/\/taski.com\/sss\/"},"modified":"2021-08-06T09:43:41","modified_gmt":"2021-08-06T09:43:41","slug":"sss","status":"publish","type":"page","link":"https:\/\/taski.com\/tr\/sss\/","title":{"rendered":"Sss"},"content":{"rendered":"<div class=\"wpb-content-wrapper\"><p>[vc_row][vc_column]               <div class=\"row full-row\">\n                 <div class=\"faq-block\">\n                  <div class=\"faq-block-i\">\n                    <div class=\"faq-block-title\"><h2>S\u0131k\u00e7a Sorulan Sorular (SSS)<\/h2><\/div>\n                    <div class=\"faq-block-nav\">\n                      <div class=\"faq-block-nav-grid\">\n                        <a href=\"#\" class=\"active\" data-tab=\"all\">All<\/a>\n                                    <a href=\"#\" data-tab=\"endustri-pazarlar-ve-trendler\">End\u00fcstri, Pazarlar ve Trendler<\/a>\n\n                                    <a href=\"#\" data-tab=\"genel\">Genel<\/a>\n\n                                    <a href=\"#\" data-tab=\"urun-ve-hizmetler\">\u00dcr\u00fcn ve Hizmetler<\/a>\n\n                \n                      <\/div>\n                    <\/div>\n\n\n                    <div class=\"faq-block-items\">\n                                        <div class=\"faq-block-item \">\n                      <div class=\"fbi-header\"><a href=\"#\">Is TASKI WEEE compliant? <i class=\"fa fa-chevron-down\"><\/i><\/a><\/div>\n                      <div class=\"fbi-content\"><div class=\"fbi-content-i\"><p>Solenis is committed to meeting the requirements of the European Union (Waste Electrical and Electronic Equipment) Regulations 2014. These Regulations require producers of electrical and electronic equipment to finance the takeback of WEEE resulting from products that we place on the Irish market. This helps us to ensure that WEEE is reused or recycled safely. In line with that commitment Solenis will take back WEEE from you. Please contact us for details.<\/p>\n<p>You also have a role to play in ensuring that WEEE is reused and recycled safely. So, if you choose not to return WEEE to us then you should not dispose of it in your bin. The crossed out wheeled-bin symbol on the product reminds users not to dispose WEEE in the bin. You should ensure that the WEEE is collected separately and sent for proper treatment. WEEE contains hazardous substances and if not managed and treated safely it can cause pollution and damage human health.<\/p>\n<\/div><\/div>\n                    <\/div>\n                                        <div class=\"faq-block-item urun-ve-hizmetler\">\n                      <div class=\"fbi-header\"><a href=\"#\">Pil vakumlar\u0131 ve k\u00fc\u00e7\u00fck makineler sat\u0131yor musunuz? <i class=\"fa fa-chevron-down\"><\/i><\/a><\/div>\n                      <div class=\"fbi-content\"><div class=\"fbi-content-i\"><p>Evet, en son lityum ve dijital motorla \u00e7al\u0131\u015fan vakum ve y\u0131kay\u0131c\u0131 kurutucular\u0131 \u00fcretiyoruz. Daha fazla bilgi i\u00e7in <a href=\"\/products-innovations-solutions\/innovations\/\">Yenilik<\/a> ve <a href=\"\/products-innovations-solutions\/\">\u00dcr\u00fcn sayfalar\u0131m\u0131za<\/a> gidin<\/p>\n<\/div><\/div>\n                    <\/div>\n                                        <div class=\"faq-block-item endustri-pazarlar-ve-trendler\">\n                      <div class=\"fbi-header\"><a href=\"#\">TASKI&#8217;nin s\u00fcrd\u00fcr\u00fclebilirli\u011fi ile ilgili herhangi bir vaka \u00e7al\u0131\u015fmas\u0131 var m\u0131? <i class=\"fa fa-chevron-down\"><\/i><\/a><\/div>\n                      <div class=\"fbi-content\"><div class=\"fbi-content-i\"><p>evet. Hem sert zemin hem de hal\u0131lar i\u00e7in hem s\u00fcrd\u00fcr\u00fclebilir \u00e7\u00f6z\u00fcmler i\u00e7in kan\u0131t g\u00f6sterebiliriz. Ayr\u0131ca Yenilikler ve teknolojiler. Daha fazla bilgi i\u00e7in <a href=\"\/why-taski\/about-taski\/sustainability\/\">S\u00fcrd\u00fcr\u00fclebilirlik sayfam\u0131za<\/a> gidin<\/p>\n<\/div><\/div>\n                    <\/div>\n                                        <div class=\"faq-block-item genel\">\n                      <div class=\"fbi-header\"><a href=\"#\">T\u00fcm TASKI makineleri \u0130svi\u00e7re&#8217;de \u00fcretiliyor mu? <i class=\"fa fa-chevron-down\"><\/i><\/a><\/div>\n                      <div class=\"fbi-content\"><div class=\"fbi-content-i\"><p>Hay\u0131r. TASKI, \u00e7o\u011funlukla Avrupa \u00fclkelerinden ve ayn\u0131 zamanda Asya&#8217;dan \u00fcretim ve kaynaklar yapmaktad\u0131r. Daha fazla bilgi i\u00e7in <a href=\"\/news-help-contacts\/\">\u0130leti\u015fim&#8217;e ge\u00e7in.<\/a><\/p>\n<\/div><\/div>\n                    <\/div>\n                                        <div class=\"faq-block-item genel\">\n                      <div class=\"fbi-header\"><a href=\"#\">TASKI ne zamand\u0131r var? <i class=\"fa fa-chevron-down\"><\/i><\/a><\/div>\n                      <div class=\"fbi-content\"><div class=\"fbi-content-i\"><p>65 y\u0131ldan fazla. \u0130svi\u00e7re miras\u0131m\u0131zla gurur duyuyoruz.<\/p>\n<\/div><\/div>\n                    <\/div>\n                                        <div class=\"faq-block-item genel\">\n                      <div class=\"fbi-header\"><a href=\"#\">TASKI nerede bulunur? <i class=\"fa fa-chevron-down\"><\/i><\/a><\/div>\n                      <div class=\"fbi-content\"><div class=\"fbi-content-i\"><p>Munchwilen, \u0130svi\u00e7re&#8217;nin kuzey do\u011fusunda, Z\u00fcrih&#8217;in kuzeyinde yer almaktad\u0131r.<\/p>\n<\/div><\/div>\n                    <\/div>\n                                        <div class=\"faq-block-item genel\">\n                      <div class=\"fbi-header\"><a href=\"#\">TASKI Diversey&#8217;nin bir par\u00e7as\u0131 m\u0131? <i class=\"fa fa-chevron-down\"><\/i><\/a><\/div>\n                      <div class=\"fbi-content\"><div class=\"fbi-content-i\"><p>Evet ve ailenin bir par\u00e7as\u0131 olmaktan gurur duyuyorum. TASKI, Diversey ailesi i\u00e7inde stratejik bir i\u015f birimidir. Diversey hakk\u0131nda daha fazla bilgi i\u00e7in <a href=\"https:\/\/diversey.com\/en\">www.diversey.com<\/a><\/p>\n<p>&nbsp;<\/p>\n<\/div><\/div>\n                    <\/div>\n                                        <div class=\"faq-block-item genel\">\n                      <div class=\"fbi-header\"><a href=\"#\">TASKI hangi b\u00f6lgelere ve \u00fclkelere hizmet vermektedir? <i class=\"fa fa-chevron-down\"><\/i><\/a><\/div>\n                      <div class=\"fbi-content\"><div class=\"fbi-content-i\"><p>TASKI her k\u0131tada mevcuttur ve diversey her \u00fclkede mevcuttur. Bu 80&#8217;den fazla \u00fclke eder! Daha fazla bilgi i\u00e7in <a href=\"\/news-help-contacts\/\">\u0130leti\u015fime ge\u00e7in<\/a> ve uzman tavsiyesi vermekten mutluluk duyar\u0131z.<\/p>\n<\/div><\/div>\n                    <\/div>\n                                        <div class=\"faq-block-item endustri-pazarlar-ve-trendler genel\">\n                      <div class=\"fbi-header\"><a href=\"#\">G\u00fcnd\u00fcz temizli\u011fi i\u00e7in \u00e7\u00f6z\u00fcmleriniz var m\u0131? <i class=\"fa fa-chevron-down\"><\/i><\/a><\/div>\n                      <div class=\"fbi-content\"><div class=\"fbi-content-i\"><p>Evet, TASKI g\u00fcvenli mekanik g\u00fcnd\u00fcz temizli\u011fini kolayla\u015ft\u0131rmak i\u00e7in k\u00fc\u00e7\u00fck ak\u00fc makineleri geli\u015ftirdi. <a href=\"https:\/\/taski.com\/product\/aero-8-15-8-15-plus\/\">Daha<\/a> fazla bilgi i\u00e7in <a href=\"\/why-taski\/expert-advice\/current-trends-best-practise\/\">G\u00fcncel Trendler ve En \u0130yi Uygulama<\/a> sayfalar\u0131m\u0131za gidin<\/p>\n<\/div><\/div>\n                    <\/div>\n                                        <div class=\"faq-block-item urun-ve-hizmetler\">\n                      <div class=\"fbi-header\"><a href=\"#\">TASKI&#8217;nin s\u00fcrd\u00fcr\u00fclebilir yenilikleri var m\u0131? <i class=\"fa fa-chevron-down\"><\/i><\/a><\/div>\n                      <div class=\"fbi-content\"><div class=\"fbi-content-i\"><p>evet. Hem yenilikler hem de teknolojiler. Daha fazla ayr\u0131nt\u0131 i\u00e7in <a href=\"\/products-innovations-solutions\/innovations\/\">Ak\u0131ll\u0131 \u00c7\u00f6z\u00fcmler<\/a> sayfalar\u0131m\u0131za gidin<\/p>\n<\/div><\/div>\n                    <\/div>\n                                        <div class=\"faq-block-item endustri-pazarlar-ve-trendler\">\n                      <div class=\"fbi-header\"><a href=\"#\">TASKI hangi sekt\u00f6rlere hizmet vermektedir? <i class=\"fa fa-chevron-down\"><\/i><\/a><\/div>\n                      <div class=\"fbi-content\"><div class=\"fbi-content-i\"><p>TASKI t\u00fcm b\u00fcy\u00fck pazarlara ve sekt\u00f6rlere tedarik sa\u011flar. Tesis Y\u00f6netimi, Perakende, A\u011f\u0131rlama, Sa\u011fl\u0131k (Akut) ve Sa\u011fl\u0131k (Uzun S\u00fcreli Bak\u0131m), Devlet ve E\u011fitim ve G\u0131da Hizmeti dahil. Daha fazla bilgi i\u00e7in <a href=\"\/why-taski\/your-markets-sectors\/\">Pazarlar\u0131n\u0131z ve Sekt\u00f6rleriniz<\/a> sayfalar\u0131m\u0131za gidin<\/p>\n<\/div><\/div>\n                    <\/div>\n                                        <div class=\"faq-block-item endustri-pazarlar-ve-trendler\">\n                      <div class=\"fbi-header\"><a href=\"#\">TASKI pazar trendleriyle nas\u0131l ileti\u015fim halinde? <i class=\"fa fa-chevron-down\"><\/i><\/a><\/div>\n                      <div class=\"fbi-content\"><div class=\"fbi-content-i\"><p>TASKI di\u011fer makine \u00fcreticilerine benzemez. Diversey&#8217;nin bir par\u00e7as\u0131 olmak TASKI&#8217;nin rekabette \u00f6nde olmas\u0131n\u0131 sa\u011flar. Daha fazla bilgi i\u00e7in <a href=\"\/why-taski\/\">TASKI<\/a> ve <a href=\"\/why-taski\/taski-competencies\/\">TASKI Yetkinlikleri<\/a> Hakk\u0131nda sayfalar\u0131m\u0131za gidin<\/p>\n<\/div><\/div>\n                    <\/div>\n                                        <\/div>\n\n\n                  <\/div>\n                 <\/div>\n               <\/div>\n               <script>\n                    if(window.location.hash) {\n                        \/\/ Fragment exists\n                        var tab_to_call = window.location.hash;\n                        tab_to_call = tab_to_call.replace('#','');\n                        jQuery(window).load( function(){\n                            \/\/jQuery('.faq-block-nav-grid a[data-tab=products-services]').addClass('woo');\n\n                               jQuery('.faq-block-nav-grid a[data-tab='+tab_to_call+']').addClass('woo').trigger('click');\n\n                        });\n                    } else {\n                    \/\/ Fragment doesn't exist\n                    }\n               <\/script>\n[\/vc_column][\/vc_row][vc_row][vc_column][vc_row_inner][vc_column_inner][vc_column_text]<\/p>\n<h2>Yan\u0131t bulamad\u0131n\u0131z m\u0131?<br \/>\nSorunuzu\u00a0 <a href=\"#\">buraya t\u0131klayarak <\/a>g\u00f6nderin<\/h2>\n<p>Uzmanlardan olu\u015fan ekibimiz her zaman yard\u0131ma haz\u0131r ve sorular\u0131n\u0131z\u0131 SSS\u2019da payla\u015f\u0131yoruz[\/vc_column_text][\/vc_column_inner][\/vc_row_inner][\/vc_column][\/vc_row]<\/p>\n<\/div>","protected":false},"excerpt":{"rendered":"<p>[vc_row][vc_column][\/vc_column][\/vc_row][vc_row][vc_column][vc_row_inner][vc_column_inner][vc_column_text] Yan\u0131t bulamad\u0131n\u0131z m\u0131? Sorunuzu\u00a0 buraya t\u0131klayarak g\u00f6nderin Uzmanlardan olu\u015fan ekibimiz her zaman yard\u0131ma haz\u0131r ve sorular\u0131n\u0131z\u0131 SSS\u2019da payla\u015f\u0131yoruz[\/vc_column_text][\/vc_column_inner][\/vc_row_inner][\/vc_column][\/vc_row]<\/p>\n","protected":false},"author":1,"featured_media":0,"parent":0,"menu_order":561,"comment_status":"closed","ping_status":"closed","template":"","meta":{"_acf_changed":false,"_seopress_robots_primary_cat":"","_seopress_titles_title":"","_seopress_titles_desc":"","_seopress_robots_index":"","inline_featured_image":false,"footnotes":""},"class_list":["post-14840","page","type-page","status-publish","hentry"],"acf":[],"_links":{"self":[{"href":"https:\/\/taski.com\/tr\/wp-json\/wp\/v2\/pages\/14840","targetHints":{"allow":["GET"]}}],"collection":[{"href":"https:\/\/taski.com\/tr\/wp-json\/wp\/v2\/pages"}],"about":[{"href":"https:\/\/taski.com\/tr\/wp-json\/wp\/v2\/types\/page"}],"author":[{"embeddable":true,"href":"https:\/\/taski.com\/tr\/wp-json\/wp\/v2\/users\/1"}],"replies":[{"embeddable":true,"href":"https:\/\/taski.com\/tr\/wp-json\/wp\/v2\/comments?post=14840"}],"version-history":[{"count":0,"href":"https:\/\/taski.com\/tr\/wp-json\/wp\/v2\/pages\/14840\/revisions"}],"wp:attachment":[{"href":"https:\/\/taski.com\/tr\/wp-json\/wp\/v2\/media?parent=14840"}],"curies":[{"name":"wp","href":"https:\/\/api.w.org\/{rel}","templated":true}]}}