{"id":14702,"date":"2021-02-10T11:02:55","date_gmt":"2021-02-10T11:02:55","guid":{"rendered":"https:\/\/taski.com\/kaliforniya-tuketici-gizliligi-yasasi-ccpa\/"},"modified":"2021-07-26T12:22:09","modified_gmt":"2021-07-26T12:22:09","slug":"kaliforniya-tuketici-gizliligi-yasasi-ccpa","status":"publish","type":"page","link":"https:\/\/taski.com\/tr\/kaliforniya-tuketici-gizliligi-yasasi-ccpa\/","title":{"rendered":"KAL\u0130FORN\u0130YA T\u00dcKET\u0130C\u0130 G\u0130ZL\u0130L\u0130\u011e\u0130 YASASI (CCPA)"},"content":{"rendered":"<p><span style=\"font-weight: 400;\">Kaliforniya T\u00fcketici Gizlili\u011fi Yasas\u0131 (&#8220;CCPA&#8221;), Kaliforniya Eyaleti sakinlerini korumak i\u00e7in haz\u0131rlanm\u0131\u015f bir tasar\u0131d\u0131r.<\/span><\/p>\n<p><span style=\"font-weight: 400;\">Kaliforniya&#8217;da yasal olarak ikamet eden ve verilerinin toplanmas\u0131n\u0131 tercih eden t\u00fcketiciler, herhangi bir zamanda Ki\u015fisel Tan\u0131mlanabilir Bilgilerinin silinmelerini talep edebilir. Kamuya a\u00e7\u0131k veriler Kaliforniya T\u00fcketiciyi Koruma Yasas\u0131&#8217;na dahil de\u011fildir. Ki\u015fisel Olmayan Tan\u0131mlanabilir Bilgi olarak kabul edilen veriler, i\u015fle ilgili \u00e7\u00f6z\u00fcmler i\u00e7in \u00fc\u00e7\u00fcnc\u00fc taraflara izin veren Kaliforniya T\u00fcketici Gizlili\u011fi Yasas\u0131&#8217;na dahil de\u011fildir. Veri toplaman\u0131n ger\u00e7ekle\u015fmesi i\u00e7in, t\u00fcketici olarak 16 ya\u015f ve \u00fcst\u00fcyseniz ve daha sonra ki\u015fisel verilerin toplanmas\u0131na ve sat\u0131lmas\u0131na karar verdiniz.<\/span><\/p>\n<p><span style=\"font-weight: 400;\">Verilerin toplanmas\u0131n\u0131n amac\u0131, TASKI&#8217;n\u0131n ve g\u00fcvenilir \u00fc\u00e7\u00fcnc\u00fc taraflar\u0131m\u0131z\u0131n (Veri Y\u00f6netimi platformlar\u0131, reklamverenler ve yasal dan\u0131\u015fmanlar) verileri a\u015fa\u011f\u0131dakiler i\u00e7in kullanmas\u0131na ve aktarmas\u0131na olanak tan\u0131r: hedeflenen reklam, \u00f6l\u00e7\u00fcm, analiz ve ara\u015ft\u0131rma i\u00e7in \u00f6zelle\u015ftirme ve hedefleme olu\u015fturmak \u00fczere verileri toplar.<\/span><\/p>\n<p><span style=\"font-weight: 400;\">Verilerden olu\u015fturulan \u00f6zel profiller a\u015fa\u011f\u0131dakileri i\u00e7erebilir:<\/span><\/p>\n<ul>\n<li style=\"font-weight: 400;\" aria-level=\"1\"><span style=\"font-weight: 400;\">Ad ve Soyad<\/span><\/li>\n<li style=\"font-weight: 400;\" aria-level=\"1\"><span style=\"font-weight: 400;\">E-posta adresi<\/span><\/li>\n<li style=\"font-weight: 400;\" aria-level=\"1\"><span style=\"font-weight: 400;\">Reklam Kimli\u011fi<\/span><\/li>\n<li style=\"font-weight: 400;\" aria-level=\"1\"><span style=\"font-weight: 400;\">Piksel veya tan\u0131mlama bilgisi kimlikleri<\/span><\/li>\n<li style=\"font-weight: 400;\" aria-level=\"1\"><span style=\"font-weight: 400;\">Internet \u0130leti\u015fim Kural\u0131 Adresi (&#8220;IP Adresi&#8221;)<\/span><\/li>\n<li style=\"font-weight: 400;\" aria-level=\"1\"><span style=\"font-weight: 400;\">Ticari bilgiler<\/span><\/li>\n<li style=\"font-weight: 400;\" aria-level=\"1\"><span style=\"font-weight: 400;\">Mobil etkinlik<\/span><\/li>\n<\/ul>\n<p><span style=\"font-weight: 400;\">Bunun sizi sadece TASKI&#8217;nin web sitesinden \u00e7\u0131karaca\u011f\u0131n\u0131 ve yine de internet tabanl\u0131 reklamlar almaya devam edece\u011finizi l\u00fctfen unutmay\u0131n. Ayr\u0131ca tam gizlilik politikam\u0131z\u0131 da g\u00f6r\u00fcnt\u00fcleyebilirsiniz <\/span><a href=\"https:\/\/taski.com\/privacy-policy\/\" target=\"_blank\" rel=\"noopener\"><span style=\"font-weight: 400;\">Burada, burada.<\/span><\/a><\/p>\n<p>&nbsp;<\/p>\n<p><span style=\"font-weight: 400;\">Verilerinin sat\u0131\u015f amac\u0131yla kullan\u0131lmas\u0131n\u0131 istemeyen Kaliforniya sakinleri; Ki\u015fisel Bilgilerimi Satmay\u0131n sayfam\u0131z\u0131 buradan ziyaret edebilirsiniz. <\/span><\/p>\n<p>&nbsp;<\/p>\n<p><span style=\"font-weight: 400;\">Verilerinin i\u015f ama\u00e7lar\u0131yla ilgili Common Sense Dan\u0131\u015fmanlar\u0131 i\u00e7in kullan\u0131lmas\u0131n\u0131 istemeyen Kaliforniya sakinleri; opt-out sayfam\u0131z\u0131 buradan ziyaret edebilirsiniz. <\/span><\/p>\n<p>&nbsp;<\/p>\n<p><span style=\"font-weight: 400;\">Sorular\u0131n\u0131z veya eri\u015fim\/silme talepleriniz varsa, l\u00fctfen <a href=\"https:\/\/taski.com\/haberler-yardim-ve-kisiler\/iletisim\/?lang=tr\" target=\"_blank\" rel=\"noopener\">bizimle ileti\u015fime ge\u00e7in.<\/a><\/span><\/p>\n","protected":false},"excerpt":{"rendered":"<p>Kaliforniya T\u00fcketici Gizlili\u011fi Yasas\u0131 (&#8220;CCPA&#8221;), Kaliforniya Eyaleti sakinlerini korumak i\u00e7in haz\u0131rlanm\u0131\u015f bir tasar\u0131d\u0131r. Kaliforniya&#8217;da yasal olarak ikamet eden ve verilerinin toplanmas\u0131n\u0131 tercih eden t\u00fcketiciler, herhangi bir zamanda Ki\u015fisel Tan\u0131mlanabilir Bilgilerinin silinmelerini talep edebilir. Kamuya a\u00e7\u0131k veriler Kaliforniya T\u00fcketiciyi Koruma Yasas\u0131&#8217;na dahil de\u011fildir. Ki\u015fisel Olmayan Tan\u0131mlanabilir Bilgi olarak kabul edilen veriler, i\u015fle ilgili \u00e7\u00f6z\u00fcmler i\u00e7in \u00fc\u00e7\u00fcnc\u00fc [&hellip;]<\/p>\n","protected":false},"author":1,"featured_media":0,"parent":0,"menu_order":133,"comment_status":"closed","ping_status":"closed","template":"","meta":{"_acf_changed":false,"_seopress_robots_primary_cat":"","_seopress_titles_title":"","_seopress_titles_desc":"","_seopress_robots_index":"","inline_featured_image":false,"footnotes":""},"class_list":["post-14702","page","type-page","status-publish","hentry"],"acf":[],"_links":{"self":[{"href":"https:\/\/taski.com\/tr\/wp-json\/wp\/v2\/pages\/14702","targetHints":{"allow":["GET"]}}],"collection":[{"href":"https:\/\/taski.com\/tr\/wp-json\/wp\/v2\/pages"}],"about":[{"href":"https:\/\/taski.com\/tr\/wp-json\/wp\/v2\/types\/page"}],"author":[{"embeddable":true,"href":"https:\/\/taski.com\/tr\/wp-json\/wp\/v2\/users\/1"}],"replies":[{"embeddable":true,"href":"https:\/\/taski.com\/tr\/wp-json\/wp\/v2\/comments?post=14702"}],"version-history":[{"count":0,"href":"https:\/\/taski.com\/tr\/wp-json\/wp\/v2\/pages\/14702\/revisions"}],"wp:attachment":[{"href":"https:\/\/taski.com\/tr\/wp-json\/wp\/v2\/media?parent=14702"}],"curies":[{"name":"wp","href":"https:\/\/api.w.org\/{rel}","templated":true}]}}