{"id":32733,"date":"2020-12-01T11:57:42","date_gmt":"2020-12-01T11:57:42","guid":{"rendered":"https:\/\/taski.com\/faqs\/"},"modified":"2023-01-23T21:58:26","modified_gmt":"2023-01-23T21:58:26","slug":"faqs","status":"publish","type":"page","link":"https:\/\/taski.com\/pl\/faqs\/","title":{"rendered":"Najcz\u0119\u015bciej Zadawane Pytania (FAQ)"},"content":{"rendered":"<div class=\"wpb-content-wrapper\"><p>[vc_row][vc_column]               <div class=\"row full-row\">\n                 <div class=\"faq-block\">\n                  <div class=\"faq-block-i\">\n                    <div class=\"faq-block-title\"><h2>Cz\u0119sto Zadawane Pytania (FAQ)<\/h2><\/div>\n                    <div class=\"faq-block-nav\">\n                      <div class=\"faq-block-nav-grid\">\n                        <a href=\"#\" class=\"active\" data-tab=\"all\">All<\/a>\n                                    <a href=\"#\" data-tab=\"general-pl\">General<\/a>\n\n                                    <a href=\"#\" data-tab=\"industry-markets-trends-pl\">Industry, Markets &amp; Trends<\/a>\n\n                                    <a href=\"#\" data-tab=\"products-services-pl\">Products &amp; Services<\/a>\n\n                \n                      <\/div>\n                    <\/div>\n\n\n                    <div class=\"faq-block-items\">\n                                        <div class=\"faq-block-item \">\n                      <div class=\"fbi-header\"><a href=\"#\">Is TASKI WEEE compliant? <i class=\"fa fa-chevron-down\"><\/i><\/a><\/div>\n                      <div class=\"fbi-content\"><div class=\"fbi-content-i\"><p>Solenis is committed to meeting the requirements of the European Union (Waste Electrical and Electronic Equipment) Regulations 2014. These Regulations require producers of electrical and electronic equipment to finance the takeback of WEEE resulting from products that we place on the Irish market. This helps us to ensure that WEEE is reused or recycled safely. In line with that commitment Solenis will take back WEEE from you. Please contact us for details.<\/p>\n<p>You also have a role to play in ensuring that WEEE is reused and recycled safely. So, if you choose not to return WEEE to us then you should not dispose of it in your bin. The crossed out wheeled-bin symbol on the product reminds users not to dispose WEEE in the bin. You should ensure that the WEEE is collected separately and sent for proper treatment. WEEE contains hazardous substances and if not managed and treated safely it can cause pollution and damage human health.<\/p>\n<\/div><\/div>\n                    <\/div>\n                                        <div class=\"faq-block-item products-services-pl\">\n                      <div class=\"fbi-header\"><a href=\"#\">Czy sprzedajecie odkurzacze akumulatorowe i ma\u0142e maszyny? <i class=\"fa fa-chevron-down\"><\/i><\/a><\/div>\n                      <div class=\"fbi-content\"><div class=\"fbi-content-i\"><p><span class=\"Y2IQFc\" lang=\"pl\">Tak, produkujemy najnowsze odkurzacze i maszyny szoruj\u0105co-zbieraj\u0105ce z silnikiem litowym i cyfrowym. Aby uzyska\u0107 wi\u0119cej informacji, przejd\u017a do sekcji naszych\u00a0<\/span><a href=\"https:\/\/taski.com\/products-innovations-solutions\/innovations\/?lang=pl\">Innowacji<\/a> i\u00a0 <a href=\"https:\/\/taski.com\/products-innovations-solutions\/?lang=pl\">Produkt\u00f3w<\/a><\/p>\n<\/div><\/div>\n                    <\/div>\n                                        <div class=\"faq-block-item industry-markets-trends-pl\">\n                      <div class=\"fbi-header\"><a href=\"#\">Czy TASKI ma jakie\u015b studia przypadk\u00f3w dotycz\u0105ce swojego zr\u00f3wnowa\u017conego rozwoju? <i class=\"fa fa-chevron-down\"><\/i><\/a><\/div>\n                      <div class=\"fbi-content\"><div class=\"fbi-content-i\"><p id=\"tw-target-text\" class=\"tw-data-text tw-text-large tw-ta\" dir=\"ltr\" data-placeholder=\"T\u0142umaczenie\"><span class=\"Y2IQFc\" lang=\"pl\">Tak. Mo\u017cemy pokaza\u0107 dowody na oba zr\u00f3wnowa\u017cone rozwi\u0105zania zar\u00f3wno dla twardych pod\u0142\u00f3g, jak i dywan\u00f3w. R\u00f3wnie\u017c Innowacje i technologie. Po wi\u0119cej szczeg\u00f3\u0142\u00f3w przejd\u017a do naszej strony Zr\u00f3wnowa\u017cony Rozw\u00f3j.<\/span><\/p>\n<\/div><\/div>\n                    <\/div>\n                                        <div class=\"faq-block-item general-pl\">\n                      <div class=\"fbi-header\"><a href=\"#\">Czy wszystkie maszyny TASKI produkowane s\u0105 w Szwajcarii? <i class=\"fa fa-chevron-down\"><\/i><\/a><\/div>\n                      <div class=\"fbi-content\"><div class=\"fbi-content-i\"><p>Nie. <span class=\"Y2IQFc\" lang=\"pl\">TASKI produkuje i zaopatruje si\u0119 g\u0142\u00f3wnie w krajach europejskich, ale tak\u017ce w Azji. Po wi\u0119cej szczeg\u00f3\u0142\u00f3w wejd\u017a tutaj <\/span><a href=\"https:\/\/taski.com\/news-help-contacts\/?lang=pl\">Kontakt.<\/a><\/p>\n<\/div><\/div>\n                    <\/div>\n                                        <div class=\"faq-block-item general-pl\">\n                      <div class=\"fbi-header\"><a href=\"#\">Jak d\u0142ugo istnieje firma TASKI? <i class=\"fa fa-chevron-down\"><\/i><\/a><\/div>\n                      <div class=\"fbi-content\"><div class=\"fbi-content-i\"><p>&nbsp;<\/p>\n<p>Ponad 65 lat.\u00a0 Jeste\u015bmy dumni z naszego szwajcarskiego dziedzictwa.<\/p>\n<\/div><\/div>\n                    <\/div>\n                                        <div class=\"faq-block-item general-pl\">\n                      <div class=\"fbi-header\"><a href=\"#\">Gdzie znajduje sie firma TASKI? <i class=\"fa fa-chevron-down\"><\/i><\/a><\/div>\n                      <div class=\"fbi-content\"><div class=\"fbi-content-i\"><p>Munchwilen znajduje si\u0119 na p\u00f3\u0142nocnym-wschodzie Szwajcarii , na p\u00f3\u0142noc of Zurychu.<\/p>\n<\/div><\/div>\n                    <\/div>\n                                        <div class=\"faq-block-item general-pl\">\n                      <div class=\"fbi-header\"><a href=\"#\">Czy TASKI jest cz\u0119\u015bci\u0105 Diversey? <i class=\"fa fa-chevron-down\"><\/i><\/a><\/div>\n                      <div class=\"fbi-content\"><div class=\"fbi-content-i\"><p>Tak, i jeste\u015bmy bardzo dumni z tego, \u017ce nale\u017cymy do rodziny. TASKI jest strategiczn\u0105 jednostk\u0105 biznesow\u0105 w ramach rodziny Diversey. Po wi\u0119cej szczeg\u00f3\u0142\u00f3w, wejd\u017a na www.diversey.com.pl<\/p>\n<p>&nbsp;<\/p>\n<p>&nbsp;<\/p>\n<p>&nbsp;<\/p>\n<\/div><\/div>\n                    <\/div>\n                                        <div class=\"faq-block-item general-pl\">\n                      <div class=\"fbi-header\"><a href=\"#\">Kt\u00f3re regiony i kraje obs\u0142uguje firma TASKI? <i class=\"fa fa-chevron-down\"><\/i><\/a><\/div>\n                      <div class=\"fbi-content\"><div class=\"fbi-content-i\"><p>TASKI jest dost\u0119pne na ka\u017cdym kontynencie i w ka\u017cdym kraju, w kt\u00f3rym obecny jest Diversey. To jest ponad 80 kraj\u00f3w! Po wi\u0119cej szczeg\u00f3\u0142\u00f3w wejd\u017a tutaj <a href=\"https:\/\/taski.com\/news-help-contacts\/?lang=pl\">Kontakt<\/a> a my z przyjemno\u015bci\u0105 b\u0119dziemy Ci s\u0142u\u017cy\u0107 nasz\u0105 wiedz\u0105 eksperck\u0105.<\/p>\n<\/div><\/div>\n                    <\/div>\n                                        <div class=\"faq-block-item general-pl industry-markets-trends-pl\">\n                      <div class=\"fbi-header\"><a href=\"#\">Czy macie rozwi\u0105zania do sprz\u0105tania w ci\u0105gu dnia? <i class=\"fa fa-chevron-down\"><\/i><\/a><\/div>\n                      <div class=\"fbi-content\"><div class=\"fbi-content-i\"><p><span class=\"Y2IQFc\" lang=\"pl\">Tak, firma TASKI opracowa\u0142a ma\u0142e maszyny akumulatorowe, kt\u00f3re u\u0142atwiaj\u0105 bezpieczne mechaniczne czyszczenie w ci\u0105gu dnia.<\/span><\/p>\n<p><a href=\"https:\/\/taski.com\/product\/aero-8-15-8-15-plus\/\">Tutaj<\/a> szczeg\u00f3\u0142\u00f3w, wejd\u017a tak\u017ce na t\u0119 stron\u0119 <a href=\"https:\/\/taski.com\/why-taski\/expert-advice\/current-trends-best-practise\/?lang=pl\">Obecne Trendy i Najlepsze Praktyki<\/a><\/p>\n<\/div><\/div>\n                    <\/div>\n                                        <div class=\"faq-block-item products-services-pl\">\n                      <div class=\"fbi-header\"><a href=\"#\">Czy TASKI ma jakie\u015b innowacje zwi\u0105zane ze zr\u00f3wnowa\u017conym rozwojem? <i class=\"fa fa-chevron-down\"><\/i><\/a><\/div>\n                      <div class=\"fbi-content\"><div class=\"fbi-content-i\"><p>Tak. Zar\u00f3wno innowacje jak i technologie. Po wi\u0119cej szczeg\u00f3\u0142\u00f3w wejd\u017a na strony <a href=\"https:\/\/taski.com\/products-innovations-solutions\/innovations\/?lang=pl\">Inteligentne Rozwi\u0105zania<\/a><\/p>\n<\/div><\/div>\n                    <\/div>\n                                        <div class=\"faq-block-item industry-markets-trends-pl\">\n                      <div class=\"fbi-header\"><a href=\"#\">Jakie bran\u017ce obs\u0142uguje TASKI? <i class=\"fa fa-chevron-down\"><\/i><\/a><\/div>\n                      <div class=\"fbi-content\"><div class=\"fbi-content-i\"><p><span class=\"Y2IQFc\" lang=\"pl\">TASKI zaopatruje wszystkie g\u0142\u00f3wne rynki i bran\u017ce. W tym zarz\u0105dzanie obiektami, handel detaliczny, hotelarstwo, opieka zdrowotna (dora\u017ana) i opieka zdrowotna (opieka d\u0142ugoterminowa), instytucje rz\u0105dowe i plac\u00f3wki edukacyjne oraz us\u0142ugi gastronomiczne. Aby uzyska\u0107 wi\u0119cej informacji, wejd\u017a na nasze strony <\/span>\u00a0<a href=\"https:\/\/taski.com\/why-taski\/your-markets-sectors\/?lang=pl\">Twoje Rynki i Bran\u017ce<\/a><\/p>\n<\/div><\/div>\n                    <\/div>\n                                        <div class=\"faq-block-item industry-markets-trends-pl\">\n                      <div class=\"fbi-header\"><a href=\"#\">Jak TASKI nad\u0105\u017ca za trendami rynkowymi? <i class=\"fa fa-chevron-down\"><\/i><\/a><\/div>\n                      <div class=\"fbi-content\"><div class=\"fbi-content-i\"><p id=\"tw-target-text\" class=\"tw-data-text tw-text-large tw-ta\" dir=\"ltr\" data-placeholder=\"T\u0142umaczenie\"><span class=\"Y2IQFc\" lang=\"pl\">TASKI nie przypomina \u017cadnego innego producenta maszyn. Bycie cz\u0119\u015bci\u0105 Diversey pozwala TASKI wyprzedza\u0107 konkurencj\u0119. Po wi\u0119cej szczeg\u00f3\u0142\u00f3w odwied\u017a <a href=\"https:\/\/taski.com\/why-taski\/?lang=pl\">O TASKI<\/a> and <a href=\"https:\/\/taski.com\/why-taski\/taski-competencies\/?lang=pl\">TASKI Kompetencje<\/a><\/span><\/p>\n<\/div><\/div>\n                    <\/div>\n                                        <\/div>\n\n\n                  <\/div>\n                 <\/div>\n               <\/div>\n               <script>\n                    if(window.location.hash) {\n                        \/\/ Fragment exists\n                        var tab_to_call = window.location.hash;\n                        tab_to_call = tab_to_call.replace('#','');\n                        jQuery(window).load( function(){\n                            \/\/jQuery('.faq-block-nav-grid a[data-tab=products-services]').addClass('woo');\n\n                               jQuery('.faq-block-nav-grid a[data-tab='+tab_to_call+']').addClass('woo').trigger('click');\n\n                        });\n                    } else {\n                    \/\/ Fragment doesn't exist\n                    }\n               <\/script>\n[\/vc_column][\/vc_row][vc_row][vc_column][vc_row_inner][vc_column_inner][vc_column_text]<\/p>\n<h2>Nie mo\u017cesz znale\u017a\u0107 odpowiedzi na swoje pytanie<br \/>\nZadaj je tutaj <a href=\"#\">tutaj<\/a><\/h2>\n<p>Nasze zesp\u00f3\u0142 ekspert\u00f3w jest zawsze dost\u0119pny i podzieli si\u0119 twoimi pytaniami w naszej sekcji\u00a0 FAQ[\/vc_column_text][\/vc_column_inner][\/vc_row_inner][\/vc_column][\/vc_row]<\/p>\n<\/div>","protected":false},"excerpt":{"rendered":"<p>[vc_row][vc_column][\/vc_column][\/vc_row][vc_row][vc_column][vc_row_inner][vc_column_inner][vc_column_text] Nie mo\u017cesz znale\u017a\u0107 odpowiedzi na swoje pytanie Zadaj je tutaj tutaj Nasze zesp\u00f3\u0142 ekspert\u00f3w jest zawsze dost\u0119pny i podzieli si\u0119 twoimi pytaniami w naszej sekcji\u00a0 FAQ[\/vc_column_text][\/vc_column_inner][\/vc_row_inner][\/vc_column][\/vc_row]<\/p>\n","protected":false},"author":1,"featured_media":0,"parent":0,"menu_order":563,"comment_status":"closed","ping_status":"closed","template":"","meta":{"_acf_changed":false,"_seopress_robots_primary_cat":"","_seopress_titles_title":"","_seopress_titles_desc":"","_seopress_robots_index":"","inline_featured_image":false,"footnotes":""},"class_list":["post-32733","page","type-page","status-publish","hentry"],"acf":[],"_links":{"self":[{"href":"https:\/\/taski.com\/pl\/wp-json\/wp\/v2\/pages\/32733","targetHints":{"allow":["GET"]}}],"collection":[{"href":"https:\/\/taski.com\/pl\/wp-json\/wp\/v2\/pages"}],"about":[{"href":"https:\/\/taski.com\/pl\/wp-json\/wp\/v2\/types\/page"}],"author":[{"embeddable":true,"href":"https:\/\/taski.com\/pl\/wp-json\/wp\/v2\/users\/1"}],"replies":[{"embeddable":true,"href":"https:\/\/taski.com\/pl\/wp-json\/wp\/v2\/comments?post=32733"}],"version-history":[{"count":0,"href":"https:\/\/taski.com\/pl\/wp-json\/wp\/v2\/pages\/32733\/revisions"}],"wp:attachment":[{"href":"https:\/\/taski.com\/pl\/wp-json\/wp\/v2\/media?parent=32733"}],"curies":[{"name":"wp","href":"https:\/\/api.w.org\/{rel}","templated":true}]}}