{"id":32689,"date":"2020-12-13T13:08:40","date_gmt":"2020-12-13T13:08:40","guid":{"rendered":"https:\/\/taski.com\/products\/carpet-care\/"},"modified":"2023-01-16T12:55:02","modified_gmt":"2023-01-16T12:55:02","slug":"carpet-care","status":"publish","type":"page","link":"https:\/\/taski.com\/pl\/products-innovations-solutions\/products\/carpet-care\/","title":{"rendered":"Czyszczenie Wyk\u0142adzin"},"content":{"rendered":"<div class=\"wpb-content-wrapper\"><p>[vc_row][vc_column]\n  <div class=\"page-intro-block size-fit-image style-dark font-large\">\n         <div class=\"page-intro-block-i\">\n      <div class=\"row\">\n        <div class=\"page-intro-content\">\n            <div class=\"title-block\">\n                                     <h2><span class=\"pt\">Czyszczenie Wyk\u0142adzin<\/span>Po\u0142\u0105czenie maszyn aquamat i procarpet <strong>to doskona\u0142e gruntowne czyszczenie i wyj\u0105tkowe suszenie<\/strong> dla najlepszych rezultat\u00f3w w swojej kategorii<\/h2>\n                                                 <\/div>\n            <div class=\"page-intro-image\">\n                                <div class=\"page-intro-image-alt\">\n                    \n                    <img decoding=\"async\" src=\"https:\/\/taski.com\/wp-content\/uploads\/2020\/12\/T2C0596-1-scaled.jpg\" alt=\"\" \/>\n\n                <\/div>\n            <\/div>\n        <\/div>\n      <\/div>\n\n\n    <\/div>\n  <\/div>\n  <div class=\"cl-fl\"><\/div>\n[\/vc_column][\/vc_row][vc_row css=&#8221;.vc_custom_1607709989392{background-color: #fafafa !important;}&#8221;][vc_column]\n  <div class=\"product-carousel-block\" style=\"\">\n    <div class=\"product-carousel-block-i\">\n\n             <div class=\"product-carousel-filter\">Filtruj wed\u0142ug typu &ndash; <a href=\"#\" class=\"active\" data-category=\"*\">Wszystko<\/a> | <a href=\"#\" class=\"\" data-category=\"pranie-metoda-kapsulkowa-pl\">Pranie metod\u0105 kapsu\u0142kow\u0105<\/a> | <a href=\"#\" class=\"\" data-category=\"pranie-ekstrakcyjne-pl\">Pranie ekstrakcyjne<\/a><\/div>\n     \n     <div class=\"product-carousel-wrapper\">\n      <div class=\"row\">\n       <div class=\"taski-carousel-holder\">\n        <div class=\"product-carousel owl-carousel owl-theme\" id=\"product-carousel\">\n\n           \n            <div class=\"item product-slide pielegnacja-wykladzin-pl pranie-ekstrakcyjne-pl\">\n              <div class=\"its-i\">\n                <div class=\"media-w\">\n                    <div class=\"image\">\n                      <div class=\"image-i\">\n                                                    <img decoding=\"async\" src=\"https:\/\/taski.com\/wp-content\/uploads\/2020\/12\/8003290_aquamat-10-1.jpg\" \/>\n                                              <\/div>\n                    <\/div>\n                <\/div>\n                <div class=\"text\">\n                    <div class=\"title\">aquamat 10.1<\/div>\n                    <p>Small lightweight spray extraction for carpets & upholstery<\/p>                    <div class=\"prod-page-view\"><a href=\"https:\/\/taski.com\/pl\/taski-products\/aquamat-10-1\/\" class=\"button\">Zobacz produkt<\/a><\/div>\n                <\/div>\n              <\/div>\n\n\n\n            <\/div>\n\n              \n            <div class=\"item product-slide pielegnacja-wykladzin-pl pranie-ekstrakcyjne-pl\">\n              <div class=\"its-i\">\n                <div class=\"media-w\">\n                    <div class=\"image\">\n                      <div class=\"image-i\">\n                                                    <img decoding=\"async\" src=\"https:\/\/taski.com\/wp-content\/uploads\/2020\/12\/8003450_aquamat20-1.jpg\" \/>\n                                              <\/div>\n                    <\/div>\n                <\/div>\n                <div class=\"text\">\n                    <div class=\"title\">aquamat 20<\/div>\n                    <p>Medium capacity spray extraction for carpets & upholstery<\/p>                    <div class=\"prod-page-view\"><a href=\"https:\/\/taski.com\/pl\/taski-products\/aquamat-20\/\" class=\"button\">Zobacz produkt<\/a><\/div>\n                <\/div>\n              <\/div>\n\n\n\n            <\/div>\n\n              \n            <div class=\"item product-slide pielegnacja-wykladzin-pl pranie-metoda-kapsulkowa-pl\">\n              <div class=\"its-i\">\n                <div class=\"media-w\">\n                    <div class=\"image\">\n                      <div class=\"image-i\">\n                                                    <img decoding=\"async\" src=\"https:\/\/taski.com\/wp-content\/uploads\/2020\/12\/procarpet-30.jpg\" \/>\n                                              <\/div>\n                    <\/div>\n                <\/div>\n                <div class=\"text\">\n                    <div class=\"title\">procarpet 30<\/div>\n                    <p>Medium 2in1 dual carpet extraction\/encapsulation for heavy duty cleaning<\/p>                    <div class=\"prod-page-view\"><a href=\"https:\/\/taski.com\/pl\/taski-products\/procarpet-30\/\" class=\"button\">Zobacz produkt<\/a><\/div>\n                <\/div>\n              <\/div>\n\n\n\n            <\/div>\n\n              \n            <div class=\"item product-slide pielegnacja-wykladzin-pl pranie-metoda-kapsulkowa-pl\">\n              <div class=\"its-i\">\n                <div class=\"media-w\">\n                    <div class=\"image\">\n                      <div class=\"image-i\">\n                                                    <img decoding=\"async\" src=\"https:\/\/taski.com\/wp-content\/uploads\/2020\/12\/procarpet-45_re-o.jpg\" \/>\n                                              <\/div>\n                    <\/div>\n                <\/div>\n                <div class=\"text\">\n                    <div class=\"title\">procarpet 45<\/div>\n                    <p>Large 2 in1 dual carpet extraction\/encapsulation for heavy duty cleaning of large areas<\/p>                    <div class=\"prod-page-view\"><a href=\"https:\/\/taski.com\/pl\/taski-products\/procarpet-45\/\" class=\"button\">Zobacz produkt<\/a><\/div>\n                <\/div>\n              <\/div>\n\n\n\n            <\/div>\n\n              \n\n\n        <\/div>\n        <div id=\"product-carousel-storage\" style=\"display:none !important; height:0;\">\n                       <div class=\"item product-slide pielegnacja-wykladzin-pl pranie-ekstrakcyjne-pl\">\n              <div class=\"its-i\">\n                <div class=\"media-w\">\n                    <div class=\"image\">\n                      <div class=\"image-i\">\n                                                    <img decoding=\"async\" src=\"https:\/\/taski.com\/wp-content\/uploads\/2020\/12\/8003290_aquamat-10-1.jpg\" \/>\n                                              <\/div>\n                    <\/div>\n                <\/div>\n                <div class=\"text\">\n                    <div class=\"title\">aquamat 10.1<\/div>\n                    <p>Small lightweight spray extraction for carpets & upholstery<\/p>                    <div class=\"prod-page-view\"><a href=\"https:\/\/taski.com\/pl\/taski-products\/aquamat-10-1\/\" class=\"button\">Zobacz produkt<\/a><\/div>\n                <\/div>\n              <\/div>\n            <\/div>\n                          <div class=\"item product-slide pielegnacja-wykladzin-pl pranie-ekstrakcyjne-pl\">\n              <div class=\"its-i\">\n                <div class=\"media-w\">\n                    <div class=\"image\">\n                      <div class=\"image-i\">\n                                                    <img decoding=\"async\" src=\"https:\/\/taski.com\/wp-content\/uploads\/2020\/12\/8003450_aquamat20-1.jpg\" \/>\n                                              <\/div>\n                    <\/div>\n                <\/div>\n                <div class=\"text\">\n                    <div class=\"title\">aquamat 20<\/div>\n                    <p>Medium capacity spray extraction for carpets & upholstery<\/p>                    <div class=\"prod-page-view\"><a href=\"https:\/\/taski.com\/pl\/taski-products\/aquamat-20\/\" class=\"button\">Zobacz produkt<\/a><\/div>\n                <\/div>\n              <\/div>\n            <\/div>\n                          <div class=\"item product-slide pielegnacja-wykladzin-pl pranie-metoda-kapsulkowa-pl\">\n              <div class=\"its-i\">\n                <div class=\"media-w\">\n                    <div class=\"image\">\n                      <div class=\"image-i\">\n                                                    <img decoding=\"async\" src=\"https:\/\/taski.com\/wp-content\/uploads\/2020\/12\/procarpet-30.jpg\" \/>\n                                              <\/div>\n                    <\/div>\n                <\/div>\n                <div class=\"text\">\n                    <div class=\"title\">procarpet 30<\/div>\n                    <p>Medium 2in1 dual carpet extraction\/encapsulation for heavy duty cleaning<\/p>                    <div class=\"prod-page-view\"><a href=\"https:\/\/taski.com\/pl\/taski-products\/procarpet-30\/\" class=\"button\">Zobacz produkt<\/a><\/div>\n                <\/div>\n              <\/div>\n            <\/div>\n                          <div class=\"item product-slide pielegnacja-wykladzin-pl pranie-metoda-kapsulkowa-pl\">\n              <div class=\"its-i\">\n                <div class=\"media-w\">\n                    <div class=\"image\">\n                      <div class=\"image-i\">\n                                                    <img decoding=\"async\" src=\"https:\/\/taski.com\/wp-content\/uploads\/2020\/12\/procarpet-45_re-o.jpg\" \/>\n                                              <\/div>\n                    <\/div>\n                <\/div>\n                <div class=\"text\">\n                    <div class=\"title\">procarpet 45<\/div>\n                    <p>Large 2 in1 dual carpet extraction\/encapsulation for heavy duty cleaning of large areas<\/p>                    <div class=\"prod-page-view\"><a href=\"https:\/\/taski.com\/pl\/taski-products\/procarpet-45\/\" class=\"button\">Zobacz produkt<\/a><\/div>\n                <\/div>\n              <\/div>\n            <\/div>\n                      <\/div>\n\n        <div class=\"product-carousel-navigation\">\n          <div class=\"nav-left\">\n            <a href=\"#\"><i class=\"fa fa-chevron-left\"><\/i><\/a>\n          <\/div>\n          <div class=\"nav-description\">\n\n          <\/div>\n          <div class=\"nav-right\">\n            <a href=\"#\"><i class=\"fa fa-chevron-right\"><\/i><\/a>\n          <\/div>\n        <\/div>\n       <\/div>\n      <\/div>\n     <\/div>\n\n\n\n\n   <\/div>\n  <\/div>\n  <div class=\"cl-fl\"><\/div>\n[\/vc_column][\/vc_row][vc_row css=&#8221;.vc_custom_1606587476742{padding-top: 80px !important;padding-bottom: 95px !important;}&#8221;][vc_column]\n  <div class=\"product-description-block style-dark image-right\">\n    <div class=\"product-description-block-i\">\n        <div class=\"product-description-block-content\">\n          <div class=\"product-description-block-title\">\n                            <div class=\"pdbt-icon\"><img decoding=\"async\" src=\"https:\/\/taski.com\/wp-content\/uploads\/2021\/02\/people-safety-white.png\" \/><\/div>\n                <div class=\"pdbt-text\">Do\u015bwiadczenia Twoich\/go\u015bci\/klient\u00f3w\/pacjent\u00f3w<\/div>\n                      <\/div>\n          <div class=\"product-description-block-text\"><p><strong>Dzia\u0142anie g<\/strong><span class=\"Y2IQFc\" lang=\"pl\"><strong>runtownie czyszcz\u0105cej szczotki<\/strong> z serii procarpet i <strong>mocne podw\u00f3jne punkty ss\u0105ce<\/strong> zapewniaj\u0105 doskona\u0142e <strong>rezultaty czyszczenia, kt\u00f3re zauwa\u017c\u0105 Twoi go\u015bcie, klienci i pacjenci.<\/strong><\/span><\/p>\n<\/div>\n        <\/div>\n        <div class=\"product-description-block-image\" style=\"background-image:url(https:\/\/taski.com\/wp-content\/uploads\/2021\/01\/Carpet-extraction-scaled.jpg)\">\n\n        <\/div>\n    <\/div>\n  <\/div>\n  <div class=\"cl-fl\"><\/div>\n\n  <div class=\"product-description-block style-light image-left\">\n    <div class=\"product-description-block-i\">\n        <div class=\"product-description-block-content\">\n          <div class=\"product-description-block-title\">\n                            <div class=\"pdbt-icon\"><img decoding=\"async\" src=\"https:\/\/taski.com\/wp-content\/uploads\/2020\/12\/brand-protection.svg\" \/><\/div>\n                <div class=\"pdbt-text\">Ochrona marki i jej aktyw\u00f3w<\/div>\n                      <\/div>\n          <div class=\"product-description-block-text\"><p><span class=\"Y2IQFc\" lang=\"pl\">Sprawne zaj\u0119cie si\u0119 \u015bwie\u017co powsta\u0142ym zabrudzeniem zapobiegnie\u00a0 przekszta\u0142ceniu si\u0119 w <strong>trwa\u0142\u0105 brzydk\u0105<\/strong> plam\u0119.<\/span><\/p>\n<p><span class=\"Y2IQFc\" lang=\"pl\">\u0141atwy w u\u017cyciu i lekki aquamat mo\u017ce by\u0107 <strong>gotowy do pracy w ci\u0105gu kilku minut.<\/strong><\/span><\/p>\n<p>Twoi go\u015bcie, klienci i pacjenci nie musz\u0105 o tym wiedzie\u0107.<\/p>\n<\/div>\n        <\/div>\n        <div class=\"product-description-block-image\" style=\"background-image:url(https:\/\/taski.com\/wp-content\/uploads\/2021\/01\/Spot-cleaning-scaled.jpg)\">\n\n        <\/div>\n    <\/div>\n  <\/div>\n  <div class=\"cl-fl\"><\/div>\n\n  <div class=\"product-description-block style-dark image-right\">\n    <div class=\"product-description-block-i\">\n        <div class=\"product-description-block-content\">\n          <div class=\"product-description-block-title\">\n                            <div class=\"pdbt-icon\"><img decoding=\"async\" src=\"https:\/\/taski.com\/wp-content\/uploads\/2020\/11\/globe.png\" \/><\/div>\n                <div class=\"pdbt-text\">Optymalizacja kapita\u0142u obrotowego<\/div>\n                      <\/div>\n          <div class=\"product-description-block-text\"><p><span class=\"Y2IQFc\" lang=\"pl\"><strong>Po co p\u0142aci\u0107 za drogie<\/strong> pranie wyk\u0142adzin zlecane firmie zewn\u0119trznej?<\/span><\/p>\n<p>Maszyna do prania dywan\u00f3w TASKI\u00a0 zwraca si\u0119 zwykle w czasie <strong>kr\u00f3tszym ni\u017c 12 miesi\u0119cy.<\/strong><\/p>\n<\/div>\n        <\/div>\n        <div class=\"product-description-block-image\" style=\"background-image:url(https:\/\/taski.com\/wp-content\/uploads\/2021\/01\/Carpet-extraction-2-scaled.jpg)\">\n\n        <\/div>\n    <\/div>\n  <\/div>\n  <div class=\"cl-fl\"><\/div>\n[\/vc_column][\/vc_row][vc_row][vc_column][vc_row_inner][vc_column_inner]\n  <div class=\"three-cta-block\">\n    <div class=\"three-cta-block-i\">\n      <div class=\"row\">\n        <div class=\"three-cta-block-grid\">\n           <div class=\"three-cta-item\">\n            <div class=\"tci-i\">\n             <div class=\"tci-item-content\">\n                <h5><strong>Zobacz nasze<\/strong><br \/>\nRozwi\u0105zania<br \/>\nBran\u017cowe<\/h5>\n                <a href=\"\/products-innovations-solutions\/\"><p>PRODUCTS,<br \/>SOLUTIONS &<br \/>INNOVATIONS<\/p><\/a>\n             <\/div>\n            <\/div>\n           <\/div>\n           <div class=\"three-cta-item\">\n            <div class=\"tci-i\">\n             <div class=\"tci-item-content\">\n                <h5><strong>Sprawd\u017a najnowsze<\/strong><br \/>\ninnowacje<br \/>\nTASKI<\/h5>\n                <a href=\"\/shop\/\"><p>MY<br \/>TASKI<br \/>SHOP<\/p><\/a>\n             <\/div>\n            <\/div>\n           <\/div>\n           <div class=\"three-cta-item\">\n            <div class=\"tci-i\">\n             <div class=\"tci-item-content\">\n                <h5><strong>Skontaktuj si\u0119<\/strong><br \/>\nz<br \/>\nnami<\/h5>\n                <a href=\"\/news-help-contacts\/\"><p>CONTACT<br \/>US<\/p><\/a>\n             <\/div>\n            <\/div>\n           <\/div>\n        <\/div>\n      <\/div>\n    <\/div>\n  <\/div>\n  <div class=\"cl-fl\"><\/div>\n[\/vc_column_inner][\/vc_row_inner][\/vc_column][\/vc_row]<\/p>\n<\/div>","protected":false},"excerpt":{"rendered":"<p>[vc_row][vc_column][\/vc_column][\/vc_row][vc_row css=&#8221;.vc_custom_1607709989392{background-color: #fafafa !important;}&#8221;][vc_column][\/vc_column][\/vc_row][vc_row css=&#8221;.vc_custom_1606587476742{padding-top: 80px !important;padding-bottom: 95px !important;}&#8221;][vc_column][\/vc_column][\/vc_row][vc_row][vc_column][vc_row_inner][vc_column_inner][\/vc_column_inner][\/vc_row_inner][\/vc_column][\/vc_row]<\/p>\n","protected":false},"author":1,"featured_media":0,"parent":32635,"menu_order":215,"comment_status":"closed","ping_status":"closed","template":"page-products.php","meta":{"_acf_changed":false,"_seopress_robots_primary_cat":"","_seopress_titles_title":"","_seopress_titles_desc":"","_seopress_robots_index":"","inline_featured_image":false,"footnotes":""},"class_list":["post-32689","page","type-page","status-publish","hentry"],"acf":[],"_links":{"self":[{"href":"https:\/\/taski.com\/pl\/wp-json\/wp\/v2\/pages\/32689","targetHints":{"allow":["GET"]}}],"collection":[{"href":"https:\/\/taski.com\/pl\/wp-json\/wp\/v2\/pages"}],"about":[{"href":"https:\/\/taski.com\/pl\/wp-json\/wp\/v2\/types\/page"}],"author":[{"embeddable":true,"href":"https:\/\/taski.com\/pl\/wp-json\/wp\/v2\/users\/1"}],"replies":[{"embeddable":true,"href":"https:\/\/taski.com\/pl\/wp-json\/wp\/v2\/comments?post=32689"}],"version-history":[{"count":0,"href":"https:\/\/taski.com\/pl\/wp-json\/wp\/v2\/pages\/32689\/revisions"}],"up":[{"embeddable":true,"href":"https:\/\/taski.com\/pl\/wp-json\/wp\/v2\/pages\/32635"}],"wp:attachment":[{"href":"https:\/\/taski.com\/pl\/wp-json\/wp\/v2\/media?parent=32689"}],"curies":[{"name":"wp","href":"https:\/\/api.w.org\/{rel}","templated":true}]}}