{"id":32665,"date":"2021-02-02T10:41:44","date_gmt":"2021-02-02T10:41:44","guid":{"rendered":"https:\/\/taski.com\/instructions-use\/"},"modified":"2023-01-16T12:19:49","modified_gmt":"2023-01-16T12:19:49","slug":"instructions-use","status":"publish","type":"page","link":"https:\/\/taski.com\/pl\/instructions-use\/","title":{"rendered":"Instrukcje u\u017cytkowania \/ Instrukcje obs\u0142ugi"},"content":{"rendered":"<div class=\"wpb-content-wrapper\"><p>[vc_row][vc_column]\n  <div class=\"main-banner-block full-width content-video-no\" style=\"background-image:url(https:\/\/taski.com\/wp-content\/uploads\/2020\/12\/Rental-scaled.jpg);\">\n         <div class=\"main-banner-block-i\">\n      <div class=\"row\">\n       <div class=\"mbb-fl\">\n        <div class=\"main-banner-block-content\">\n            <h2>Instrukcje u\u017cytkowania \/ Instrukcje obs\u0142ugi<br \/>\nPliki PDF's do pobrania<br \/>\ndla wszystkich maszyn TASKI<\/h2>\n            <div class=\"button-wrapper\">\n                        <\/div>\n        <\/div>\n               <\/div>\n      <\/div>\n\n\n    <\/div>\n  <\/div>\n  <div class=\"cl-fl\"><\/div>\n[\/vc_column][\/vc_row][vc_row][vc_column][vc_empty_space height=&#8221;50px&#8221;][vc_row_inner][vc_column_inner width=&#8221;1\/3&#8243;][vc_column_text]<\/p>\n<h3><strong>Urz\u0105dzenia do Maszynowego Czyszczenia Powierzchni Pod\u0142\u00f3g<\/strong><\/h3>\n<p>[\/vc_column_text][vc_column_text]<a href=\"https:\/\/taski.com\/wp-content\/uploads\/2020\/12\/User-manual-swingo-150E-V011.pdf\" target=\"_blank\" rel=\"noopener\">TASKI swingo 150E\u00a0<\/a><br \/>\n<a href=\"https:\/\/taski.com\/wp-content\/uploads\/2020\/12\/User-manual-swingo-150B-V001.pdf\" target=\"_blank\" rel=\"noopener\">TASKI swingo 150B<\/a><br \/>\n<a href=\"https:\/\/taski.com\/wp-content\/uploads\/2021\/06\/swingo-250%C2%B5icro-User-Manual-Europe-NA.pdf\" target=\"_blank\" rel=\"noopener\">TASKI swingo 250\u00b5icro EU-NA<\/a><br \/>\n<a href=\"https:\/\/taski.com\/wp-content\/uploads\/2021\/06\/swingo-250%C2%B5icro-User-Manual-Nordics.pdf\" target=\"_blank\" rel=\"noopener\">TASKI swingo 250\u00b5icro Nordics<\/a><br \/>\n<a href=\"https:\/\/taski.com\/wp-content\/uploads\/2021\/06\/swingo-250%C2%B5icro-User-Manual-Eastern-Europe.pdf\" target=\"_blank\" rel=\"noopener\">TASKI swingo 250\u00b5icro EE<\/a><br \/>\n<a href=\"https:\/\/taski.com\/wp-content\/uploads\/2021\/06\/swingo-250%C2%B5icro-User-Manual-MEA.pdf\" target=\"_blank\" rel=\"noopener\">TASKI swingo 250\u00b5icro MEA<\/a><br \/>\n<a href=\"https:\/\/taski.com\/wp-content\/uploads\/2021\/06\/swingo-250%C2%B5icro-User-Manual-APAC.pdf\" target=\"_blank\" rel=\"noopener\">TASKI swingo 250\u00b5icro APAC<\/a><br \/>\n<a href=\"https:\/\/taski.com\/wp-content\/uploads\/2020\/12\/User-manual-swingo-350B-V012.pdf\" target=\"_blank\" rel=\"noopener\">TASKI swingo 350B<\/a><br \/>\n<a href=\"https:\/\/taski.com\/wp-content\/uploads\/2020\/12\/swingo-350E-User-Manual.pdf\" target=\"_blank\" rel=\"noopener\">TASKI swingo 350E<\/a><br \/>\n<a href=\"https:\/\/taski.com\/wp-content\/uploads\/2022\/06\/User-manual-swingo-455B-V011-CH.pdf\" target=\"_blank\" rel=\"noopener\">TASKI swingo 455B CH<\/a><br \/>\n<a href=\"https:\/\/taski.com\/wp-content\/uploads\/2022\/06\/User-manual-swingo-455B-V002-AM.pdf\" target=\"_blank\" rel=\"noopener\">TASKI swingo 455B AM<\/a><br \/>\n<a href=\"https:\/\/taski.com\/wp-content\/uploads\/2022\/06\/User-manual-swingo-455B-V002-DDM.pdf\" target=\"_blank\" rel=\"noopener\">TASKI swingo 455B DDM<\/a><br \/>\n<a href=\"https:\/\/taski.com\/wp-content\/uploads\/2022\/06\/User-manual-swingo-455B-V002-EE.pdf\" target=\"_blank\" rel=\"noopener\">TASKI swingo 455B EE<\/a><br \/>\n<a href=\"https:\/\/taski.com\/wp-content\/uploads\/2022\/06\/User-manual-swingo-455B-V002-MEA.pdf\" target=\"_blank\" rel=\"noopener\">TASKI swingo 455B MEA<\/a><br \/>\n<a href=\"https:\/\/taski.com\/wp-content\/uploads\/2022\/06\/User-manual-swingo-455B-V002-APAC.pdf\" target=\"_blank\" rel=\"noopener\">TASKI swingo 455B APAC<\/a><br \/>\n<a href=\"https:\/\/taski.com\/wp-content\/uploads\/2020\/12\/User-manual-swingo-455E-V006.pdf\" target=\"_blank\" rel=\"noopener\">TASKI swingo 455E<\/a><br \/>\n<a href=\"https:\/\/taski.com\/wp-content\/uploads\/2020\/12\/swingo-755-Eco-User-Manual.pdf\" target=\"_blank\" rel=\"noopener\">TASKI swingo 755B\/855B Economy<\/a><br \/>\n<a href=\"https:\/\/taski.com\/wp-content\/uploads\/2020\/12\/User-manual-swingo-755B-1255B-V013-CH.pdf\" target=\"_blank\" rel=\"noopener\">TASKI swingo 755B\/855B\/955B\/1255B Power CH<\/a><br \/>\n<a href=\"https:\/\/taski.com\/wp-content\/uploads\/2020\/12\/User-manual-swingo-755B-1255B-V001-AM.pdf\" target=\"_blank\" rel=\"noopener\">TASKI swingo 755B\/855B\/955B\/1255B Power AM<\/a><br \/>\n<a href=\"https:\/\/taski.com\/wp-content\/uploads\/2020\/12\/User-manual-swingo-755B-1255B-V001-DDM.pdf\" target=\"_blank\" rel=\"noopener\">TASKI swingo 755B\/855B\/955B\/1255B Power DDM<\/a><br \/>\n<a href=\"https:\/\/taski.com\/wp-content\/uploads\/2020\/12\/User-manual-swingo-755B-1255B-V001-EE.pdf\" target=\"_blank\" rel=\"noopener\">TASKI swingo 755B\/855B\/955B\/1255B Power EE<\/a><br \/>\n<a href=\"https:\/\/taski.com\/wp-content\/uploads\/2020\/12\/User-manual-swingo-755B-1255B-V001-MEA.pdf\" target=\"_blank\" rel=\"noopener\">TASKI swingo 755B\/855B\/955B\/1255B Power MEA<\/a><br \/>\n<a href=\"https:\/\/taski.com\/wp-content\/uploads\/2020\/12\/User-manual-swingo-755B-1255B-V001-APAC.pdf\" target=\"_blank\" rel=\"noopener\">TASKI swingo 755B\/855B\/955B\/1255B Power APAC<\/a><br \/>\n<a href=\"https:\/\/taski.com\/wp-content\/uploads\/2020\/12\/User-manual-swingo-755E_1255E-V008.pdf\" target=\"_blank\" rel=\"noopener\">TASKI swingo 755E\/1255E<\/a><br \/>\n<a href=\"https:\/\/taski.com\/wp-content\/uploads\/2022\/06\/User-manual-swingo-760E-V005.pdf\" target=\"_blank\" rel=\"noopener\">TASKI swingo 760E<\/a><br \/>\n<a href=\"https:\/\/taski.com\/wp-content\/uploads\/2022\/01\/User-manual-swingo-1260B-V006.pdf\" target=\"_blank\" rel=\"noopener\">TASKI swingo 1260B<\/a><br \/>\n<a href=\"https:\/\/taski.com\/wp-content\/uploads\/2021\/11\/User-manual-swingo-1650_1850-V010-CH.pdf\" target=\"_blank\" rel=\"noopener\">TASKI swingo 1650\/1850 CH<\/a><br \/>\n<a href=\"https:\/\/taski.com\/wp-content\/uploads\/2021\/11\/User-manual-swingo-1650_1850-V001-AM.pdf\" target=\"_blank\" rel=\"noopener\">TASKI swingo 1650\/1850 AM<\/a><br \/>\n<a href=\"https:\/\/taski.com\/wp-content\/uploads\/2021\/11\/User-manual-swingo-1650_1850-V001-DDM.pdf\" target=\"_blank\" rel=\"noopener\">TASKI swingo 1650\/1850 DDM<\/a><br \/>\n<a href=\"https:\/\/taski.com\/wp-content\/uploads\/2021\/11\/User-manual-swingo-1650_1850-V001-EE.pdf\" target=\"_blank\" rel=\"noopener\">TASKI swingo 1650\/1850 EE<\/a><br \/>\n<a href=\"https:\/\/taski.com\/wp-content\/uploads\/2021\/11\/User-manual-swingo-1650_1850-V001-MEA.pdf\" target=\"_blank\" rel=\"noopener\">TASKI swingo 1650\/1850 MEA<\/a><br \/>\n<a href=\"https:\/\/taski.com\/wp-content\/uploads\/2021\/11\/User-manual-swingo-1650_1850-V001-APAC.pdf\" target=\"_blank\" rel=\"noopener\">TASKI swingo 1650\/1850 APAC<\/a><br \/>\n<a href=\"https:\/\/taski.com\/wp-content\/uploads\/2022\/01\/User-manual-swingo-1655_1855XD-V002.pdf\" target=\"_blank\" rel=\"noopener\">TASKI swingo 1655_1855XD<\/a><br \/>\n<a href=\"https:\/\/taski.com\/wp-content\/uploads\/2022\/01\/User-manual-swingo-1660_V006.pdf\" target=\"_blank\" rel=\"noopener\">TASKI swingo 1660<\/a><br \/>\n<a href=\"https:\/\/taski.com\/wp-content\/uploads\/2020\/12\/User-manual-swingo-2100%C2%B5icro-V004-CH.pdf\" target=\"_blank\" rel=\"noopener\">TASKI swingo 2100\u00b5icro CH<\/a><br \/>\n<a href=\"https:\/\/taski.com\/wp-content\/uploads\/2020\/12\/User-manual-swingo-2100%C2%B5icro-V001-AM.pdf\" target=\"_blank\" rel=\"noopener\">TASKI swingo 2100\u00b5icro AM<\/a><br \/>\n<a href=\"https:\/\/taski.com\/wp-content\/uploads\/2020\/12\/User-manual-swingo-2100%C2%B5icro-V001-DDM.pdf\" target=\"_blank\" rel=\"noopener\">TASKI swingo 2100\u00b5icro DDM<\/a><br \/>\n<a href=\"https:\/\/taski.com\/wp-content\/uploads\/2020\/12\/User-manual-swingo-2100%C2%B5icro-V001-EE.pdf\" target=\"_blank\" rel=\"noopener\">TASKI swingo 2100\u00b5icro EE<\/a><br \/>\n<a href=\"https:\/\/taski.com\/wp-content\/uploads\/2020\/12\/User-manual-swingo-2100%C2%B5icro-V001-MEA.pdf\" target=\"_blank\" rel=\"noopener\">TASKI swingo 2100\u00b5icro MEA<\/a><br \/>\n<a href=\"https:\/\/taski.com\/wp-content\/uploads\/2020\/12\/User-manual-swingo-2100%C2%B5icro-V001-APAC.pdf\" target=\"_blank\" rel=\"noopener\">TASKI swingo 2100\u00b5icro APAC<\/a><br \/>\n<a href=\"https:\/\/taski.com\/wp-content\/uploads\/2022\/06\/User-manual-swingo-2500-V009-CH.pdf\" target=\"_blank\" rel=\"noopener\">TASKI swingo 2500 CH<\/a><br \/>\n<a href=\"https:\/\/taski.com\/wp-content\/uploads\/2022\/06\/User-manual-swingo-2500-V001-AM.pdf\" target=\"_blank\" rel=\"noopener\">TASKI swingo 2500 AM<\/a><br \/>\n<a href=\"https:\/\/taski.com\/wp-content\/uploads\/2022\/06\/User-manual-swingo-2500-V001-DDM.pdf\" target=\"_blank\" rel=\"noopener\">TASKI swingo 2500 DDM<\/a><br \/>\n<a href=\"https:\/\/taski.com\/wp-content\/uploads\/2022\/06\/User-manual-swingo-2500-V001-EE.pdf\" target=\"_blank\" rel=\"noopener\">TASKI swingo 2500 EE<\/a><br \/>\n<a href=\"https:\/\/taski.com\/wp-content\/uploads\/2022\/06\/User-manual-swingo-2500-V001-MEA.pdf\" target=\"_blank\" rel=\"noopener\">TASKI swingo 2500 MEA<\/a><br \/>\n<a href=\"https:\/\/taski.com\/wp-content\/uploads\/2022\/06\/User-manual-swingo-2500-V001-APAC.pdf\" target=\"_blank\" rel=\"noopener\">TASKI swingo 2500 APAC<\/a><br \/>\n<a href=\"https:\/\/taski.com\/wp-content\/uploads\/2020\/12\/User-manual-swingo-4000_5000-V009.pdf\" target=\"_blank\" rel=\"noopener\">TASKI swingo 4000\/5000<\/a><br \/>\n<a href=\"https:\/\/taski.com\/wp-content\/uploads\/2020\/12\/User-manual-swingo-XP-R_XP-M_V004.pdf\" target=\"_blank\" rel=\"noopener\">TASKI swingo XP-R\/XP-M<\/a><br \/>\n<a href=\"https:\/\/taski.com\/wp-content\/uploads\/2020\/12\/swingo-XP-IntelliSweep-User-Manual.pdf\" target=\"_blank\" rel=\"noopener\">TASKI swingo XP-M IntelliSweep<\/a><br \/>\n<a href=\"https:\/\/taski.com\/wp-content\/uploads\/2022\/06\/User-manual-IntelliDose-V011.pdf\" target=\"_blank\" rel=\"noopener\">TASKI IntelliDose<\/a><br \/>\n<a href=\"https:\/\/taski.com\/wp-content\/uploads\/2021\/05\/swingo-2100\u00b5icro-AERO-3500-IntelliSpray_User-manual.pdf\" target=\"_blank\" rel=\"noopener\">TASKI IntelliSpray swingo 2100<\/a><br \/>\n<a href=\"https:\/\/taski.com\/wp-content\/uploads\/2020\/12\/User-manual-IntelliSpray-4000_5000-V001.pdf\" target=\"_blank\" rel=\"noopener\">TASKI IntelliSpray swingo 4000\/5000<\/a><br \/>\n<a href=\"https:\/\/taski.com\/wp-content\/uploads\/2022\/04\/User-manual-ULTIMAXX-1900_2900-V002-CH.pdf\" target=\"_blank\" rel=\"noopener\">TASKI ULTIMAXX 1900\/2900 CH<\/a><br \/>\n<a href=\"https:\/\/taski.com\/wp-content\/uploads\/2022\/04\/User-manual-ULTIMAXX-1900_2900-V002-AM.pdf\" target=\"_blank\" rel=\"noopener\">TASKI ULTIMAXX 1900\/2900 AM<\/a><br \/>\n<a href=\"https:\/\/taski.com\/wp-content\/uploads\/2022\/04\/User-manual-ULTIMAXX-1900_2900-V002-DDM.pdf\" target=\"_blank\" rel=\"noopener\">TASKI ULTIMAXX 1900\/2900 DDM<\/a><br \/>\n<a href=\"https:\/\/taski.com\/wp-content\/uploads\/2022\/04\/User-manual-ULTIMAXX-1900_2900-V002-EE.pdf\" target=\"_blank\" rel=\"noopener\">TASKI ULTIMAXX 1900\/2900 EE<\/a><br \/>\n<a href=\"https:\/\/taski.com\/wp-content\/uploads\/2022\/04\/User-manual-ULTIMAXX-1900_2900-V002-MEA.pdf\" target=\"_blank\" rel=\"noopener\">TASKI ULTIMAXX 1900\/2900 MEA<\/a><br \/>\n<a href=\"https:\/\/taski.com\/wp-content\/uploads\/2022\/04\/User-manual-ULTIMAXX-1900_2900-V002-APAC.pdf\" target=\"_blank\" rel=\"noopener\">TASKI ULTIMAXX 1900\/2900 APAC<\/a>[\/vc_column_text][\/vc_column_inner][vc_column_inner width=&#8221;1\/3&#8243;][vc_column_text]<\/p>\n<h3><strong>Odkurzacze<\/strong><\/h3>\n<p>[\/vc_column_text][vc_column_text]<a href=\"https:\/\/taski.com\/wp-content\/uploads\/2020\/12\/AERO-8-15-User-Manual.pdf\" target=\"_blank\" rel=\"noopener\">TASKI AERO 8\/15 PLUS\u00a0\/ 15 Power<\/a><br \/>\n<a href=\"https:\/\/taski.com\/wp-content\/uploads\/2020\/12\/AERO-8_15-NA-User-Manual.pdf\" target=\"_blank\" rel=\"noopener\">TASKI AERO 8\/15 PLUS NA<\/a><br \/>\n<a href=\"https:\/\/taski.com\/wp-content\/uploads\/2020\/12\/User-manual-jet-38_50-V009-1.pdf\" target=\"_blank\" rel=\"noopener\">TASKI jet 38\/50<\/a><br \/>\n<a href=\"https:\/\/taski.com\/wp-content\/uploads\/2020\/12\/User-manual-vacumat-12_22_22T-V016-1.pdf\" target=\"_blank\" rel=\"noopener\">TASKI vacumat 12\/22\/22T<\/a><br \/>\n<a href=\"https:\/\/taski.com\/wp-content\/uploads\/2020\/12\/User-manual-vacumat-44T-V009.pdf\" target=\"_blank\" rel=\"noopener\">TASKI vacumat 44T<\/a><br \/>\n<a href=\"https:\/\/taski.com\/wp-content\/uploads\/2020\/12\/Go-User-Manual-1.pdf\" target=\"_blank\" rel=\"noopener\">TASKI go<\/a><a href=\"http:\/\/www.taski.com\/files\/PLDC03838-05%20MANUALE%20TASKI%20GO(1).pdf\" target=\"_blank\" rel=\"noopener\"><br \/>\nT<\/a><a href=\"https:\/\/taski.com\/wp-content\/uploads\/2020\/12\/User-manual-AERO-BP_V004-1.pdf\" target=\"_blank\" rel=\"noopener\">ASKI AERO BP<br \/>\n<\/a><a href=\"https:\/\/taski.com\/wp-content\/uploads\/2021\/02\/User-manual-AERO-3500%C2%B5icro-V002-CH.pdf\" target=\"_blank\" rel=\"noopener\">TASKI AERO 3500\u00b5icro CH<\/a><br \/>\n<a href=\"https:\/\/taski.com\/wp-content\/uploads\/2021\/02\/User-manual-AERO-3500%C2%B5icro-V001-AM.pdf\" target=\"_blank\" rel=\"noopener\">TASKI AERO 3500\u00b5icro AM<\/a><br \/>\n<a href=\"https:\/\/taski.com\/wp-content\/uploads\/2021\/02\/User-manual-AERO-3500%C2%B5icro-V001-EE.pdf\" target=\"_blank\" rel=\"noopener\">TASKI AERO 3500\u00b5icro EE<\/a><br \/>\n<a href=\"https:\/\/taski.com\/wp-content\/uploads\/2021\/02\/User-manual-AERO-3500%C2%B5icro-V001-DDM.pdf\" target=\"_blank\" rel=\"noopener\">TASKI AERO 3500\u00b5icro DDM<\/a><br \/>\n<a href=\"https:\/\/taski.com\/wp-content\/uploads\/2021\/02\/User-manual-AERO-3500%C2%B5icro-V001-MEA.pdf\" target=\"_blank\" rel=\"noopener\">TASKI AERO 3500\u00b5icro MEA<\/a><br \/>\n<a href=\"https:\/\/taski.com\/wp-content\/uploads\/2021\/02\/User-manual-AERO-3500%C2%B5icro-V001-APAC.pdf\" target=\"_blank\" rel=\"noopener\">TASKI AERO 3500\u00b5icro APAC<\/a><br \/>\n<a href=\"https:\/\/taski.com\/wp-content\/uploads\/2021\/05\/swingo-2100\u00b5icro-AERO-3500-IntelliSpray_User-manual.pdf\">TASKI AERO 3500micro IntelliSpray<\/a><br \/>\n<a href=\"https:\/\/taski.com\/wp-content\/uploads\/2020\/12\/User-manual-AERO-UP-V002.pdf\" target=\"_blank\" rel=\"noopener\">TASKI AERO UP\u00a0<\/a>[\/vc_column_text][vc_column_text]<\/p>\n<h3><strong>Pranie wyk\u0142adzin<\/strong><\/h3>\n<p>[\/vc_column_text][vc_column_text]<a href=\"https:\/\/taski.com\/wp-content\/uploads\/2020\/12\/User-manual-aquamat-10.1-V016.pdf\" target=\"_blank\" rel=\"noopener\">TASKI aquamat 10.1<\/a><br \/>\n<a href=\"https:\/\/taski.com\/wp-content\/uploads\/2020\/12\/User-manual-aquamat-20-V016-1.pdf\" target=\"_blank\" rel=\"noopener\">TASKI aquamat 20<\/a><br \/>\n<a href=\"https:\/\/taski.com\/wp-content\/uploads\/2020\/12\/User-manual-procarpet-30-V007.pdf\" target=\"_blank\" rel=\"noopener\">TASKI procarpet 30<\/a><br \/>\n<a href=\"http:\/\/www.taski.com\/files\/TASKI%20procarpet%2045%20-%2012091-04_V008_1936.pdf\" target=\"_blank\" rel=\"noopener\">TASKI procarpet 45<\/a><br \/>\n<a href=\"https:\/\/taski.com\/wp-content\/uploads\/2022\/06\/User-manual-foam-generator-2-V019.pdf\" target=\"_blank\" rel=\"noopener\">TASKI foam generator 2<\/a>[\/vc_column_text][vc_column_text]<\/p>\n<h3><strong>Zamiatarki<\/strong><\/h3>\n<p><a href=\"https:\/\/taski.com\/wp-content\/uploads\/2022\/03\/Instructions-of-use_balimat-45.pdf\" target=\"_blank\" rel=\"noopener\">TASKI balimat 45<\/a><br \/>\n<a href=\"https:\/\/taski.com\/wp-content\/uploads\/2021\/04\/User-manual-balimat-2300-EN.pdf\" target=\"_blank\" rel=\"noopener\">TASKI balimat 2300<\/a><br \/>\n<a href=\"https:\/\/taski.com\/wp-content\/uploads\/2021\/04\/User-manual-balimat-3300-en.pdf\" target=\"_blank\" rel=\"noopener\">TASKI balimat 3300<\/a><br \/>\n<a href=\"https:\/\/taski.com\/wp-content\/uploads\/2021\/04\/User-manual-balimat-6500-HD_EN.pdf\" target=\"_blank\" rel=\"noopener\">TASKI balimat 6500 &amp; HD<\/a>[\/vc_column_text][\/vc_column_inner][vc_column_inner width=&#8221;1\/3&#8243;][vc_column_text]<\/p>\n<h3><strong>Urz\u0105dzenia jednotarczowe<\/strong><\/h3>\n<p>[\/vc_column_text][vc_column_text]<a href=\"https:\/\/taski.com\/wp-content\/uploads\/2020\/12\/User-manual-ergodisc-165....duo-V018-1.pdf\" target=\"_blank\" rel=\"noopener\">TASKI ergodisc 165\/175\/200\/238\/300\/400\/438 duo<\/a><br \/>\n<a href=\"https:\/\/taski.com\/wp-content\/uploads\/2020\/12\/User-manual-ergodisc-1200-V018.pdf\" target=\"_blank\" rel=\"noopener\">TASKI ergodisc 1200<\/a><br \/>\n<a href=\"https:\/\/taski.com\/wp-content\/uploads\/2022\/06\/User-manual-ergodisc-2000-V010.pdf\" target=\"_blank\" rel=\"noopener\">TASKI ergodisc 2000<\/a><br \/>\n<a href=\"https:\/\/taski.com\/wp-content\/uploads\/2020\/12\/User-manual-ergodisc-HD-V006.pdf\" target=\"_blank\" rel=\"noopener\">TASKI ergodisc HD<\/a><br \/>\n<a href=\"https:\/\/taski.com\/wp-content\/uploads\/2020\/12\/User-manual-ergodisc-omni-V017.pdf\" target=\"_blank\" rel=\"noopener\">TASKI ergodisc omni<\/a><br \/>\n<a href=\"https:\/\/taski.com\/wp-content\/uploads\/2020\/12\/User-manual-suction-unit-V008.pdf\" target=\"_blank\" rel=\"noopener\">TASKI suction unit<\/a>[\/vc_column_text][vc_column_text]<\/p>\n<h3><strong>Roboty<\/strong><\/h3>\n<p>[\/vc_column_text][vc_column_text]<a href=\"https:\/\/taski.com\/wp-content\/uploads\/2022\/06\/User-manual-swingobot-2000-V004.pdf\" target=\"_blank\" rel=\"noopener\">TASKI SWINGOBOT 2000<\/a>[\/vc_column_text][vc_column_text]<\/p>\n<h3><strong>Urz\u0105dzenia do Czyszczenia Parowego i Opryskiwacze<\/strong><\/h3>\n<p>[\/vc_column_text][vc_column_text]<a href=\"https:\/\/taski.com\/wp-content\/uploads\/2020\/12\/User-Manual-TASKI-SO4-1220.pdf\" target=\"_blank\" rel=\"noopener\">TASKI Steam SO4<\/a><br \/>\n<a href=\"https:\/\/taski.com\/wp-content\/uploads\/2020\/12\/User-Manual-TASKI-SV4-1120.pdf\" target=\"_blank\" rel=\"noopener\">TASKI Steam SV4<\/a><br \/>\n<a href=\"https:\/\/taski.com\/wp-content\/uploads\/2020\/12\/User-Manual-TASKI-SDV81-1220.pdf\" target=\"_blank\" rel=\"noopener\">TASKI Steam SDV8<\/a><br \/>\n<a href=\"http:\/\/www.taski.com\/files\/12097802%20Einlageblatt%20TASKI%20Sprayer%20BP%2015_EN_ES_FR_PT_v0620_p.pdf\" target=\"_blank\" rel=\"noopener\">TASKI Sprayer BP 15 Li Ion<\/a>[\/vc_column_text][\/vc_column_inner][\/vc_row_inner][\/vc_column][\/vc_row][vc_row][vc_column][vc_empty_space height=&#8221;50px&#8221;][\/vc_column][\/vc_row]<\/p>\n<\/div>","protected":false},"excerpt":{"rendered":"<p>[vc_row][vc_column][\/vc_column][\/vc_row][vc_row][vc_column][vc_empty_space height=&#8221;50px&#8221;][vc_row_inner][vc_column_inner width=&#8221;1\/3&#8243;][vc_column_text] Urz\u0105dzenia do Maszynowego Czyszczenia Powierzchni Pod\u0142\u00f3g [\/vc_column_text][vc_column_text]TASKI swingo 150E\u00a0 TASKI swingo 150B TASKI swingo 250\u00b5icro EU-NA TASKI swingo 250\u00b5icro Nordics TASKI swingo 250\u00b5icro EE TASKI swingo 250\u00b5icro MEA TASKI swingo 250\u00b5icro APAC TASKI swingo 350B TASKI swingo 350E TASKI swingo 455B CH TASKI swingo 455B AM TASKI swingo 455B DDM TASKI swingo [&hellip;]<\/p>\n","protected":false},"author":1,"featured_media":0,"parent":0,"menu_order":93,"comment_status":"closed","ping_status":"closed","template":"","meta":{"_acf_changed":false,"_seopress_robots_primary_cat":"","_seopress_titles_title":"","_seopress_titles_desc":"","_seopress_robots_index":"","inline_featured_image":false,"footnotes":""},"class_list":["post-32665","page","type-page","status-publish","hentry"],"acf":[],"_links":{"self":[{"href":"https:\/\/taski.com\/pl\/wp-json\/wp\/v2\/pages\/32665","targetHints":{"allow":["GET"]}}],"collection":[{"href":"https:\/\/taski.com\/pl\/wp-json\/wp\/v2\/pages"}],"about":[{"href":"https:\/\/taski.com\/pl\/wp-json\/wp\/v2\/types\/page"}],"author":[{"embeddable":true,"href":"https:\/\/taski.com\/pl\/wp-json\/wp\/v2\/users\/1"}],"replies":[{"embeddable":true,"href":"https:\/\/taski.com\/pl\/wp-json\/wp\/v2\/comments?post=32665"}],"version-history":[{"count":0,"href":"https:\/\/taski.com\/pl\/wp-json\/wp\/v2\/pages\/32665\/revisions"}],"wp:attachment":[{"href":"https:\/\/taski.com\/pl\/wp-json\/wp\/v2\/media?parent=32665"}],"curies":[{"name":"wp","href":"https:\/\/api.w.org\/{rel}","templated":true}]}}