{"id":32649,"date":"2021-07-29T12:36:54","date_gmt":"2021-07-29T12:36:54","guid":{"rendered":"https:\/\/taski.com\/taski-ten\/"},"modified":"2022-11-17T14:42:41","modified_gmt":"2022-11-17T14:42:41","slug":"taski-ten","status":"publish","type":"page","link":"https:\/\/taski.com\/pl\/taski-ten\/","title":{"rendered":"TASKI TEN"},"content":{"rendered":"<div class=\"wpb-content-wrapper\"><p>[vc_row][vc_column]\n  <div class=\"main-banner-block half-blocks content-video-no\" style=\"background-image:url(https:\/\/taski.com\/wp-content\/uploads\/2021\/07\/TT-screen-shotv1.png);\">\n     <iframe loading=\"lazy\" src=\"https:\/\/player.vimeo.com\/video\/580143610?autoplay=1&loop=1&autopause=0&muted=1&background=1\" id=\"myBannerVideo\" width=\"100%\" height=\"100%\" frameborder=\"0\" allow=\"autoplay; fullscreen\" allowfullscreen style=\"background:#000;\"><\/iframe>    <div class=\"main-banner-block-i\">\n      <div class=\"row\">\n       <div class=\"mbb-fl\">\n        <div class=\"main-banner-block-content\">\n            <h2>Przedstawiamy <strong>TASKI 10<\/strong><br \/>\nczyli DZIESI\u0118\u0106 najlepszych maszyn czyszcz\u0105cych TASKI, kt\u00f3re mog\u0105 by\u0107 Twoje<\/h2>\n            <div class=\"button-wrapper\">\n            <div class=\"single-button\"><a href=\"https:\/\/www.linkedin.com\/feed\/update\/urn:li:activity:6826477617277935616\">Wejd\u017a na nasz\u0105 stron\u0119 LinkedIn<\/a><\/div>            <\/div>\n        <\/div>\n               <\/div>\n      <\/div>\n\n\n    <\/div>\n  <\/div>\n  <div class=\"cl-fl\"><\/div>\n[\/vc_column][\/vc_row][vc_row][vc_column]\n  <div class=\"page-description-block style-dark\">\n    <div class=\"page-description-block-i\">\n      <div class=\"row\">\n        <div class=\"page-description-content\">\n          <\/div><\/div><\/div><\/div><\/p>\n<h3>W ci\u0105gu najbli\u017cszych paru tygodni, rozdamy 10 maszyn TASKI na naszej stronie\u00a0 LinkedIn!!!<\/h3>\n<p>Aby mie\u0107 szanse na wygran\u0105, <a href=\"https:\/\/www.linkedin.com\/feed\/update\/urn:li:activity:6826477617277935616\">zaobserwuj nas<\/a> a kiedy pojawi si\u0119 post, po prostu post\u0119puj zgodnie z wytycznymi.<\/p>\n<h3>Powodzenia!\u200b<\/h3>\n<p>&nbsp;<\/p>\n<p><em><a href=\"https:\/\/stage.taski.com\/taski-ten-tcs\/\">Zasady i Warunki<\/a><\/em><\/p>\n        <\/div>\n      \n    \n  \n  <div class=\"cl-fl\"><\/div>\n[\/vc_column][\/vc_row]\n","protected":false},"excerpt":{"rendered":"<p>[vc_row][vc_column][\/vc_column][\/vc_row][vc_row][vc_column][\/vc_column][\/vc_row]<\/p>\n","protected":false},"author":1,"featured_media":0,"parent":0,"menu_order":77,"comment_status":"closed","ping_status":"closed","template":"","meta":{"_acf_changed":false,"_seopress_robots_primary_cat":"","_seopress_titles_title":"","_seopress_titles_desc":"","_seopress_robots_index":"","inline_featured_image":false,"footnotes":""},"class_list":["post-32649","page","type-page","status-publish","hentry"],"acf":[],"_links":{"self":[{"href":"https:\/\/taski.com\/pl\/wp-json\/wp\/v2\/pages\/32649","targetHints":{"allow":["GET"]}}],"collection":[{"href":"https:\/\/taski.com\/pl\/wp-json\/wp\/v2\/pages"}],"about":[{"href":"https:\/\/taski.com\/pl\/wp-json\/wp\/v2\/types\/page"}],"author":[{"embeddable":true,"href":"https:\/\/taski.com\/pl\/wp-json\/wp\/v2\/users\/1"}],"replies":[{"embeddable":true,"href":"https:\/\/taski.com\/pl\/wp-json\/wp\/v2\/comments?post=32649"}],"version-history":[{"count":0,"href":"https:\/\/taski.com\/pl\/wp-json\/wp\/v2\/pages\/32649\/revisions"}],"wp:attachment":[{"href":"https:\/\/taski.com\/pl\/wp-json\/wp\/v2\/media?parent=32649"}],"curies":[{"name":"wp","href":"https:\/\/api.w.org\/{rel}","templated":true}]}}