{"id":9110,"date":"2021-02-10T11:02:55","date_gmt":"2021-02-10T11:02:55","guid":{"rendered":"https:\/\/taski.com\/legge-californiana-sulla-privacy-del-consumatore-ccpa\/"},"modified":"2021-04-18T09:44:09","modified_gmt":"2021-04-18T09:44:09","slug":"legge-californiana-sulla-privacy-del-consumatore-ccpa","status":"publish","type":"page","link":"https:\/\/taski.com\/it\/legge-californiana-sulla-privacy-del-consumatore-ccpa\/","title":{"rendered":"LEGGE CALIFORNIANA SULLA PRIVACY DEL CONSUMATORE (CCPA)"},"content":{"rendered":"<p><span style=\"font-weight: 400;\">Il California Consumer Privacy Act (&#8220;CCPA&#8221;) \u00e8 una legge che ha lo scopo di proteggere i residenti dello Stato della California.<\/span><\/p>\n<p><span style=\"font-weight: 400;\">I consumatori che sono legalmente residenti in California e che hanno optato per la raccolta dei loro dati, in qualsiasi momento possono richiedere la cancellazione delle loro informazioni di identificazione personale. I dati che sono facilmente disponibili al pubblico non sono inclusi nel California Consumer Protection Act. I dati che sono considerati Non-Personal Identifiable Information non sono inclusi nel California Consumer Privacy Act, che permette a terze parti per soluzioni legate al business. Affinch\u00e9 la raccolta dei dati si verifichi, tu, in qualit\u00e0 di consumatore, hai almeno 16 anni di et\u00e0 e successivamente hai deciso di acconsentire alla raccolta e alla vendita dei dati personali.<\/span><\/p>\n<p><span style=\"font-weight: 400;\">Lo scopo della raccolta dei dati permette a TASKI, e alle nostre terze parti di fiducia (piattaforme di Data Management, inserzionisti e consulenti legali), di utilizzare e trasferire i dati per quanto segue: aggregare i dati per creare personalizzazione e targeting per pubblicit\u00e0 mirata, misurazione, analisi e ricerca.<\/span><\/p>\n<p><span style=\"font-weight: 400;\">I profili personalizzati creati dai dati possono includere quanto segue:<\/span><\/p>\n<ul>\n<li style=\"font-weight: 400;\" aria-level=\"1\"><span style=\"font-weight: 400;\">Nome e cognome<\/span><\/li>\n<li style=\"font-weight: 400;\" aria-level=\"1\"><span style=\"font-weight: 400;\">Indirizzo e-mail<\/span><\/li>\n<li style=\"font-weight: 400;\" aria-level=\"1\"><span style=\"font-weight: 400;\">ID della pubblicit\u00e0<\/span><\/li>\n<li style=\"font-weight: 400;\" aria-level=\"1\"><span style=\"font-weight: 400;\">ID dei pixel o dei cookie<\/span><\/li>\n<li style=\"font-weight: 400;\" aria-level=\"1\"><span style=\"font-weight: 400;\">Indirizzo di protocollo Internet (&#8220;indirizzo IP&#8221;)<\/span><\/li>\n<li style=\"font-weight: 400;\" aria-level=\"1\"><span style=\"font-weight: 400;\">Informazioni commerciali<\/span><\/li>\n<li style=\"font-weight: 400;\" aria-level=\"1\"><span style=\"font-weight: 400;\">Attivit\u00e0 mobile<\/span><\/li>\n<\/ul>\n<p><span style=\"font-weight: 400;\">Si prega di notare che in questo modo si esce solo dal sito web di TASKI e si continuer\u00e0 a ricevere pubblicit\u00e0 su internet. Puoi anche visualizzare la nostra politica sulla privacy completa <\/span><a href=\"https:\/\/taski.com\/privacy-policy\/\" target=\"_blank\" rel=\"noopener\"><span style=\"font-weight: 400;\">qui<\/span><\/a><span style=\"font-weight: 400;\">.<\/span><\/p>\n<p><span style=\"font-weight: 400;\">I residenti in California che non desiderano che i loro dati siano usati per scopi di vendita, possono visitare la nostra pagina di Non Vendita dei Dati Personali<\/span><a href=\"https:\/\/taski.com\/do-not-sell-my-personal-info\/\" target=\"_blank\" rel=\"noopener\"><span style=\"font-weight: 400;\">qui<\/span><\/a><span style=\"font-weight: 400;\">.<\/span><\/p>\n<p><span style=\"font-weight: 400;\">I residenti in California che non desiderano che i loro dati siano utilizzati per Common Sense Advisors per scopi commerciali, possono visitare la nostra pagina di Opt-out <\/span><a href=\"https:\/\/taski.com\/do-not-sell-my-personal-info\/#opt-out\" target=\"_blank\" rel=\"noopener\"><span style=\"font-weight: 400;\">qui<\/span><\/a><span style=\"font-weight: 400;\">.<\/span><\/p>\n<p><span style=\"font-weight: 400;\">Se hai domande o richieste di accesso\/cancellazione, <a href=\"https:\/\/taski.com\/notizie-aiuto-e-contatti\/contatta\/?lang=it\" target=\"_blank\" rel=\"noopener\">contattaci<\/a>.<\/span><\/p>\n","protected":false},"excerpt":{"rendered":"<p>Il California Consumer Privacy Act (&#8220;CCPA&#8221;) \u00e8 una legge che ha lo scopo di proteggere i residenti dello Stato della California. I consumatori che sono legalmente residenti in California e che hanno optato per la raccolta dei loro dati, in qualsiasi momento possono richiedere la cancellazione delle loro informazioni di identificazione personale. I dati che [&hellip;]<\/p>\n","protected":false},"author":1,"featured_media":0,"parent":0,"menu_order":121,"comment_status":"closed","ping_status":"closed","template":"","meta":{"_acf_changed":false,"_seopress_robots_primary_cat":"","_seopress_titles_title":"","_seopress_titles_desc":"","_seopress_robots_index":"","inline_featured_image":false,"footnotes":""},"class_list":["post-9110","page","type-page","status-publish","hentry"],"acf":[],"_links":{"self":[{"href":"https:\/\/taski.com\/it\/wp-json\/wp\/v2\/pages\/9110","targetHints":{"allow":["GET"]}}],"collection":[{"href":"https:\/\/taski.com\/it\/wp-json\/wp\/v2\/pages"}],"about":[{"href":"https:\/\/taski.com\/it\/wp-json\/wp\/v2\/types\/page"}],"author":[{"embeddable":true,"href":"https:\/\/taski.com\/it\/wp-json\/wp\/v2\/users\/1"}],"replies":[{"embeddable":true,"href":"https:\/\/taski.com\/it\/wp-json\/wp\/v2\/comments?post=9110"}],"version-history":[{"count":0,"href":"https:\/\/taski.com\/it\/wp-json\/wp\/v2\/pages\/9110\/revisions"}],"wp:attachment":[{"href":"https:\/\/taski.com\/it\/wp-json\/wp\/v2\/media?parent=9110"}],"curies":[{"name":"wp","href":"https:\/\/api.w.org\/{rel}","templated":true}]}}