{"id":13948,"date":"2021-01-14T17:17:50","date_gmt":"2021-01-14T17:17:50","guid":{"rendered":"https:\/\/taski.com\/product\/vapeur-so4\/"},"modified":"2021-04-01T11:13:15","modified_gmt":"2021-04-01T11:13:15","slug":"vapeur-so4","status":"publish","type":"product","link":"https:\/\/taski.com\/fr\/produit\/vapeur-so4\/","title":{"rendered":"Vapeur SO4"},"content":{"rendered":"","protected":false},"excerpt":{"rendered":"<p>Pulv\u00e9risateur professionnel avec chaudi\u00e8re \u00e0 remplissage continu<\/p>\n<h3>Caract\u00e9ristiques principales<\/h3>\n<p>4.5 Bar vapeur seulement<br \/>\nCapacit\u00e9 de 5L<br \/>\nChaudi\u00e8re 1950w<\/p>\n<h3>Principaux avantages<\/h3>\n<p>Compact et l\u00e9ger<br \/>\nChaudi\u00e8re \u00e0 remplissage continu s\u00fbr, pression de 4,5 bars<br \/>\nComplet avec un kit d&rsquo;accessoires complet<\/p>\n","protected":false},"featured_media":12198,"template":"","meta":{"_acf_changed":false,"_seopress_robots_primary_cat":"","_seopress_titles_title":"","_seopress_titles_desc":"","_seopress_robots_index":"","inline_featured_image":false},"product_brand":[],"product_cat":[402,356],"product_tag":[],"class_list":{"0":"post-13948","1":"product","2":"type-product","3":"status-publish","4":"has-post-thumbnail","6":"product_cat-vapeur-uniquement","7":"product_cat-steam-cleaners-fr","9":"first","10":"instock","11":"shipping-taxable","12":"purchasable","13":"product-type-simple"},"acf":[],"_links":{"self":[{"href":"https:\/\/taski.com\/fr\/wp-json\/wp\/v2\/product\/13948","targetHints":{"allow":["GET"]}}],"collection":[{"href":"https:\/\/taski.com\/fr\/wp-json\/wp\/v2\/product"}],"about":[{"href":"https:\/\/taski.com\/fr\/wp-json\/wp\/v2\/types\/product"}],"wp:featuredmedia":[{"embeddable":true,"href":"https:\/\/taski.com\/fr\/wp-json\/wp\/v2\/media\/12198"}],"wp:attachment":[{"href":"https:\/\/taski.com\/fr\/wp-json\/wp\/v2\/media?parent=13948"}],"wp:term":[{"taxonomy":"product_brand","embeddable":true,"href":"https:\/\/taski.com\/fr\/wp-json\/wp\/v2\/product_brand?post=13948"},{"taxonomy":"product_cat","embeddable":true,"href":"https:\/\/taski.com\/fr\/wp-json\/wp\/v2\/product_cat?post=13948"},{"taxonomy":"product_tag","embeddable":true,"href":"https:\/\/taski.com\/fr\/wp-json\/wp\/v2\/product_tag?post=13948"}],"curies":[{"name":"wp","href":"https:\/\/api.w.org\/{rel}","templated":true}]}}