{"id":9106,"date":"2021-02-10T11:02:55","date_gmt":"2021-02-10T11:02:55","guid":{"rendered":"https:\/\/taski.com\/loi-californienne-sur-la-protection-de-la-vie-privee-des-consommateurs-ccpa\/"},"modified":"2021-04-20T10:56:55","modified_gmt":"2021-04-20T10:56:55","slug":"loi-californienne-sur-la-protection-de-la-vie-privee-des-consommateurs-ccpa","status":"publish","type":"page","link":"https:\/\/taski.com\/fr\/loi-californienne-sur-la-protection-de-la-vie-privee-des-consommateurs-ccpa\/","title":{"rendered":"LOI CALIFORNIENNE SUR LA PROTECTION DE LA VIE PRIV\u00c9E DES CONSOMMATEURS (CCPA)"},"content":{"rendered":"<p><span style=\"font-weight: 400;\">La loi californienne sur la protection de la vie priv\u00e9e des consommateurs (\u00ab\u00a0CCPA\u00a0\u00bb) est un projet de loi destin\u00e9 \u00e0 prot\u00e9ger les r\u00e9sidents de l&rsquo;\u00c9tat de Californie.<\/span><\/p>\n<p><span style=\"font-weight: 400;\">Les consommateurs qui sont des r\u00e9sidents l\u00e9gaux de la Californie et qui ont accept\u00e9 que leurs donn\u00e9es soient collect\u00e9es peuvent \u00e0 tout moment demander la suppression de leurs informations personnelles identifiables. Les donn\u00e9es qui sont facilement accessibles au public ne sont pas incluses dans la loi californienne sur la protection des consommateurs. Les donn\u00e9es consid\u00e9r\u00e9es comme des informations non personnelles identifiables ne sont pas incluses dans la loi californienne sur la protection de la vie priv\u00e9e des consommateurs, qui autorise les tiers pour les solutions li\u00e9es aux affaires. Pour que la collecte de donn\u00e9es puisse avoir lieu, vous devez, en tant que consommateur, \u00eatre \u00e2g\u00e9 de 16 ans ou plus et avoir d\u00e9cid\u00e9 d&rsquo;accepter la collecte et la vente de donn\u00e9es personnelles.<\/span><\/p>\n<p><span style=\"font-weight: 400;\">La finalit\u00e9 de la collecte des donn\u00e9es permet \u00e0 TASKI, et \u00e0 nos tiers de confiance (plateformes de Data Management, annonceurs et conseillers juridiques), d&rsquo;utiliser et de transf\u00e9rer les donn\u00e9es pour ce qui suit : agr\u00e9ger les donn\u00e9es pour cr\u00e9er une personnalisation et un ciblage pour la publicit\u00e9 cibl\u00e9e, la mesure, l&rsquo;analyse et la recherche.<\/span><\/p>\n<p><span style=\"font-weight: 400;\">Les profils personnalis\u00e9s cr\u00e9\u00e9s \u00e0 partir des donn\u00e9es peuvent inclure les \u00e9l\u00e9ments suivants :<\/span><\/p>\n<ul>\n<li style=\"font-weight: 400;\" aria-level=\"1\"><span style=\"font-weight: 400;\">Nom et pr\u00e9nom<\/span><\/li>\n<li style=\"font-weight: 400;\" aria-level=\"1\"><span style=\"font-weight: 400;\">Adresse \u00e9lectronique<\/span><\/li>\n<li style=\"font-weight: 400;\" aria-level=\"1\"><span style=\"font-weight: 400;\">ID de la publicit\u00e9<\/span><\/li>\n<li style=\"font-weight: 400;\" aria-level=\"1\"><span style=\"font-weight: 400;\">ID des pixels ou des cookies<\/span><\/li>\n<li style=\"font-weight: 400;\" aria-level=\"1\"><span style=\"font-weight: 400;\">Adresse de protocole Internet (\u00ab\u00a0adresse IP\u00a0\u00bb)<\/span><\/li>\n<li style=\"font-weight: 400;\" aria-level=\"1\"><span style=\"font-weight: 400;\">Informations commerciales<\/span><\/li>\n<li style=\"font-weight: 400;\" aria-level=\"1\"><span style=\"font-weight: 400;\">Activit\u00e9 mobile<\/span><\/li>\n<\/ul>\n<p><span style=\"font-weight: 400;\">Veuillez noter que cette option vous permet uniquement de vous retirer du site web de TASKI et que vous continuerez \u00e0 recevoir des publicit\u00e9s sur Internet. Vous pouvez \u00e9galement consulter notre politique de confidentialit\u00e9 compl\u00e8te <\/span><a href=\"https:\/\/taski.com\/politique-de-confidentialite-2\/?lang=fr\" target=\"_blank\" rel=\"noopener\"><span style=\"font-weight: 400;\">ici<\/span><\/a><span style=\"font-weight: 400;\">.<\/span><\/p>\n<p><span style=\"font-weight: 400;\">Les r\u00e9sidents de Californie qui ne souhaitent pas que leurs donn\u00e9es soient utilis\u00e9es \u00e0 des fins de vente peuvent consulter notre page Ne pas vendre mes informations personnelles. <\/span><a href=\"https:\/\/taski.com\/do-not-sell-my-personal-info\/\" target=\"_blank\" rel=\"noopener\"><span style=\"font-weight: 400;\">ici<\/span><\/a><span style=\"font-weight: 400;\">.<\/span><\/p>\n<p><span style=\"font-weight: 400;\">Les r\u00e9sidents de Californie qui ne souhaitent pas que leurs donn\u00e9es soient utilis\u00e9es par Common Sense Advisors \u00e0 des fins commerciales peuvent consulter notre page de d\u00e9sengagement. <\/span><a href=\"https:\/\/taski.com\/do-not-sell-my-personal-info\/#opt-out\" target=\"_blank\" rel=\"noopener\"><span style=\"font-weight: 400;\">ici<\/span><\/a><span style=\"font-weight: 400;\">.<\/span><\/p>\n<p><span style=\"font-weight: 400;\">Si vous avez des questions ou des demandes d&rsquo;acc\u00e8s\/suppression, veuillez <a href=\"https:\/\/taski.com\/nouvelles-aide-contacts\/contactez\/?lang=fr\" target=\"_blank\" rel=\"noopener\">nous contacter.<\/a><\/span><\/p>\n","protected":false},"excerpt":{"rendered":"<p>La loi californienne sur la protection de la vie priv\u00e9e des consommateurs (\u00ab\u00a0CCPA\u00a0\u00bb) est un projet de loi destin\u00e9 \u00e0 prot\u00e9ger les r\u00e9sidents de l&rsquo;\u00c9tat de Californie. Les consommateurs qui sont des r\u00e9sidents l\u00e9gaux de la Californie et qui ont accept\u00e9 que leurs donn\u00e9es soient collect\u00e9es peuvent \u00e0 tout moment demander la suppression de leurs [&hellip;]<\/p>\n","protected":false},"author":1,"featured_media":0,"parent":0,"menu_order":119,"comment_status":"closed","ping_status":"closed","template":"","meta":{"_acf_changed":false,"_seopress_robots_primary_cat":"","_seopress_titles_title":"","_seopress_titles_desc":"","_seopress_robots_index":"","inline_featured_image":false,"footnotes":""},"class_list":["post-9106","page","type-page","status-publish","hentry"],"acf":[],"_links":{"self":[{"href":"https:\/\/taski.com\/fr\/wp-json\/wp\/v2\/pages\/9106","targetHints":{"allow":["GET"]}}],"collection":[{"href":"https:\/\/taski.com\/fr\/wp-json\/wp\/v2\/pages"}],"about":[{"href":"https:\/\/taski.com\/fr\/wp-json\/wp\/v2\/types\/page"}],"author":[{"embeddable":true,"href":"https:\/\/taski.com\/fr\/wp-json\/wp\/v2\/users\/1"}],"replies":[{"embeddable":true,"href":"https:\/\/taski.com\/fr\/wp-json\/wp\/v2\/comments?post=9106"}],"version-history":[{"count":0,"href":"https:\/\/taski.com\/fr\/wp-json\/wp\/v2\/pages\/9106\/revisions"}],"wp:attachment":[{"href":"https:\/\/taski.com\/fr\/wp-json\/wp\/v2\/media?parent=9106"}],"curies":[{"name":"wp","href":"https:\/\/api.w.org\/{rel}","templated":true}]}}