{"id":8686,"date":"2020-12-01T11:57:42","date_gmt":"2020-12-01T11:57:42","guid":{"rendered":"https:\/\/taski.com\/faqs\/"},"modified":"2021-07-26T12:22:18","modified_gmt":"2021-07-26T12:22:18","slug":"faqs","status":"publish","type":"page","link":"https:\/\/taski.com\/fr\/faqs\/","title":{"rendered":"FAQ"},"content":{"rendered":"<div class=\"wpb-content-wrapper\"><p>[vc_row][vc_column]               <div class=\"row full-row\">\n                 <div class=\"faq-block\">\n                  <div class=\"faq-block-i\">\n                    <div class=\"faq-block-title\"><h2>Foire aux questions (FAQ)<\/h2><\/div>\n                    <div class=\"faq-block-nav\">\n                      <div class=\"faq-block-nav-grid\">\n                        <a href=\"#\" class=\"active\" data-tab=\"all\">All<\/a>\n                                    <a href=\"#\" data-tab=\"generalites\">G\u00e9n\u00e9ralit\u00e9s<\/a>\n\n                                    <a href=\"#\" data-tab=\"industrie-marches-et-tendances\">Industrie, march\u00e9s et tendances<\/a>\n\n                                    <a href=\"#\" data-tab=\"produits-et-services\">Produits et services<\/a>\n\n                \n                      <\/div>\n                    <\/div>\n\n\n                    <div class=\"faq-block-items\">\n                                        <div class=\"faq-block-item \">\n                      <div class=\"fbi-header\"><a href=\"#\">Is TASKI WEEE compliant? <i class=\"fa fa-chevron-down\"><\/i><\/a><\/div>\n                      <div class=\"fbi-content\"><div class=\"fbi-content-i\"><p>Solenis is committed to meeting the requirements of the European Union (Waste Electrical and Electronic Equipment) Regulations 2014. These Regulations require producers of electrical and electronic equipment to finance the takeback of WEEE resulting from products that we place on the Irish market. This helps us to ensure that WEEE is reused or recycled safely. In line with that commitment Solenis will take back WEEE from you. Please contact us for details.<\/p>\n<p>You also have a role to play in ensuring that WEEE is reused and recycled safely. So, if you choose not to return WEEE to us then you should not dispose of it in your bin. The crossed out wheeled-bin symbol on the product reminds users not to dispose WEEE in the bin. You should ensure that the WEEE is collected separately and sent for proper treatment. WEEE contains hazardous substances and if not managed and treated safely it can cause pollution and damage human health.<\/p>\n<\/div><\/div>\n                    <\/div>\n                                        <div class=\"faq-block-item produits-et-services\">\n                      <div class=\"fbi-header\"><a href=\"#\">Vendez-vous des aspirateurs et des petites machines \u00e0 batterie ? <i class=\"fa fa-chevron-down\"><\/i><\/a><\/div>\n                      <div class=\"fbi-content\"><div class=\"fbi-content-i\"><p>Oui, nous fabriquons les derniers aspirateurs et autolaveuses \u00e0 moteur num\u00e9rique et batterie lithium. Pour plus de d\u00e9tails, consultez nos <a href=\"\/products-innovations-solutions\/\">pages<\/a> <a href=\"\/products-innovations-solutions\/innovations\/\">Innovation<\/a> et <a href=\"\/products-innovations-solutions\/\">Produits<\/a>.<\/p>\n<\/div><\/div>\n                    <\/div>\n                                        <div class=\"faq-block-item industrie-marches-et-tendances\">\n                      <div class=\"fbi-header\"><a href=\"#\">Est-ce que TASKI dispose d&rsquo;\u00e9tudes de cas sur le d\u00e9veloppement durable ? <i class=\"fa fa-chevron-down\"><\/i><\/a><\/div>\n                      <div class=\"fbi-content\"><div class=\"fbi-content-i\"><p>Oui. Nous pouvons d\u00e9montrer l&rsquo;existence de solutions durables pour les sols durs et les moquettes. \u00c9galement Innovations et technologies. Pour plus de d\u00e9tails, consultez notre <a href=\"\/why-taski\/about-taski\/sustainability\/\">page sur le d\u00e9veloppement durable<\/a><\/p>\n<\/div><\/div>\n                    <\/div>\n                                        <div class=\"faq-block-item generalites\">\n                      <div class=\"fbi-header\"><a href=\"#\">Toutes les machines TASKI sont-elles fabriqu\u00e9es en Suisse ? <i class=\"fa fa-chevron-down\"><\/i><\/a><\/div>\n                      <div class=\"fbi-content\"><div class=\"fbi-content-i\"><p>Une majorit\u00e9. Aussi, TASKI fabrique et s&rsquo;approvisionne principalement dans les pays europ\u00e9ens, et en Asie. Pour plus de d\u00e9tails, <a href=\"\/news-help-contacts\/\">contactez-nous.<\/a><\/p>\n<\/div><\/div>\n                    <\/div>\n                                        <div class=\"faq-block-item generalites\">\n                      <div class=\"fbi-header\"><a href=\"#\">Depuis combien de temps TASKI existe ? <i class=\"fa fa-chevron-down\"><\/i><\/a><\/div>\n                      <div class=\"fbi-content\"><div class=\"fbi-content-i\"><p>Plus de 65 ans. Nous sommes fiers de notre h\u00e9ritage suisse.<\/p>\n<\/div><\/div>\n                    <\/div>\n                                        <div class=\"faq-block-item generalites\">\n                      <div class=\"fbi-header\"><a href=\"#\">O\u00f9 se trouve TASKI ? <i class=\"fa fa-chevron-down\"><\/i><\/a><\/div>\n                      <div class=\"fbi-content\"><div class=\"fbi-content-i\"><p>Munchwilen est situ\u00e9 au nord-est de la Suisse, plus pr\u00e9cis\u00e9ment au nord de Zurich.<\/p>\n<\/div><\/div>\n                    <\/div>\n                                        <div class=\"faq-block-item generalites\">\n                      <div class=\"fbi-header\"><a href=\"#\">TASKI fait-il partie de Diversey ? <i class=\"fa fa-chevron-down\"><\/i><\/a><\/div>\n                      <div class=\"fbi-content\"><div class=\"fbi-content-i\"><p>Oui et tr\u00e8s fier de faire partie de la famille. TASKI est une unit\u00e9 commerciale strat\u00e9gique au sein de la famille Diversey. Pour plus de d\u00e9tails sur Diversey, rendez-vous sur <a href=\"https:\/\/diversey.com\/en\">www.diversey.com<\/a>.<\/p>\n<p>&nbsp;<\/p>\n<\/div><\/div>\n                    <\/div>\n                                        <div class=\"faq-block-item generalites\">\n                      <div class=\"fbi-header\"><a href=\"#\">Quelles sont les r\u00e9gions et les pays desservis par TASKI ? <i class=\"fa fa-chevron-down\"><\/i><\/a><\/div>\n                      <div class=\"fbi-content\"><div class=\"fbi-content-i\"><p>TASKI est disponible sur tous les continents et dans tous les pays o\u00f9 Diversey est pr\u00e9sent. Cela repr\u00e9sente plus de 80 pays ! Pour plus de d\u00e9tails, <a href=\"\/news-help-contacts\/\">contactez-nous<\/a> et nous serons ravis de vous fournir des conseils d&rsquo;experts.<\/p>\n<\/div><\/div>\n                    <\/div>\n                                        <div class=\"faq-block-item generalites industrie-marches-et-tendances\">\n                      <div class=\"fbi-header\"><a href=\"#\">Avez-vous des solutions pour le nettoyage en journ\u00e9e ? <i class=\"fa fa-chevron-down\"><\/i><\/a><\/div>\n                      <div class=\"fbi-content\"><div class=\"fbi-content-i\"><p>Oui, TASKI a d\u00e9velopp\u00e9 de petites machines \u00e0 batterie pour faciliter le nettoyage m\u00e9canique en toute s\u00e9curit\u00e9 pendant la journ\u00e9e. Pour plus de d\u00e9tails, consultez nos pages <a href=\"\/why-taski\/expert-advice\/current-trends-best-practise\/\">Tendances actuelles et Meilleures pratiques<\/a>.<\/p>\n<\/div><\/div>\n                    <\/div>\n                                        <div class=\"faq-block-item produits-et-services\">\n                      <div class=\"fbi-header\"><a href=\"#\">TASKI a-t-il des innovations durables ? <i class=\"fa fa-chevron-down\"><\/i><\/a><\/div>\n                      <div class=\"fbi-content\"><div class=\"fbi-content-i\"><p>Oui. Tant les innovations que les technologies. Pour plus de d\u00e9tails, consultez nos pages sur les <a href=\"\/products-innovations-solutions\/innovations\/\">solutions intelligentes<\/a>.<\/p>\n<\/div><\/div>\n                    <\/div>\n                                        <div class=\"faq-block-item industrie-marches-et-tendances\">\n                      <div class=\"fbi-header\"><a href=\"#\">Quels sont les secteurs desservis par TASKI ? <i class=\"fa fa-chevron-down\"><\/i><\/a><\/div>\n                      <div class=\"fbi-content\"><div class=\"fbi-content-i\"><p>TASKI fournit tous les principaux march\u00e9s et secteurs. Notamment les entreprises de propret\u00e9, le retail, l&rsquo;h\u00f4tellerie, le secteur hospitalier et les \u00e9tablissements de soins de longue dur\u00e9e, le gouvernement et l&rsquo;\u00e9ducation, et la restauration. Pour plus de d\u00e9tails, consultez nos pages <a href=\"\/why-taski\/your-markets-sectors\/\">Vos march\u00e9s et vos secteurs<\/a>.<\/p>\n<\/div><\/div>\n                    <\/div>\n                                        <div class=\"faq-block-item industrie-marches-et-tendances\">\n                      <div class=\"fbi-header\"><a href=\"#\">Comment TASKI se tient-il au courant des tendances du march\u00e9 ? <i class=\"fa fa-chevron-down\"><\/i><\/a><\/div>\n                      <div class=\"fbi-content\"><div class=\"fbi-content-i\"><p>TASKI ne ressemble \u00e0 aucun autre fabricant de machines. Faire partie de Diversey permet \u00e0 TASKI de rester en t\u00eate de la concurrence. Pour plus de d\u00e9tails, consultez nos pages <a href=\"\/why-taski\/\">\u00c0 propos de TASKI<\/a> et <a href=\"\/why-taski\/taski-competencies\/\">Comp\u00e9tences TASKI<\/a>.<\/p>\n<\/div><\/div>\n                    <\/div>\n                                        <\/div>\n\n\n                  <\/div>\n                 <\/div>\n               <\/div>\n               <script>\n                    if(window.location.hash) {\n                        \/\/ Fragment exists\n                        var tab_to_call = window.location.hash;\n                        tab_to_call = tab_to_call.replace('#','');\n                        jQuery(window).load( function(){\n                            \/\/jQuery('.faq-block-nav-grid a[data-tab=products-services]').addClass('woo');\n\n                               jQuery('.faq-block-nav-grid a[data-tab='+tab_to_call+']').addClass('woo').trigger('click');\n\n                        });\n                    } else {\n                    \/\/ Fragment doesn't exist\n                    }\n               <\/script>\n[\/vc_column][\/vc_row][vc_row][vc_column][vc_row_inner][vc_column_inner][vc_column_text]<\/p>\n<h2>Vous ne trouvez pas votre r\u00e9ponse<br \/>\nPosez votre question <a href=\"#\">ici<\/a><\/h2>\n<p>Notre \u00e9quipe d&rsquo;experts est toujours l\u00e0 et nous partageons vos questions dans notre FAQ.[\/vc_column_text][\/vc_column_inner][\/vc_row_inner][\/vc_column][\/vc_row]<\/p>\n<\/div>","protected":false},"excerpt":{"rendered":"<p>[vc_row][vc_column][\/vc_column][\/vc_row][vc_row][vc_column][vc_row_inner][vc_column_inner][vc_column_text] Vous ne trouvez pas votre r\u00e9ponse Posez votre question ici Notre \u00e9quipe d&rsquo;experts est toujours l\u00e0 et nous partageons vos questions dans notre FAQ.[\/vc_column_text][\/vc_column_inner][\/vc_row_inner][\/vc_column][\/vc_row]<\/p>\n","protected":false},"author":1,"featured_media":0,"parent":0,"menu_order":557,"comment_status":"closed","ping_status":"closed","template":"","meta":{"_acf_changed":false,"_seopress_robots_primary_cat":"","_seopress_titles_title":"","_seopress_titles_desc":"","_seopress_robots_index":"","inline_featured_image":false,"footnotes":""},"class_list":["post-8686","page","type-page","status-publish","hentry"],"acf":[],"_links":{"self":[{"href":"https:\/\/taski.com\/fr\/wp-json\/wp\/v2\/pages\/8686","targetHints":{"allow":["GET"]}}],"collection":[{"href":"https:\/\/taski.com\/fr\/wp-json\/wp\/v2\/pages"}],"about":[{"href":"https:\/\/taski.com\/fr\/wp-json\/wp\/v2\/types\/page"}],"author":[{"embeddable":true,"href":"https:\/\/taski.com\/fr\/wp-json\/wp\/v2\/users\/1"}],"replies":[{"embeddable":true,"href":"https:\/\/taski.com\/fr\/wp-json\/wp\/v2\/comments?post=8686"}],"version-history":[{"count":0,"href":"https:\/\/taski.com\/fr\/wp-json\/wp\/v2\/pages\/8686\/revisions"}],"wp:attachment":[{"href":"https:\/\/taski.com\/fr\/wp-json\/wp\/v2\/media?parent=8686"}],"curies":[{"name":"wp","href":"https:\/\/api.w.org\/{rel}","templated":true}]}}