{"id":8380,"date":"2020-11-30T09:08:08","date_gmt":"2020-11-30T09:08:08","guid":{"rendered":"https:\/\/taski.com\/diversey\/"},"modified":"2021-09-01T13:13:52","modified_gmt":"2021-09-01T13:13:52","slug":"diversey","status":"publish","type":"page","link":"https:\/\/taski.com\/fr\/pourquoi-taski\/a-propos-de-taski\/diversey\/","title":{"rendered":"Diversey"},"content":{"rendered":"<div class=\"wpb-content-wrapper\"><p>[vc_row css=\u00a0\u00bb.vc_custom_1607170931010{padding-top: 90px !important;padding-bottom: 90px !important;}\u00a0\u00bb][vc_column][vc_row_inner][vc_column_inner][vc_raw_html]PGRpdiBjbGFzcz0icGFnZS10aXRsZS13aXRoLWltYWdlIj4KPGRpdiBjbGFzcz0icHR3aS1pIj4KPGRpdiBjbGFzcz0iaW1nIj48aW1nIHNyYz0iL3dwLWNvbnRlbnQvdXBsb2Fkcy8yMDIwLzEyL2RpdmVyc2V5LnBuZyI+PC9kaXY+CjxoMj5UQVNLSSBlc3QgZmllciBkZSBmYWlyZSBwYXJ0aWUgZGUgbGEgZmFtaWxsZSBEaXZlcnNleS48L2gyPgo8L2Rpdj4KPC9kaXY+[\/vc_raw_html][\/vc_column_inner][\/vc_row_inner][\/vc_column][\/vc_row][vc_row][vc_column]\n  <div class=\"page-intro-block size-fit-image style-dark font-small\">\n         <div class=\"page-intro-block-i\">\n      <div class=\"row\">\n        <div class=\"page-intro-content\">\n            <div class=\"title-block\">\n                 <p>TASKI est l'une des quatre unit\u00e9s commerciales de Diversey. TASKI est unique sur le march\u00e9 des machines, ayant toujours b\u00e9n\u00e9fici\u00e9 de la vision et de la connaissance du march\u00e9 partag\u00e9es par Diversey et son expertise.<\/p>\n<p>Les connaissances approfondies de Diversey sur les tendances mondiales, r\u00e9gionales et locales et sur les probl\u00e9matiques et besoins des clients ont toujours aid\u00e9 TASKI \u00e0 rester en t\u00eate de la concurrence.<\/p>\n            <\/div>\n            <div class=\"page-intro-image\">\n                                <div class=\"page-intro-image-alt\">\n                    \n                    <img decoding=\"async\" src=\"https:\/\/taski.com\/wp-content\/uploads\/2020\/11\/image-hover-1.jpg\" alt=\"\" \/>\n\n                <\/div>\n            <\/div>\n        <\/div>\n      <\/div>\n\n\n    <\/div>\n  <\/div>\n  <div class=\"cl-fl\"><\/div>\n[\/vc_column][\/vc_row][vc_row css=\u00a0\u00bb.vc_custom_1612778658852{padding-top: 150px !important;padding-bottom: 150px !important;background-color: #fafafa !important;}\u00a0\u00bb][vc_column][vc_raw_html]JTNDZGl2JTIwY2xhc3MlM0QlMjJ0aHJlZS1jdGEtYmxvY2stZ3JpZCUyMiUyMHN0eWxlJTNEJTIyanVzdGlmeS1jb250ZW50JTNBJTIwY2VudGVyJTNCJTIyJTNFJTIwJTIwJTIwJTIwJTIwJTIwJTIwJTIwJTIwJTIwJTIwJTBBJTIwJTIwJTIwJTIwJTIwJTIwJTIwJTIwJTIwJTIwJTIwJTNDZGl2JTIwY2xhc3MlM0QlMjJ0aHJlZS1jdGEtaXRlbSUyMiUzRSUwQSUyMCUyMCUyMCUyMCUyMCUyMCUyMCUyMCUyMCUyMCUyMCUyMCUzQ2RpdiUyMGNsYXNzJTNEJTIydGNpLWklMjIlM0UlMjAlMjAlMjAlMjAlMjAlMjAlMjAlMjAlMjAlMjAlMjAlMEElMjAlMjAlMjAlMjAlMjAlMjAlMjAlMjAlMjAlMjAlMjAlMjAlMjAlM0NkaXYlMjBjbGFzcyUzRCUyMnRjaS1pdGVtLWNvbnRlbnQlMjIlM0UlMEElMjAlMjAlMjAlMjAlMjAlMjAlMjAlMjAlMjAlMjAlMjAlMjAlMjAlMjAlMjAlMjAlM0NoNSUzRVZvdXMlMjBhdmV6JTIwdW5lJTNDYnIlM0VxdWVzdGlvbiUzRiUzQyUyRmg1JTNFJTBBJTIwJTIwJTIwJTIwJTIwJTIwJTIwJTIwJTIwJTIwJTIwJTIwJTIwJTIwJTIwJTIwJTNDYSUyMGhyZWYlM0QlMjJodHRwcyUzQSUyRiUyRnRhc2tpLmNvbSUyRm5vdXZlbGxlcy1haWRlLWNvbnRhY3RzJTJGY29udGFjdGV6JTJGJTNGbGFuZyUzRGZyJTIyJTNFJTNDcCUzRUNPTlRBQ1RFWi1OT1VTJTNDJTJGcCUzRSUzQyUyRmElM0UlMEElMjAlMjAlMjAlMjAlMjAlMjAlMjAlMjAlMjAlMjAlMjAlMjAlMjAlM0MlMkZkaXYlM0UlMEElMjAlMjAlMjAlMjAlMjAlMjAlMjAlMjAlMjAlMjAlMjAlMjAlM0MlMkZkaXYlM0UlMEElMjAlMjAlMjAlMjAlMjAlMjAlMjAlMjAlMjAlMjAlMjAlM0MlMkZkaXYlM0UlMjAlMEElMjAlMjAlMjAlMjAlMjAlMjAlMjAlMjAlMjAlMjAlMjAlM0NkaXYlMjBjbGFzcyUzRCUyMnRocmVlLWN0YS1pdGVtJTIyJTNFJTBBJTIwJTIwJTIwJTIwJTIwJTIwJTIwJTIwJTIwJTIwJTIwJTIwJTNDZGl2JTIwY2xhc3MlM0QlMjJ0Y2ktaSUyMiUzRSUyMCUyMCUyMCUyMCUyMCUyMCUyMCUyMCUyMCUyMCUyMCUwQSUyMCUyMCUyMCUyMCUyMCUyMCUyMCUyMCUyMCUyMCUyMCUyMCUyMCUzQ2RpdiUyMGNsYXNzJTNEJTIydGNpLWl0ZW0tY29udGVudCUyMiUzRSUwQSUyMCUyMCUyMCUyMCUyMCUyMCUyMCUyMCUyMCUyMCUyMCUyMCUyMCUyMCUyMCUyMCUzQ2g1JTNFUG91ciUyMGVuJTIwc2F2b2lyJTIwcGx1cyUzQ2JyJTNFJTBBJUMzJUEwJTIwcHJvcG9zJTIwZGUlMjBEaXZlcnNleSUzQyUyRmg1JTNFJTBBJTIwJTIwJTIwJTIwJTIwJTIwJTIwJTIwJTIwJTIwJTIwJTIwJTIwJTIwJTIwJTIwJTNDYSUyMGhyZWYlM0QlMjJodHRwcyUzQSUyRiUyRmRpdmVyc2V5LmZyJTJGZnIlMjIlMjB0YXJnZXQlM0QlMjJfYmxhbmslMjIlMjBzdHlsZSUzRCUyMiUyMCUyMHBhZGRpbmclM0ElMjAwJTIwMTVweCUzQiUyMiUzRSUzQ2RpdiUyMGNsYXNzJTNEJTIydGJsJTIyJTNFJTNDZGl2JTIwY2xhc3MlM0QlMjJjZWxsJTIyJTNFJTNDaW1nJTIwc3JjJTNEJTIyJTJGd3AtY29udGVudCUyRnVwbG9hZHMlMkYyMDIwJTJGMTIlMkZkaXZlcnNleS5wbmclMjIlM0UlM0MlMkZkaXYlM0UlM0MlMkZkaXYlM0UlM0MlMkZhJTNFJTBBJTIwJTIwJTIwJTIwJTIwJTIwJTIwJTIwJTIwJTIwJTIwJTIwJTIwJTNDJTJGZGl2JTNFJTBBJTIwJTIwJTIwJTIwJTIwJTIwJTIwJTIwJTIwJTIwJTIwJTIwJTNDJTJGZGl2JTNFJTBBJTIwJTIwJTIwJTIwJTIwJTIwJTIwJTIwJTIwJTIwJTIwJTNDJTJGZGl2JTNFJTIwJTIwJTIwJTIwJTIwJTIwJTIwJTIwJTIwJTIwJTIwJTIwJTIwJTIwJTIwJTIwJTIwJTIwJTIwJTIwJTIwJTIwJTIwJTIwJTIwJTIwJTIwJTIwJTIwJTIwJTIwJTIwJTIwJTIwJTIwJTIwJTIwJTIwJTIwJTIwJTIwJTIwJTIwJTIwJTIwJTIwJTIwJTIwJTIwJTIwJTIwJTIwJTIwJTBBJTIwJTIwJTIwJTIwJTIwJTIwJTIwJTIwJTNDJTJGZGl2JTNF[\/vc_raw_html][\/vc_column][\/vc_row]<\/p>\n<\/div>","protected":false},"excerpt":{"rendered":"<p>[vc_row css=\u00a0\u00bb.vc_custom_1607170931010{padding-top: 90px !important;padding-bottom: 90px !important;}\u00a0\u00bb][vc_column][vc_row_inner][vc_column_inner][vc_raw_html]PGRpdiBjbGFzcz0icGFnZS10aXRsZS13aXRoLWltYWdlIj4KPGRpdiBjbGFzcz0icHR3aS1pIj4KPGRpdiBjbGFzcz0iaW1nIj48aW1nIHNyYz0iL3dwLWNvbnRlbnQvdXBsb2Fkcy8yMDIwLzEyL2RpdmVyc2V5LnBuZyI+PC9kaXY+CjxoMj5UQVNLSSBlc3QgZmllciBkZSBmYWlyZSBwYXJ0aWUgZGUgbGEgZmFtaWxsZSBEaXZlcnNleS48L2gyPgo8L2Rpdj4KPC9kaXY+[\/vc_raw_html][\/vc_column_inner][\/vc_row_inner][\/vc_column][\/vc_row][vc_row][vc_column][\/vc_column][\/vc_row][vc_row css=\u00a0\u00bb.vc_custom_1612778658852{padding-top: 150px !important;padding-bottom: 150px !important;background-color: #fafafa !important;}\u00a0\u00bb][vc_column][vc_raw_html]JTNDZGl2JTIwY2xhc3MlM0QlMjJ0aHJlZS1jdGEtYmxvY2stZ3JpZCUyMiUyMHN0eWxlJTNEJTIyanVzdGlmeS1jb250ZW50JTNBJTIwY2VudGVyJTNCJTIyJTNFJTIwJTIwJTIwJTIwJTIwJTIwJTIwJTIwJTIwJTIwJTIwJTBBJTIwJTIwJTIwJTIwJTIwJTIwJTIwJTIwJTIwJTIwJTIwJTNDZGl2JTIwY2xhc3MlM0QlMjJ0aHJlZS1jdGEtaXRlbSUyMiUzRSUwQSUyMCUyMCUyMCUyMCUyMCUyMCUyMCUyMCUyMCUyMCUyMCUyMCUzQ2RpdiUyMGNsYXNzJTNEJTIydGNpLWklMjIlM0UlMjAlMjAlMjAlMjAlMjAlMjAlMjAlMjAlMjAlMjAlMjAlMEElMjAlMjAlMjAlMjAlMjAlMjAlMjAlMjAlMjAlMjAlMjAlMjAlMjAlM0NkaXYlMjBjbGFzcyUzRCUyMnRjaS1pdGVtLWNvbnRlbnQlMjIlM0UlMEElMjAlMjAlMjAlMjAlMjAlMjAlMjAlMjAlMjAlMjAlMjAlMjAlMjAlMjAlMjAlMjAlM0NoNSUzRVZvdXMlMjBhdmV6JTIwdW5lJTNDYnIlM0VxdWVzdGlvbiUzRiUzQyUyRmg1JTNFJTBBJTIwJTIwJTIwJTIwJTIwJTIwJTIwJTIwJTIwJTIwJTIwJTIwJTIwJTIwJTIwJTIwJTNDYSUyMGhyZWYlM0QlMjJodHRwcyUzQSUyRiUyRnRhc2tpLmNvbSUyRm5vdXZlbGxlcy1haWRlLWNvbnRhY3RzJTJGY29udGFjdGV6JTJGJTNGbGFuZyUzRGZyJTIyJTNFJTNDcCUzRUNPTlRBQ1RFWi1OT1VTJTNDJTJGcCUzRSUzQyUyRmElM0UlMEElMjAlMjAlMjAlMjAlMjAlMjAlMjAlMjAlMjAlMjAlMjAlMjAlMjAlM0MlMkZkaXYlM0UlMEElMjAlMjAlMjAlMjAlMjAlMjAlMjAlMjAlMjAlMjAlMjAlMjAlM0MlMkZkaXYlM0UlMEElMjAlMjAlMjAlMjAlMjAlMjAlMjAlMjAlMjAlMjAlMjAlM0MlMkZkaXYlM0UlMjAlMEElMjAlMjAlMjAlMjAlMjAlMjAlMjAlMjAlMjAlMjAlMjAlM0NkaXYlMjBjbGFzcyUzRCUyMnRocmVlLWN0YS1pdGVtJTIyJTNFJTBBJTIwJTIwJTIwJTIwJTIwJTIwJTIwJTIwJTIwJTIwJTIwJTIwJTNDZGl2JTIwY2xhc3MlM0QlMjJ0Y2ktaSUyMiUzRSUyMCUyMCUyMCUyMCUyMCUyMCUyMCUyMCUyMCUyMCUyMCUwQSUyMCUyMCUyMCUyMCUyMCUyMCUyMCUyMCUyMCUyMCUyMCUyMCUyMCUzQ2RpdiUyMGNsYXNzJTNEJTIydGNpLWl0ZW0tY29udGVudCUyMiUzRSUwQSUyMCUyMCUyMCUyMCUyMCUyMCUyMCUyMCUyMCUyMCUyMCUyMCUyMCUyMCUyMCUyMCUzQ2g1JTNFUG91ciUyMGVuJTIwc2F2b2lyJTIwcGx1cyUzQ2JyJTNFJTBBJUMzJUEwJTIwcHJvcG9zJTIwZGUlMjBEaXZlcnNleSUzQyUyRmg1JTNFJTBBJTIwJTIwJTIwJTIwJTIwJTIwJTIwJTIwJTIwJTIwJTIwJTIwJTIwJTIwJTIwJTIwJTNDYSUyMGhyZWYlM0QlMjJodHRwcyUzQSUyRiUyRmRpdmVyc2V5LmZyJTJGZnIlMjIlMjB0YXJnZXQlM0QlMjJfYmxhbmslMjIlMjBzdHlsZSUzRCUyMiUyMCUyMHBhZGRpbmclM0ElMjAwJTIwMTVweCUzQiUyMiUzRSUzQ2RpdiUyMGNsYXNzJTNEJTIydGJsJTIyJTNFJTNDZGl2JTIwY2xhc3MlM0QlMjJjZWxsJTIyJTNFJTNDaW1nJTIwc3JjJTNEJTIyJTJGd3AtY29udGVudCUyRnVwbG9hZHMlMkYyMDIwJTJGMTIlMkZkaXZlcnNleS5wbmclMjIlM0UlM0MlMkZkaXYlM0UlM0MlMkZkaXYlM0UlM0MlMkZhJTNFJTBBJTIwJTIwJTIwJTIwJTIwJTIwJTIwJTIwJTIwJTIwJTIwJTIwJTIwJTNDJTJGZGl2JTNFJTBBJTIwJTIwJTIwJTIwJTIwJTIwJTIwJTIwJTIwJTIwJTIwJTIwJTNDJTJGZGl2JTNFJTBBJTIwJTIwJTIwJTIwJTIwJTIwJTIwJTIwJTIwJTIwJTIwJTNDJTJGZGl2JTNFJTIwJTIwJTIwJTIwJTIwJTIwJTIwJTIwJTIwJTIwJTIwJTIwJTIwJTIwJTIwJTIwJTIwJTIwJTIwJTIwJTIwJTIwJTIwJTIwJTIwJTIwJTIwJTIwJTIwJTIwJTIwJTIwJTIwJTIwJTIwJTIwJTIwJTIwJTIwJTIwJTIwJTIwJTIwJTIwJTIwJTIwJTIwJTIwJTIwJTIwJTIwJTIwJTIwJTBBJTIwJTIwJTIwJTIwJTIwJTIwJTIwJTIwJTNDJTJGZGl2JTNF[\/vc_raw_html][\/vc_column][\/vc_row]<\/p>\n","protected":false},"author":1,"featured_media":0,"parent":9216,"menu_order":267,"comment_status":"closed","ping_status":"closed","template":"","meta":{"_acf_changed":false,"_seopress_robots_primary_cat":"","_seopress_titles_title":"","_seopress_titles_desc":"","_seopress_robots_index":"","inline_featured_image":false,"footnotes":""},"class_list":["post-8380","page","type-page","status-publish","hentry"],"acf":[],"_links":{"self":[{"href":"https:\/\/taski.com\/fr\/wp-json\/wp\/v2\/pages\/8380","targetHints":{"allow":["GET"]}}],"collection":[{"href":"https:\/\/taski.com\/fr\/wp-json\/wp\/v2\/pages"}],"about":[{"href":"https:\/\/taski.com\/fr\/wp-json\/wp\/v2\/types\/page"}],"author":[{"embeddable":true,"href":"https:\/\/taski.com\/fr\/wp-json\/wp\/v2\/users\/1"}],"replies":[{"embeddable":true,"href":"https:\/\/taski.com\/fr\/wp-json\/wp\/v2\/comments?post=8380"}],"version-history":[{"count":0,"href":"https:\/\/taski.com\/fr\/wp-json\/wp\/v2\/pages\/8380\/revisions"}],"up":[{"embeddable":true,"href":"https:\/\/taski.com\/fr\/wp-json\/wp\/v2\/pages\/9216"}],"wp:attachment":[{"href":"https:\/\/taski.com\/fr\/wp-json\/wp\/v2\/media?parent=8380"}],"curies":[{"name":"wp","href":"https:\/\/api.w.org\/{rel}","templated":true}]}}