{"id":7870,"date":"2020-11-30T13:53:33","date_gmt":"2020-11-30T13:53:33","guid":{"rendered":"https:\/\/taski.com\/produits\/"},"modified":"2021-09-01T15:47:48","modified_gmt":"2021-09-01T15:47:48","slug":"produits","status":"publish","type":"page","link":"https:\/\/taski.com\/fr\/produits-innovations-et-solutions\/produits\/","title":{"rendered":"Produits"},"content":{"rendered":"<div class=\"wpb-content-wrapper\"><p>[vc_row el_id=\u00a0\u00bbmain-banner\u00a0\u00bb][vc_column]\n  <div class=\"main-banner-block full-width content-video-no\" style=\"background-image:url(https:\/\/taski.com\/wp-content\/uploads\/2020\/12\/Aero_8_plus_0036g-scaled.jpg);\">\n         <div class=\"main-banner-block-i\">\n      <div class=\"row\">\n       <div class=\"mbb-fl\">\n        <div class=\"main-banner-block-content\">\n            <h2>Parcourez la gamme de machines TASKI ou essayez notre S\u00e9lecteur<br \/>\npour trouver votre machine de nettoyage ULTIME<\/h2>\n            <div class=\"button-wrapper\">\n                        <\/div>\n        <\/div>\n               <\/div>\n      <\/div>\n\n\n    <\/div>\n  <\/div>\n  <div class=\"cl-fl\"><\/div>\n[\/vc_column][\/vc_row][vc_row css=\u00a0\u00bb.vc_custom_1606749717145{padding-top: 90px !important;padding-bottom: 190px !important;}\u00a0\u00bb el_id=\u00a0\u00bbfull-width-categories\u00a0\u00bb][vc_column][vc_row_inner el_class=\u00a0\u00bbfull-width-categories\u00a0\u00bb][vc_column_inner]\n  <div class=\"cleaning-machines-grid-block full-width\" style=\"\">\n    <div class=\"cleaning-machines-grid-block-i\">\n      <div class=\"row\">\n       <div class=\"clman-grid-row\">\n        <div class=\"clman-intro-block\">\n          <p>Laissez-nous vous aider \u00e0 trouver la machine de nettoyage id\u00e9ale.<\/p>\n          <div class=\"clman-contact\"><a href=\"\">CONTACTEZ<br \/>NOUS<\/a><\/div>\n\n\n        <\/div>\n        <div class=\"clman-grid-block\">\n            <div class=\"clman-grid\">\n\n                              <div class=\"clman-grid-item\">\n               <a href=\"https:\/\/taski.com\/fr\/produits-innovations-et-solutions\/produits\/robotique\/\">\n                <div class=\"front\"><img decoding=\"async\" src=\"https:\/\/taski.com\/wp-content\/uploads\/2023\/02\/robotics-category-image-l-300x300.png\" \/><div class=\"desc\"><h6>Robotique<\/h6><p>Lib\u00e9rez le potentiel du nettoyage automatique des sols durs et textiles avec Ecobot 50Pro et Ecobot 40<\/p><\/div><\/div>\n                <div class=\"back\"><\/div>\n               <\/a>\n              <\/div>\n                              <div class=\"clman-grid-item\">\n               <a href=\"https:\/\/taski.com\/products-innovations-solutions\/products\/scrubber-driers\/\">\n                <div class=\"front\"><img decoding=\"async\" src=\"https:\/\/taski.com\/wp-content\/uploads\/2020\/12\/scrubbers-driers.png\" \/><div class=\"desc\"><h6>Autolaveuses<\/h6><p>Les autolaveuses TASKI sont le summum de l'excellence en mati\u00e8re de nettoyage. Elles offrent le r\u00e9sultat de nettoyage ULTIME avec une ergonomie sup\u00e9rieure. Une productivit\u00e9 exceptionnelle pour r\u00e9duire vos co\u00fbts de nettoyage.<\/p><\/div><\/div>\n                <div class=\"back\"><\/div>\n               <\/a>\n              <\/div>\n                              <div class=\"clman-grid-item\">\n               <a href=\"https:\/\/taski.com\/products-innovations-solutions\/products\/sweepers\/\">\n                <div class=\"front\"><img decoding=\"async\" src=\"https:\/\/taski.com\/wp-content\/uploads\/2020\/12\/sweepers.png\" \/><div class=\"desc\"><h6>Balayeuses<\/h6><p>La gamme de balayeuses \u00e0 conducteur marchant et autoport\u00e9es TASKI balimat int\u00e8gre le syst\u00e8me unique TRS (syst\u00e8me de rouleaux tandem) pour une collecte et un d\u00e9poussi\u00e9rage sup\u00e9rieurs.<\/p><\/div><\/div>\n                <div class=\"back\"><\/div>\n               <\/a>\n              <\/div>\n                              <div class=\"clman-grid-item\">\n               <a href=\"https:\/\/taski.com\/products-innovations-solutions\/products\/steam-cleaners\/\">\n                <div class=\"front\"><img decoding=\"async\" src=\"https:\/\/taski.com\/wp-content\/uploads\/2021\/02\/Dampfgeraet_016-1.png\" \/><div class=\"desc\"><h6>Nettoyeurs vapeur<\/h6><p>TASKI Steam est une gamme de nettoyeurs vapeur, vapeur et aspirateur, vapeur, aspirateur et d\u00e9tergent. Ils utilisent tous de la vapeur s\u00e8che \u00e0 haute pression et haute temp\u00e9rature provenant de leurs chaudi\u00e8res continues.<\/p><\/div><\/div>\n                <div class=\"back\"><\/div>\n               <\/a>\n              <\/div>\n                              <div class=\"clman-grid-item\">\n               <a href=\"https:\/\/taski.com\/products-innovations-solutions\/products\/carpet-care\/\">\n                <div class=\"front\"><img decoding=\"async\" src=\"https:\/\/taski.com\/wp-content\/uploads\/2020\/12\/carpet-care.png\" \/><div class=\"desc\"><h6>Entretien des moquettes<\/h6><p>Les machines TASKI aquamat &amp; procarpet donnent des r\u00e9sultats exceptionnels de nettoyage en profondeur. La polyvalence des procarpet permet d'obtenir les meilleurs r\u00e9sultats en fonction des besoins.<\/p><\/div><\/div>\n                <div class=\"back\"><\/div>\n               <\/a>\n              <\/div>\n                              <div class=\"clman-grid-item\">\n               <a href=\"https:\/\/taski.com\/products-innovations-solutions\/products\/vacuum-cleaners\/\">\n                <div class=\"front\"><img decoding=\"async\" src=\"https:\/\/taski.com\/wp-content\/uploads\/2020\/12\/vacuums.png\" \/><div class=\"desc\"><h6>Aspirateurs<\/h6><p>Les aspirateurs TASKI AERO, Jet &amp; Vacumat comprennent des mod\u00e8les utilisant les derni\u00e8res technologies de moteur num\u00e9rique et de batterie au lithium pour des performances et une autonomie exceptionnelles. Les moteurs brevet\u00e9s \"Murmure\" permettent de r\u00e9duire consid\u00e9rablement les co\u00fbts \u00e9nerg\u00e9tiques et d'atteindre des niveaux sonores \u00e9tonnamment bas.<\/p><\/div><\/div>\n                <div class=\"back\"><\/div>\n               <\/a>\n              <\/div>\n                              <div class=\"clman-grid-item\">\n               <a href=\"https:\/\/taski.com\/?page_id=710\">\n                <div class=\"front\"><img decoding=\"async\" src=\"https:\/\/taski.com\/wp-content\/uploads\/2021\/02\/Sprayer15-image4-recut-final.png\" \/><div class=\"desc\"><h6>Pulv\u00e9risateurs<\/h6><p>Le pulv\u00e9risateur dorsal TASKI BP 15 aliment\u00e9 au lithium permet de d\u00e9sinfecter facilement les espaces de petite et moyenne taille.<\/p><\/div><\/div>\n                <div class=\"back\"><\/div>\n               <\/a>\n              <\/div>\n                              <div class=\"clman-grid-item\">\n               <a href=\"https:\/\/taski.com\/products-innovations-solutions\/products\/single-discs\/\">\n                <div class=\"front\"><img decoding=\"async\" src=\"https:\/\/taski.com\/wp-content\/uploads\/2020\/12\/single-discs.png\" \/><div class=\"desc\"><h6>Monobrosses<\/h6><p>Les ergodisc TASKI ont un statut l\u00e9gendaire pour leur qualit\u00e9 et leur fiabilit\u00e9. Leur conception, leur construction et leur pr\u00e9cision in\u00e9gal\u00e9es leur permettent de s'attaquer \u00e0 toutes les t\u00e2ches de nettoyage des sols, quelle que soit leur difficult\u00e9.<\/p><\/div><\/div>\n                <div class=\"back\"><\/div>\n               <\/a>\n              <\/div>\n                \n            <\/div>\n\n        <\/div>\n       <\/div>\n\n\n      <\/div>\n\n   <\/div>\n  <\/div>\n  <div class=\"cl-fl\"><\/div>\n[\/vc_column_inner][\/vc_row_inner][\/vc_column][\/vc_row][vc_row css=\u00a0\u00bb.vc_custom_1606750435278{padding-top: 90px !important;}\u00a0\u00bb][vc_column]\n  <div class=\"page-description-block style-dark\">\n    <div class=\"page-description-block-i\">\n      <div class=\"row\">\n        <div class=\"page-description-content\">\n          <\/div><\/div><\/div><\/div><\/p>\n<h2>TASKI propose <strong>les meilleures<\/strong> machines de nettoyage qui<br \/>\noffrent des r\u00e9sultats sup\u00e9rieurs.<\/h2>\n<p>La combinaison d&rsquo;une technologie innovante et un design ergonomique<br \/>\nqui facilite le nettoyage.<\/p>\n<p>La machine id\u00e9ale qui r\u00e9pond \u00e0 vos besoins.<\/p>\n        <\/div>\n      \n    \n  \n  <div class=\"cl-fl\"><\/div>\n[\/vc_column][\/vc_row][vc_row css=\u00a0\u00bb.vc_custom_1606750505039{padding-top: 40px !important;padding-bottom: 40px !important;}\u00a0\u00bb][vc_column]\n  <div class=\"three-cta-block\">\n    <div class=\"three-cta-block-i\">\n      <div class=\"row\">\n        <div class=\"three-cta-block-grid\">\n           <div class=\"three-cta-item\">\n            <div class=\"tci-i\">\n             <div class=\"tci-item-content\">\n                <h5><strong>Utilisez notre<\/strong><br \/>\ns\u00e9lecteur TASKI<\/h5>\n                <a href=\"\/products-innovations-solutions\/\"><p>PRODUITS,<br \/>SOLUTIONS ET<br \/>INNOVATIONS<\/p><\/a>\n             <\/div>\n            <\/div>\n           <\/div>\n           <div class=\"three-cta-item\">\n            <div class=\"tci-i\">\n             <div class=\"tci-item-content\">\n                <h5><strong>Voir les derni\u00e8res<\/strong><br \/>\ninnovations TASKI<\/h5>\n                <a href=\"\/shop\/\"><p>MA<br \/>BOUTIQUE<br \/>TASKI<\/p><\/a>\n             <\/div>\n            <\/div>\n           <\/div>\n           <div class=\"three-cta-item\">\n            <div class=\"tci-i\">\n             <div class=\"tci-item-content\">\n                <h5>Vous souhaitez nous contacter ?<\/h5>\n                <a href=\"\/news-help-contacts\/\"><p>CONTACTEZ<br \/>NOUS<\/p><\/a>\n             <\/div>\n            <\/div>\n           <\/div>\n        <\/div>\n      <\/div>\n    <\/div>\n  <\/div>\n  <div class=\"cl-fl\"><\/div>\n[\/vc_column][\/vc_row]\n","protected":false},"excerpt":{"rendered":"<p>[vc_row el_id=\u00a0\u00bbmain-banner\u00a0\u00bb][vc_column][\/vc_column][\/vc_row][vc_row css=\u00a0\u00bb.vc_custom_1606749717145{padding-top: 90px !important;padding-bottom: 190px !important;}\u00a0\u00bb el_id=\u00a0\u00bbfull-width-categories\u00a0\u00bb][vc_column][vc_row_inner el_class=\u00a0\u00bbfull-width-categories\u00a0\u00bb][vc_column_inner][\/vc_column_inner][\/vc_row_inner][\/vc_column][\/vc_row][vc_row css=\u00a0\u00bb.vc_custom_1606750435278{padding-top: 90px !important;}\u00a0\u00bb][vc_column][\/vc_column][\/vc_row][vc_row css=\u00a0\u00bb.vc_custom_1606750505039{padding-top: 40px !important;padding-bottom: 40px !important;}\u00a0\u00bb][vc_column][\/vc_column][\/vc_row]<\/p>\n","protected":false},"author":1,"featured_media":0,"parent":9144,"menu_order":241,"comment_status":"closed","ping_status":"closed","template":"","meta":{"_acf_changed":false,"_seopress_robots_primary_cat":"","_seopress_titles_title":"","_seopress_titles_desc":"","_seopress_robots_index":"","inline_featured_image":false,"footnotes":""},"class_list":["post-7870","page","type-page","status-publish","hentry"],"acf":[],"_links":{"self":[{"href":"https:\/\/taski.com\/fr\/wp-json\/wp\/v2\/pages\/7870","targetHints":{"allow":["GET"]}}],"collection":[{"href":"https:\/\/taski.com\/fr\/wp-json\/wp\/v2\/pages"}],"about":[{"href":"https:\/\/taski.com\/fr\/wp-json\/wp\/v2\/types\/page"}],"author":[{"embeddable":true,"href":"https:\/\/taski.com\/fr\/wp-json\/wp\/v2\/users\/1"}],"replies":[{"embeddable":true,"href":"https:\/\/taski.com\/fr\/wp-json\/wp\/v2\/comments?post=7870"}],"version-history":[{"count":0,"href":"https:\/\/taski.com\/fr\/wp-json\/wp\/v2\/pages\/7870\/revisions"}],"up":[{"embeddable":true,"href":"https:\/\/taski.com\/fr\/wp-json\/wp\/v2\/pages\/9144"}],"wp:attachment":[{"href":"https:\/\/taski.com\/fr\/wp-json\/wp\/v2\/media?parent=7870"}],"curies":[{"name":"wp","href":"https:\/\/api.w.org\/{rel}","templated":true}]}}