{"id":19206,"date":"2021-07-15T10:06:16","date_gmt":"2021-07-15T10:06:16","guid":{"rendered":"https:\/\/taski.com\/demande-daide-de-taski-ar\/"},"modified":"2022-09-14T15:42:53","modified_gmt":"2022-09-14T15:42:53","slug":"demande-daide-de-taski-ar","status":"publish","type":"page","link":"https:\/\/taski.com\/fr\/demande-daide-de-taski-ar\/","title":{"rendered":"Demande d&rsquo;aide de TASKI AR"},"content":{"rendered":"<div class=\"wpb-content-wrapper\"><p>[vc_row][vc_column][vc_column_text el_class=\u00a0\u00bbcontact-page-form-area-intro\u00a0\u00bb]<\/p>\n<h2 style=\"text-align: center;\">Demande d&rsquo;aide de TASKI AR<\/h2>\n<p style=\"text-align: center;\">Utilisez les menus d\u00e9roulants pour nous aider, vous aider plus rapidement.<br \/>\nNotre \u00e9quipe locale d&rsquo;experts est toujours l\u00e0 pour vous aider.<\/p>\n<p>[\/vc_column_text][\/vc_column][\/vc_row][vc_row][vc_column][vc_raw_html]PGRpdiBzdHlsZT0ibWFyZ2luOjAgYXV0bzsgbWF4LXdpZHRoOjgwMHB4OyI+CjwhLS1baWYgbHRlIElFIDhdPgo8c2NyaXB0IGNoYXJzZXQ9InV0Zi04IiB0eXBlPSJ0ZXh0L2phdmFzY3JpcHQiIHNyYz0iLy9qcy5oc2Zvcm1zLm5ldC9mb3Jtcy92Mi1sZWdhY3kuanMiPjwvc2NyaXB0Pgo8IVtlbmRpZl0tLT4KPHNjcmlwdCBjaGFyc2V0PSJ1dGYtOCIgdHlwZT0idGV4dC9qYXZhc2NyaXB0IiBzcmM9Ii8vanMuaHNmb3Jtcy5uZXQvZm9ybXMvdjIuanMiPjwvc2NyaXB0Pgo8c2NyaXB0PgogIGhic3B0LmZvcm1zLmNyZWF0ZSh7CnJlZ2lvbjogIm5hMSIsCnBvcnRhbElkOiAiNTcxMjIxMSIsCmZvcm1JZDogImRjNjBkMDJjLWQxYTYtNGJkYi05ZjNhLTdjN2Q3NjMwZWQwMyIKfSk7Cjwvc2NyaXB0Pgo8L2Rpdj4=[\/vc_raw_html][\/vc_column][\/vc_row][vc_row css=\u00a0\u00bb.vc_custom_1626344067192{background-color: #fafafa !important;}\u00a0\u00bb][vc_column]\n  <div class=\"three-cta-block\">\n    <div class=\"three-cta-block-i\">\n      <div class=\"row\">\n        <div class=\"three-cta-block-grid\">\n           <div class=\"three-cta-item\">\n            <div class=\"tci-i\">\n             <div class=\"tci-item-content\">\n                <h5><strong>Voir<\/strong><br \/>nos<br \/>solutions<\/h5>\n                <a href=\"\/products-innovations-solutions\/\"><p>PRODUITS,<br \/>SOLUTIONS ET<br \/>INNOVATIONS<\/p><\/a>\n             <\/div>\n            <\/div>\n           <\/div>\n           <div class=\"three-cta-item\">\n            <div class=\"tci-i\">\n             <div class=\"tci-item-content\">\n                <h5><strong>Acheter<\/strong><br \/>TASKI<\/h5>\n                <a href=\"\/shop\/\"><p>MA<br \/>BOUTIQUE<br \/>TASKI<\/p><\/a>\n             <\/div>\n            <\/div>\n           <\/div>\n           <div class=\"three-cta-item\">\n            <div class=\"tci-i\">\n             <div class=\"tci-item-content\">\n                <h5><strong>Poser<\/strong><br \/>une<br \/>question<\/h5>\n                <a href=\"\/news-help-contacts\/\"><p>CONTACTEZ<br \/>NOUS<\/p><\/a>\n             <\/div>\n            <\/div>\n           <\/div>\n        <\/div>\n      <\/div>\n    <\/div>\n  <\/div>\n  <div class=\"cl-fl\"><\/div>\n[\/vc_column][\/vc_row]<\/p>\n<\/div>","protected":false},"excerpt":{"rendered":"<p>[vc_row][vc_column][vc_column_text el_class=\u00a0\u00bbcontact-page-form-area-intro\u00a0\u00bb] Demande d&rsquo;aide de TASKI AR Utilisez les menus d\u00e9roulants pour nous aider, vous aider plus rapidement. Notre \u00e9quipe locale d&rsquo;experts est toujours l\u00e0 pour vous aider. [\/vc_column_text][\/vc_column][\/vc_row][vc_row][vc_column][vc_raw_html]PGRpdiBzdHlsZT0ibWFyZ2luOjAgYXV0bzsgbWF4LXdpZHRoOjgwMHB4OyI+CjwhLS1baWYgbHRlIElFIDhdPgo8c2NyaXB0IGNoYXJzZXQ9InV0Zi04IiB0eXBlPSJ0ZXh0L2phdmFzY3JpcHQiIHNyYz0iLy9qcy5oc2Zvcm1zLm5ldC9mb3Jtcy92Mi1sZWdhY3kuanMiPjwvc2NyaXB0Pgo8IVtlbmRpZl0tLT4KPHNjcmlwdCBjaGFyc2V0PSJ1dGYtOCIgdHlwZT0idGV4dC9qYXZhc2NyaXB0IiBzcmM9Ii8vanMuaHNmb3Jtcy5uZXQvZm9ybXMvdjIuanMiPjwvc2NyaXB0Pgo8c2NyaXB0PgogIGhic3B0LmZvcm1zLmNyZWF0ZSh7CnJlZ2lvbjogIm5hMSIsCnBvcnRhbElkOiAiNTcxMjIxMSIsCmZvcm1JZDogImRjNjBkMDJjLWQxYTYtNGJkYi05ZjNhLTdjN2Q3NjMwZWQwMyIKfSk7Cjwvc2NyaXB0Pgo8L2Rpdj4=[\/vc_raw_html][\/vc_column][\/vc_row][vc_row css=\u00a0\u00bb.vc_custom_1626344067192{background-color: #fafafa !important;}\u00a0\u00bb][vc_column][\/vc_column][\/vc_row]<\/p>\n","protected":false},"author":1,"featured_media":0,"parent":0,"menu_order":80,"comment_status":"closed","ping_status":"closed","template":"","meta":{"_acf_changed":false,"_seopress_robots_primary_cat":"","_seopress_titles_title":"","_seopress_titles_desc":"","_seopress_robots_index":"","inline_featured_image":false,"footnotes":""},"class_list":["post-19206","page","type-page","status-publish","hentry"],"acf":[],"_links":{"self":[{"href":"https:\/\/taski.com\/fr\/wp-json\/wp\/v2\/pages\/19206","targetHints":{"allow":["GET"]}}],"collection":[{"href":"https:\/\/taski.com\/fr\/wp-json\/wp\/v2\/pages"}],"about":[{"href":"https:\/\/taski.com\/fr\/wp-json\/wp\/v2\/types\/page"}],"author":[{"embeddable":true,"href":"https:\/\/taski.com\/fr\/wp-json\/wp\/v2\/users\/1"}],"replies":[{"embeddable":true,"href":"https:\/\/taski.com\/fr\/wp-json\/wp\/v2\/comments?post=19206"}],"version-history":[{"count":0,"href":"https:\/\/taski.com\/fr\/wp-json\/wp\/v2\/pages\/19206\/revisions"}],"wp:attachment":[{"href":"https:\/\/taski.com\/fr\/wp-json\/wp\/v2\/media?parent=19206"}],"curies":[{"name":"wp","href":"https:\/\/api.w.org\/{rel}","templated":true}]}}