{"id":14625,"date":"2020-11-30T07:24:29","date_gmt":"2020-11-30T07:24:29","guid":{"rendered":"https:\/\/taski.com\/produits-innovations-et-solutions\/innovations\/"},"modified":"2021-07-29T09:05:28","modified_gmt":"2021-07-29T09:05:28","slug":"innovations","status":"publish","type":"page","link":"https:\/\/taski.com\/fr\/produits-innovations-et-solutions\/innovations\/","title":{"rendered":"Innovations"},"content":{"rendered":"<div class=\"wpb-content-wrapper\"><p>[vc_row][vc_column]\n  <div class=\"page-intro-block size-original-size style-light font-large\">\n         <div class=\"page-intro-block-i\">\n      <div class=\"row\">\n        <div class=\"page-intro-content\">\n            <div class=\"title-block\">\n                                     <h2>TASKI domine le march\u00e9 gr\u00e2ce \u00e0 l'INNOVATION.<br \/>\nC'est dans notre ADN et au travers de nos <strong>produits r\u00e9volutionnaires.<\/strong><\/h2>\n                    <p>Depuis plus de 60 ans, TASKI n'a de cesse de vous apporter des conceptions, des technologies et des produits innovants.<br \/>\nAvec des centaines de brevets actifs, les r\u00e9f\u00e9rences de TASKI en mati\u00e8re d'innovation sont tr\u00e8s nombreuses. Et voici la preuve...<\/p>\n                             <\/div>\n            <div class=\"page-intro-image\">\n                                <div class=\"page-intro-image-alt\">\n                    \n                    <img decoding=\"async\" src=\"https:\/\/taski.com\/wp-content\/uploads\/2021\/01\/ISSA20-VE-Innovation-of-the-Year-Award-Winner-Logo-43.png\" alt=\"\" \/>\n\n                <\/div>\n            <\/div>\n        <\/div>\n      <\/div>\n\n\n    <\/div>\n  <\/div>\n  <div class=\"cl-fl\"><\/div>\n[\/vc_column][\/vc_row][vc_row css=\u00a0\u00bb.vc_custom_1608399474529{padding-top: 90px !important;padding-bottom: 90px !important;background-color: #fafafa !important;}\u00a0\u00bb][vc_column][vc_row_inner][vc_column_inner width=\u00a0\u00bb1\/3&Prime; offset=\u00a0\u00bbvc_col-lg-4 vc_col-xs-12&Prime;][vc_column_text]<\/p>\n<h2><span style=\"color: #f18a00;\">Des technologies r\u00e9volutionnaires<\/span><\/h2>\n<h3>Technologies, conceptions et produits pour am\u00e9liorer la productivit\u00e9, atteindre l&rsquo;excellence en mati\u00e8re de nettoyage, \u00e9conomiser l&rsquo;\u00e9nergie et l&rsquo;eau, r\u00e9duire les produits chimiques et am\u00e9liorer la qualit\u00e9 de l&rsquo;air.<\/h3>\n<h3>Nous les appelons \u00ab\u00a0<strong>solutions intelligentes\u00a0\u00bb.<\/strong><\/h3>\n<p>[\/vc_column_text][\/vc_column_inner][vc_column_inner width=\u00a0\u00bb2\/3&Prime; offset=\u00a0\u00bbvc_col-lg-8 vc_col-md-12&Prime;]\n  <div class=\"taski-innovations-block\">\n    <div class=\"row\">\n\n        <div class=\"taski-innovations-block-i\">\n   \n\n\n     <div class=\"innovations-grid\">\n\n           \n\n\n    <\/div>\n\n        <div class=\"cl-fl\"><\/div>\n    <\/div>\n  <\/div>\n<\/div>\n[\/vc_column_inner][\/vc_row_inner][\/vc_column][\/vc_row][vc_row][vc_column]\n  <div class=\"three-cta-block\">\n    <div class=\"three-cta-block-i\">\n      <div class=\"row\">\n        <div class=\"three-cta-block-grid\">\n           <div class=\"three-cta-item\">\n            <div class=\"tci-i\">\n             <div class=\"tci-item-content\">\n                <h5><strong>Recherchez<\/strong><br \/>\ndans notre gamme<br \/>\nTASKI<\/h5>\n                <a href=\"\/products-innovations-solutions\/products\/\"><p>PRODUITS &amp;<br \/>\nSOLUTIONS<\/p><\/a>\n             <\/div>\n            <\/div>\n           <\/div>\n           <div class=\"three-cta-item\">\n            <div class=\"tci-i\">\n             <div class=\"tci-item-content\">\n                <h5><strong>Recherchez<\/strong><br \/>\nnotre s\u00e9lecteur<br \/>\nTASKI<\/h5>\n                <a href=\"\/taski-selector\/\"><p>TROUVEZ<br \/>\nVOTRE<br \/>\nTASKI<\/p><\/a>\n             <\/div>\n            <\/div>\n           <\/div>\n           <div class=\"three-cta-item\">\n            <div class=\"tci-i\">\n             <div class=\"tci-item-content\">\n                <h5><strong>Vous voulez<\/strong><br \/>\nentrer en contact<br \/>\navec nous<\/h5>\n                <a href=\"\/news-help-contacts\/ask-paul-contact\/\"><p>CONTACTEZ-NOUS<\/p><\/a>\n             <\/div>\n            <\/div>\n           <\/div>\n        <\/div>\n      <\/div>\n    <\/div>\n  <\/div>\n  <div class=\"cl-fl\"><\/div>\n[\/vc_column][\/vc_row]<\/p>\n<\/div>","protected":false},"excerpt":{"rendered":"<p>[vc_row][vc_column][\/vc_column][\/vc_row][vc_row css=\u00a0\u00bb.vc_custom_1608399474529{padding-top: 90px !important;padding-bottom: 90px !important;background-color: #fafafa !important;}\u00a0\u00bb][vc_column][vc_row_inner][vc_column_inner width=\u00a0\u00bb1\/3&Prime; offset=\u00a0\u00bbvc_col-lg-4 vc_col-xs-12&Prime;][vc_column_text] Des technologies r\u00e9volutionnaires Technologies, conceptions et produits pour am\u00e9liorer la productivit\u00e9, atteindre l&rsquo;excellence en mati\u00e8re de nettoyage, \u00e9conomiser l&rsquo;\u00e9nergie et l&rsquo;eau, r\u00e9duire les produits chimiques et am\u00e9liorer la qualit\u00e9 de l&rsquo;air. Nous les appelons \u00ab\u00a0solutions intelligentes\u00a0\u00bb. [\/vc_column_text][\/vc_column_inner][vc_column_inner width=\u00a0\u00bb2\/3&Prime; offset=\u00a0\u00bbvc_col-lg-8 vc_col-md-12&Prime;][\/vc_column_inner][\/vc_row_inner][\/vc_column][\/vc_row][vc_row][vc_column][\/vc_column][\/vc_row]<\/p>\n","protected":false},"author":1,"featured_media":0,"parent":9144,"menu_order":345,"comment_status":"closed","ping_status":"closed","template":"","meta":{"_acf_changed":false,"_seopress_robots_primary_cat":"","_seopress_titles_title":"","_seopress_titles_desc":"","_seopress_robots_index":"","inline_featured_image":false,"footnotes":""},"class_list":["post-14625","page","type-page","status-publish","hentry"],"acf":[],"_links":{"self":[{"href":"https:\/\/taski.com\/fr\/wp-json\/wp\/v2\/pages\/14625","targetHints":{"allow":["GET"]}}],"collection":[{"href":"https:\/\/taski.com\/fr\/wp-json\/wp\/v2\/pages"}],"about":[{"href":"https:\/\/taski.com\/fr\/wp-json\/wp\/v2\/types\/page"}],"author":[{"embeddable":true,"href":"https:\/\/taski.com\/fr\/wp-json\/wp\/v2\/users\/1"}],"replies":[{"embeddable":true,"href":"https:\/\/taski.com\/fr\/wp-json\/wp\/v2\/comments?post=14625"}],"version-history":[{"count":0,"href":"https:\/\/taski.com\/fr\/wp-json\/wp\/v2\/pages\/14625\/revisions"}],"up":[{"embeddable":true,"href":"https:\/\/taski.com\/fr\/wp-json\/wp\/v2\/pages\/9144"}],"wp:attachment":[{"href":"https:\/\/taski.com\/fr\/wp-json\/wp\/v2\/media?parent=14625"}],"curies":[{"name":"wp","href":"https:\/\/api.w.org\/{rel}","templated":true}]}}