{"id":7795,"date":"2021-02-10T11:02:55","date_gmt":"2021-02-10T11:02:55","guid":{"rendered":"https:\/\/taski.com\/ley-de-privacidad-del-consumidor-de-california-ccpa\/"},"modified":"2021-02-10T11:02:55","modified_gmt":"2021-02-10T11:02:55","slug":"ley-de-privacidad-del-consumidor-de-california-ccpa","status":"publish","type":"page","link":"https:\/\/taski.com\/es\/ley-de-privacidad-del-consumidor-de-california-ccpa\/","title":{"rendered":"LEY DE PRIVACIDAD DEL CONSUMIDOR DE CALIFORNIA (CCPA)"},"content":{"rendered":"<p><span style=\"font-weight: 400;\">La Ley de Privacidad del Consumidor de California (\u00abCCPA\u00bb) es un proyecto de ley destinado a proteger a los residentes del Estado de California.<\/span><\/p>\n<p><span style=\"font-weight: 400;\">Los consumidores residentes legales en California que hayan optado por la recogida de sus datos, pueden solicitar en cualquier momento la eliminaci\u00f3n de su informaci\u00f3n personal identificable. Los datos que est\u00e1n a disposici\u00f3n del p\u00fablico no est\u00e1n incluidos en la Ley de Protecci\u00f3n del Consumidor de California. Los datos que se consideran informaci\u00f3n no personal identificable no est\u00e1n incluidos en la Ley de Privacidad del Consumidor de California, que permite a terceros para soluciones relacionadas con el negocio. Para que se produzca la recogida de datos, usted, como consumidor, es mayor de 16 a\u00f1os y ha decidido posteriormente aceptar la recogida y venta de datos personales.<\/span><\/p>\n<p><span style=\"font-weight: 400;\">La finalidad de la recogida de los datos permite a TASKI, y a nuestros terceros de confianza (plataformas de gesti\u00f3n de datos, anunciantes y asesores legales), utilizar y transferir los datos para lo siguiente: agregar los datos para crear una personalizaci\u00f3n y una orientaci\u00f3n para la publicidad dirigida, la medici\u00f3n, la anal\u00edtica y la investigaci\u00f3n.<\/span><\/p>\n<p><span style=\"font-weight: 400;\">Los perfiles personalizados creados a partir de los datos pueden incluir lo siguiente:<\/span><\/p>\n<ul>\n<li style=\"font-weight: 400;\" aria-level=\"1\"><span style=\"font-weight: 400;\">Nombre y apellidos<\/span><\/li>\n<li style=\"font-weight: 400;\" aria-level=\"1\"><span style=\"font-weight: 400;\">Direcci\u00f3n de correo electr\u00f3nico<\/span><\/li>\n<li style=\"font-weight: 400;\" aria-level=\"1\"><span style=\"font-weight: 400;\">Identificaci\u00f3n de la publicidad<\/span><\/li>\n<li style=\"font-weight: 400;\" aria-level=\"1\"><span style=\"font-weight: 400;\">ID de p\u00edxeles o cookies<\/span><\/li>\n<li style=\"font-weight: 400;\" aria-level=\"1\"><span style=\"font-weight: 400;\">Direcci\u00f3n del Protocolo de Internet (\u00abDirecci\u00f3n IP\u00bb)<\/span><\/li>\n<li style=\"font-weight: 400;\" aria-level=\"1\"><span style=\"font-weight: 400;\">Informaci\u00f3n comercial<\/span><\/li>\n<li style=\"font-weight: 400;\" aria-level=\"1\"><span style=\"font-weight: 400;\">Actividad m\u00f3vil<\/span><\/li>\n<\/ul>\n<p><span style=\"font-weight: 400;\">Tenga en cuenta que esto s\u00f3lo le hace salir del sitio web de TASKI y seguir\u00e1 recibiendo publicidad en Internet. Tambi\u00e9n puede consultar nuestra pol\u00edtica de privacidad completa  <\/span><a href=\"https:\/\/taski.com\/privacy-policy\/\" target=\"_blank\" rel=\"noopener\"><br \/>\n  <span style=\"font-weight: 400;\">aqu\u00ed<\/span><br \/>\n<\/a><span style=\"font-weight: 400;\">.<\/span><\/p>\n<p><span style=\"font-weight: 400;\">Los residentes de California que no deseen que sus datos se utilicen con fines de venta, pueden visitar nuestra p\u00e1gina No vender mi informaci\u00f3n personal <\/span><a href=\"https:\/\/taski.com\/do-not-sell-my-personal-info\/\" target=\"_blank\" rel=\"noopener\"><br \/>\n  <span style=\"font-weight: 400;\">aqu\u00ed<\/span><br \/>\n<\/a><span style=\"font-weight: 400;\">.<\/span><\/p>\n<p><span style=\"font-weight: 400;\">Los residentes de California que no deseen que sus datos sean utilizados por Common Sense Advisors con fines comerciales, pueden visitar nuestra p\u00e1gina de exclusi\u00f3n voluntaria <\/span><a href=\"https:\/\/taski.com\/do-not-sell-my-personal-info\/#opt-out\" target=\"_blank\" rel=\"noopener\"><br \/>\n  <span style=\"font-weight: 400;\">aqu\u00ed<\/span><br \/>\n<\/a><span style=\"font-weight: 400;\">.<\/span><\/p>\n<p><span style=\"font-weight: 400;\">Si tiene preguntas o solicitudes de acceso\/borrado, <a href=\"https:\/\/taski.com\/noticias-ayuda-y-contactos\/contacte-con\/?lang=es\" target=\"_blank\" rel=\"noopener\">p\u00f3ngase en contacto con nosotros.<\/a><\/span><\/p>\n","protected":false},"excerpt":{"rendered":"<p>La Ley de Privacidad del Consumidor de California (\u00abCCPA\u00bb) es un proyecto de ley destinado a proteger a los residentes del Estado de California. Los consumidores residentes legales en California que hayan optado por la recogida de sus datos, pueden solicitar en cualquier momento la eliminaci\u00f3n de su informaci\u00f3n personal identificable. Los datos que est\u00e1n [&hellip;]<\/p>\n","protected":false},"author":1,"featured_media":0,"parent":0,"menu_order":117,"comment_status":"closed","ping_status":"closed","template":"","meta":{"_acf_changed":false,"_seopress_robots_primary_cat":"","_seopress_titles_title":"","_seopress_titles_desc":"","_seopress_robots_index":"","inline_featured_image":false,"footnotes":""},"class_list":["post-7795","page","type-page","status-publish","hentry"],"acf":[],"_links":{"self":[{"href":"https:\/\/taski.com\/es\/wp-json\/wp\/v2\/pages\/7795","targetHints":{"allow":["GET"]}}],"collection":[{"href":"https:\/\/taski.com\/es\/wp-json\/wp\/v2\/pages"}],"about":[{"href":"https:\/\/taski.com\/es\/wp-json\/wp\/v2\/types\/page"}],"author":[{"embeddable":true,"href":"https:\/\/taski.com\/es\/wp-json\/wp\/v2\/users\/1"}],"replies":[{"embeddable":true,"href":"https:\/\/taski.com\/es\/wp-json\/wp\/v2\/comments?post=7795"}],"version-history":[{"count":0,"href":"https:\/\/taski.com\/es\/wp-json\/wp\/v2\/pages\/7795\/revisions"}],"wp:attachment":[{"href":"https:\/\/taski.com\/es\/wp-json\/wp\/v2\/media?parent=7795"}],"curies":[{"name":"wp","href":"https:\/\/api.w.org\/{rel}","templated":true}]}}