{"id":7761,"date":"2020-12-01T11:57:42","date_gmt":"2020-12-01T11:57:42","guid":{"rendered":"https:\/\/taski.com\/preguntas-frecuentes\/"},"modified":"2022-09-15T08:52:39","modified_gmt":"2022-09-15T08:52:39","slug":"preguntas-frecuentes","status":"publish","type":"page","link":"https:\/\/taski.com\/es\/preguntas-frecuentes\/","title":{"rendered":"Preguntas Frecuentes"},"content":{"rendered":"<div class=\"wpb-content-wrapper\"><p>[vc_row][vc_column]               <div class=\"row full-row\">\n                 <div class=\"faq-block\">\n                  <div class=\"faq-block-i\">\n                    <div class=\"faq-block-title\"><h2>Preguntas frecuentes (FAQ)<\/h2><\/div>\n                    <div class=\"faq-block-nav\">\n                      <div class=\"faq-block-nav-grid\">\n                        <a href=\"#\" class=\"active\" data-tab=\"all\">All<\/a>\n                                    <a href=\"#\" data-tab=\"general-es\">General<\/a>\n\n                                    <a href=\"#\" data-tab=\"industria-mercados-y-tendencias\">Industria, mercados y tendencias<\/a>\n\n                                    <a href=\"#\" data-tab=\"productos-y-servicios\">Productos y servicios<\/a>\n\n                \n                      <\/div>\n                    <\/div>\n\n\n                    <div class=\"faq-block-items\">\n                                        <div class=\"faq-block-item \">\n                      <div class=\"fbi-header\"><a href=\"#\">Is TASKI WEEE compliant? <i class=\"fa fa-chevron-down\"><\/i><\/a><\/div>\n                      <div class=\"fbi-content\"><div class=\"fbi-content-i\"><p>Solenis is committed to meeting the requirements of the European Union (Waste Electrical and Electronic Equipment) Regulations 2014. These Regulations require producers of electrical and electronic equipment to finance the takeback of WEEE resulting from products that we place on the Irish market. This helps us to ensure that WEEE is reused or recycled safely. In line with that commitment Solenis will take back WEEE from you. Please contact us for details.<\/p>\n<p>You also have a role to play in ensuring that WEEE is reused and recycled safely. So, if you choose not to return WEEE to us then you should not dispose of it in your bin. The crossed out wheeled-bin symbol on the product reminds users not to dispose WEEE in the bin. You should ensure that the WEEE is collected separately and sent for proper treatment. WEEE contains hazardous substances and if not managed and treated safely it can cause pollution and damage human health.<\/p>\n<\/div><\/div>\n                    <\/div>\n                                        <div class=\"faq-block-item productos-y-servicios\">\n                      <div class=\"fbi-header\"><a href=\"#\">\u00bfVenden aspiradoras de bater\u00eda y m\u00e1quinas peque\u00f1as? <i class=\"fa fa-chevron-down\"><\/i><\/a><\/div>\n                      <div class=\"fbi-content\"><div class=\"fbi-content-i\"><p>S\u00ed, fabricamos las \u00faltimas aspiradoras y fregadoras con motor de litio y digital. Para m\u00e1s detalles, visite nuestras <a href=\"\/products-innovations-solutions\/\">p\u00e1ginas de<\/a> <a href=\"\/products-innovations-solutions\/innovations\/\">Innovaci\u00f3n<\/a> y <a href=\"\/products-innovations-solutions\/\">Productos<\/a><\/p>\n<\/div><\/div>\n                    <\/div>\n                                        <div class=\"faq-block-item industria-mercados-y-tendencias\">\n                      <div class=\"fbi-header\"><a href=\"#\">\u00bfTiene TASKI alg\u00fan estudio de caso sobre su sostenibilidad? <i class=\"fa fa-chevron-down\"><\/i><\/a><\/div>\n                      <div class=\"fbi-content\"><div class=\"fbi-content-i\"><p>S\u00ed. Podemos presentar pruebas de soluciones sostenibles tanto para suelos duros como para alfombras. Tambi\u00e9n innovaciones y tecnolog\u00edas. Para m\u00e1s detalles, visite nuestra <a href=\"\/why-taski\/about-taski\/sustainability\/\">p\u00e1gina sobre sostenibilidad<\/a><\/p>\n<\/div><\/div>\n                    <\/div>\n                                        <div class=\"faq-block-item general-es\">\n                      <div class=\"fbi-header\"><a href=\"#\">\u00bfTodas las m\u00e1quinas TASKI se fabrican en Suiza? <i class=\"fa fa-chevron-down\"><\/i><\/a><\/div>\n                      <div class=\"fbi-content\"><div class=\"fbi-content-i\"><p>No. TASKI fabrica y se abastece principalmente de pa\u00edses europeos, pero tambi\u00e9n de Asia. Para m\u00e1s detalles, p\u00f3ngase en <a href=\"\/news-help-contacts\/\">contacto con nosotros.<\/a><\/p>\n<\/div><\/div>\n                    <\/div>\n                                        <div class=\"faq-block-item general-es\">\n                      <div class=\"fbi-header\"><a href=\"#\">\u00bfDesde cu\u00e1ndo existe TASKI? <i class=\"fa fa-chevron-down\"><\/i><\/a><\/div>\n                      <div class=\"fbi-content\"><div class=\"fbi-content-i\"><p>M\u00e1s de 65 a\u00f1os. Estamos orgullosos de nuestra herencia suiza.<\/p>\n<\/div><\/div>\n                    <\/div>\n                                        <div class=\"faq-block-item general-es\">\n                      <div class=\"fbi-header\"><a href=\"#\">\u00bfD\u00f3nde se encuentra TASKI? <i class=\"fa fa-chevron-down\"><\/i><\/a><\/div>\n                      <div class=\"fbi-content\"><div class=\"fbi-content-i\"><p>Munchwilen se encuentra en el noreste de Suiza, al norte de Z\u00farich.<\/p>\n<\/div><\/div>\n                    <\/div>\n                                        <div class=\"faq-block-item general-es\">\n                      <div class=\"fbi-header\"><a href=\"#\">\u00bfTASKI forma parte de Diversey? <i class=\"fa fa-chevron-down\"><\/i><\/a><\/div>\n                      <div class=\"fbi-content\"><div class=\"fbi-content-i\"><p>S\u00ed y muy orgulloso de formar parte de la familia. TASKI es una unidad de negocio estrat\u00e9gica dentro de la familia Diversey. Para m\u00e1s detalles sobre Diversey, visite <a href=\"https:\/\/diversey.com\/en\">www.diversey.com<\/a><\/p>\n<p>&nbsp;<\/p>\n<\/div><\/div>\n                    <\/div>\n                                        <div class=\"faq-block-item general-es\">\n                      <div class=\"fbi-header\"><a href=\"#\">\u00bfQu\u00e9 regiones y pa\u00edses atiende TASKI? <i class=\"fa fa-chevron-down\"><\/i><\/a><\/div>\n                      <div class=\"fbi-content\"><div class=\"fbi-content-i\"><p>TASKI est\u00e1 disponible en todos los continentes y en todos los pa\u00edses en los que Diversey est\u00e1 presente. Son m\u00e1s de 80 pa\u00edses. Si desea m\u00e1s informaci\u00f3n, p\u00f3ngase en <a href=\"\/news-help-contacts\/\">contacto con nosotros<\/a> y estaremos encantados de proporcionarle asesoramiento experto.<\/p>\n<\/div><\/div>\n                    <\/div>\n                                        <div class=\"faq-block-item general-es industria-mercados-y-tendencias\">\n                      <div class=\"fbi-header\"><a href=\"#\">\u00bfTiene soluciones para la limpieza diurna? <i class=\"fa fa-chevron-down\"><\/i><\/a><\/div>\n                      <div class=\"fbi-content\"><div class=\"fbi-content-i\"><p>S\u00ed, TASKI ha desarrollado peque\u00f1as m\u00e1quinas de bater\u00eda para facilitar una limpieza mec\u00e1nica segura durante el d\u00eda. <a href=\"https:\/\/taski.com\/product\/aero-8-15-8-15-plus\/\">Para<\/a> m\u00e1s detalles, consulte nuestras p\u00e1ginas de <a href=\"\/why-taski\/expert-advice\/current-trends-best-practise\/\">Tendencias actuales y Mejores pr\u00e1cticas<\/a> <\/p>\n<\/div><\/div>\n                    <\/div>\n                                        <div class=\"faq-block-item productos-y-servicios\">\n                      <div class=\"fbi-header\"><a href=\"#\">\u00bfTiene TASKI alguna innovaci\u00f3n sostenible? <i class=\"fa fa-chevron-down\"><\/i><\/a><\/div>\n                      <div class=\"fbi-content\"><div class=\"fbi-content-i\"><p>S\u00ed. Tanto las innovaciones como las tecnolog\u00edas. Para m\u00e1s detalles, visite nuestras p\u00e1ginas de <a href=\"\/products-innovations-solutions\/innovations\/\">Soluciones Inteligentes<\/a> <\/p>\n<\/div><\/div>\n                    <\/div>\n                                        <div class=\"faq-block-item industria-mercados-y-tendencias\">\n                      <div class=\"fbi-header\"><a href=\"#\">\u00bfA qu\u00e9 sectores sirve TASKI? <i class=\"fa fa-chevron-down\"><\/i><\/a><\/div>\n                      <div class=\"fbi-content\"><div class=\"fbi-content-i\"><p>TASKI suministra a los principales mercados y sectores. Incluyendo la gesti\u00f3n de instalaciones, el comercio minorista, la hosteler\u00eda, la sanidad (aguda) y la sanidad (de larga duraci\u00f3n), la administraci\u00f3n p\u00fablica y la educaci\u00f3n y los servicios de alimentaci\u00f3n. Para m\u00e1s detalles, visite las p\u00e1ginas de <a href=\"\/why-taski\/your-markets-sectors\/\">Sus Mercados y Sectores<\/a> <\/p>\n<\/div><\/div>\n                    <\/div>\n                                        <div class=\"faq-block-item industria-mercados-y-tendencias\">\n                      <div class=\"fbi-header\"><a href=\"#\">\u00bfC\u00f3mo se mantiene TASKI en contacto con las tendencias del mercado? <i class=\"fa fa-chevron-down\"><\/i><\/a><\/div>\n                      <div class=\"fbi-content\"><div class=\"fbi-content-i\"><p>TASKI es diferente a cualquier otro fabricante de m\u00e1quinas. Formar parte de Diversey permite a TASKI adelantarse a la competencia. Para m\u00e1s detalles, visite nuestras p\u00e1ginas <a href=\"\/why-taski\/\">Acerca de TASKI<\/a> y <a href=\"\/why-taski\/taski-competencies\/\">Competencias de TASKI<\/a> <\/p>\n<\/div><\/div>\n                    <\/div>\n                                        <\/div>\n\n\n                  <\/div>\n                 <\/div>\n               <\/div>\n               <script>\n                    if(window.location.hash) {\n                        \/\/ Fragment exists\n                        var tab_to_call = window.location.hash;\n                        tab_to_call = tab_to_call.replace('#','');\n                        jQuery(window).load( function(){\n                            \/\/jQuery('.faq-block-nav-grid a[data-tab=products-services]').addClass('woo');\n\n                               jQuery('.faq-block-nav-grid a[data-tab='+tab_to_call+']').addClass('woo').trigger('click');\n\n                        });\n                    } else {\n                    \/\/ Fragment doesn't exist\n                    }\n               <\/script>\n[\/vc_column][\/vc_row][vc_row][vc_column][vc_row_inner][vc_column_inner][vc_column_text]<\/p>\n<h2>No puedes encontrar tu respuesta<br \/>\nEnv\u00eda tu pregunta <a href=\"#\">aqu\u00ed<\/a><\/h2>\n<p>Nuestro equipo de expertos est\u00e1 siempre aqu\u00ed y compartimos tus preguntas en nuestras Preguntas Frecuentes[\/vc_column_text][\/vc_column_inner][\/vc_row_inner][\/vc_column][\/vc_row]<\/p>\n<\/div>","protected":false},"excerpt":{"rendered":"<p>[vc_row][vc_column][\/vc_column][\/vc_row][vc_row][vc_column][vc_row_inner][vc_column_inner][vc_column_text] No puedes encontrar tu respuesta Env\u00eda tu pregunta aqu\u00ed Nuestro equipo de expertos est\u00e1 siempre aqu\u00ed y compartimos tus preguntas en nuestras Preguntas Frecuentes[\/vc_column_text][\/vc_column_inner][\/vc_row_inner][\/vc_column][\/vc_row]<\/p>\n","protected":false},"author":1,"featured_media":0,"parent":0,"menu_order":558,"comment_status":"closed","ping_status":"closed","template":"","meta":{"_acf_changed":false,"_seopress_robots_primary_cat":"","_seopress_titles_title":"","_seopress_titles_desc":"","_seopress_robots_index":"","inline_featured_image":false,"footnotes":""},"class_list":["post-7761","page","type-page","status-publish","hentry"],"acf":[],"_links":{"self":[{"href":"https:\/\/taski.com\/es\/wp-json\/wp\/v2\/pages\/7761","targetHints":{"allow":["GET"]}}],"collection":[{"href":"https:\/\/taski.com\/es\/wp-json\/wp\/v2\/pages"}],"about":[{"href":"https:\/\/taski.com\/es\/wp-json\/wp\/v2\/types\/page"}],"author":[{"embeddable":true,"href":"https:\/\/taski.com\/es\/wp-json\/wp\/v2\/users\/1"}],"replies":[{"embeddable":true,"href":"https:\/\/taski.com\/es\/wp-json\/wp\/v2\/comments?post=7761"}],"version-history":[{"count":0,"href":"https:\/\/taski.com\/es\/wp-json\/wp\/v2\/pages\/7761\/revisions"}],"wp:attachment":[{"href":"https:\/\/taski.com\/es\/wp-json\/wp\/v2\/media?parent=7761"}],"curies":[{"name":"wp","href":"https:\/\/api.w.org\/{rel}","templated":true}]}}