{"id":19215,"date":"2021-07-15T10:06:16","date_gmt":"2021-07-15T10:06:16","guid":{"rendered":"https:\/\/taski.com\/solicitud-de-ayuda-de-taski-ar\/"},"modified":"2022-09-14T15:42:53","modified_gmt":"2022-09-14T15:42:53","slug":"solicitud-de-ayuda-de-taski-ar","status":"publish","type":"page","link":"https:\/\/taski.com\/es\/solicitud-de-ayuda-de-taski-ar\/","title":{"rendered":"Solicitud de ayuda de TASKI AR"},"content":{"rendered":"<div class=\"wpb-content-wrapper\"><p>[vc_row][vc_column][vc_column_text el_class=\u00bbcontact-page-form-area-intro\u00bb]<\/p>\n<h2 style=\"text-align: center;\">Solicitud de ayuda de TASKI AR<\/h2>\n<p style=\"text-align: center;\">Utilice los desplegables para ayudarnos a ayudarle m\u00e1s r\u00e1pidamente.<br \/>\nNuestro equipo local de expertos est\u00e1 siempre a su disposici\u00f3n.<\/p>\n<p>[\/vc_column_text][\/vc_column][\/vc_row][vc_row][vc_column][vc_raw_html]PGRpdiBzdHlsZT0ibWFyZ2luOjAgYXV0bzsgbWF4LXdpZHRoOjgwMHB4OyI+CjwhLS1baWYgbHRlIElFIDhdPgo8c2NyaXB0IGNoYXJzZXQ9InV0Zi04IiB0eXBlPSJ0ZXh0L2phdmFzY3JpcHQiIHNyYz0iLy9qcy5oc2Zvcm1zLm5ldC9mb3Jtcy92Mi1sZWdhY3kuanMiPjwvc2NyaXB0Pgo8IVtlbmRpZl0tLT4KPHNjcmlwdCBjaGFyc2V0PSJ1dGYtOCIgdHlwZT0idGV4dC9qYXZhc2NyaXB0IiBzcmM9Ii8vanMuaHNmb3Jtcy5uZXQvZm9ybXMvdjIuanMiPjwvc2NyaXB0Pgo8c2NyaXB0PgogIGhic3B0LmZvcm1zLmNyZWF0ZSh7CnJlZ2lvbjogIm5hMSIsCnBvcnRhbElkOiAiNTcxMjIxMSIsCmZvcm1JZDogImRjNjBkMDJjLWQxYTYtNGJkYi05ZjNhLTdjN2Q3NjMwZWQwMyIKfSk7Cjwvc2NyaXB0Pgo8L2Rpdj4=[\/vc_raw_html][\/vc_column][\/vc_row][vc_row css=\u00bb.vc_custom_1626344067192{background-color: #fafafa !important;}\u00bb][vc_column]\n  <div class=\"three-cta-block\">\n    <div class=\"three-cta-block-i\">\n      <div class=\"row\">\n        <div class=\"three-cta-block-grid\">\n           <div class=\"three-cta-item\">\n            <div class=\"tci-i\">\n             <div class=\"tci-item-content\">\n                <h5><strong>Quiere<\/strong><br \/>descubrir<br \/>m\u00e1s<\/h5>\n                <a href=\"\/products-innovations-solutions\/\"><p>PRODUCTOS, SOLUCIONES <br \/> E INNOVACIONES <br \/><\/p><\/a>\n             <\/div>\n            <\/div>\n           <\/div>\n           <div class=\"three-cta-item\">\n            <div class=\"tci-i\">\n             <div class=\"tci-item-content\">\n                <h5><strong>Quiero<\/strong><br \/>a<br \/>\u00bfComprar?<\/h5>\n                <a href=\"\/shop\/\"><p>MI<br \/>TASKI<br \/>TIENDA<\/p><\/a>\n             <\/div>\n            <\/div>\n           <\/div>\n           <div class=\"three-cta-item\">\n            <div class=\"tci-i\">\n             <div class=\"tci-item-content\">\n                <h5><strong>P\u00f3ngase en contacto con nosotros<\/strong><br \/>con<br \/>us<\/h5>\n                <a href=\"\/news-help-contacts\/\"><p>CONTACTO<br \/>EE.UU.<\/p><\/a>\n             <\/div>\n            <\/div>\n           <\/div>\n        <\/div>\n      <\/div>\n    <\/div>\n  <\/div>\n  <div class=\"cl-fl\"><\/div>\n[\/vc_column][\/vc_row]<\/p>\n<\/div>","protected":false},"excerpt":{"rendered":"<p>[vc_row][vc_column][vc_column_text el_class=\u00bbcontact-page-form-area-intro\u00bb] Solicitud de ayuda de TASKI AR Utilice los desplegables para ayudarnos a ayudarle m\u00e1s r\u00e1pidamente. Nuestro equipo local de expertos est\u00e1 siempre a su disposici\u00f3n. [\/vc_column_text][\/vc_column][\/vc_row][vc_row][vc_column][vc_raw_html]PGRpdiBzdHlsZT0ibWFyZ2luOjAgYXV0bzsgbWF4LXdpZHRoOjgwMHB4OyI+CjwhLS1baWYgbHRlIElFIDhdPgo8c2NyaXB0IGNoYXJzZXQ9InV0Zi04IiB0eXBlPSJ0ZXh0L2phdmFzY3JpcHQiIHNyYz0iLy9qcy5oc2Zvcm1zLm5ldC9mb3Jtcy92Mi1sZWdhY3kuanMiPjwvc2NyaXB0Pgo8IVtlbmRpZl0tLT4KPHNjcmlwdCBjaGFyc2V0PSJ1dGYtOCIgdHlwZT0idGV4dC9qYXZhc2NyaXB0IiBzcmM9Ii8vanMuaHNmb3Jtcy5uZXQvZm9ybXMvdjIuanMiPjwvc2NyaXB0Pgo8c2NyaXB0PgogIGhic3B0LmZvcm1zLmNyZWF0ZSh7CnJlZ2lvbjogIm5hMSIsCnBvcnRhbElkOiAiNTcxMjIxMSIsCmZvcm1JZDogImRjNjBkMDJjLWQxYTYtNGJkYi05ZjNhLTdjN2Q3NjMwZWQwMyIKfSk7Cjwvc2NyaXB0Pgo8L2Rpdj4=[\/vc_raw_html][\/vc_column][\/vc_row][vc_row css=\u00bb.vc_custom_1626344067192{background-color: #fafafa !important;}\u00bb][vc_column][\/vc_column][\/vc_row]<\/p>\n","protected":false},"author":1,"featured_media":0,"parent":0,"menu_order":83,"comment_status":"closed","ping_status":"closed","template":"","meta":{"_acf_changed":false,"_seopress_robots_primary_cat":"","_seopress_titles_title":"","_seopress_titles_desc":"","_seopress_robots_index":"","inline_featured_image":false,"footnotes":""},"class_list":["post-19215","page","type-page","status-publish","hentry"],"acf":[],"_links":{"self":[{"href":"https:\/\/taski.com\/es\/wp-json\/wp\/v2\/pages\/19215","targetHints":{"allow":["GET"]}}],"collection":[{"href":"https:\/\/taski.com\/es\/wp-json\/wp\/v2\/pages"}],"about":[{"href":"https:\/\/taski.com\/es\/wp-json\/wp\/v2\/types\/page"}],"author":[{"embeddable":true,"href":"https:\/\/taski.com\/es\/wp-json\/wp\/v2\/users\/1"}],"replies":[{"embeddable":true,"href":"https:\/\/taski.com\/es\/wp-json\/wp\/v2\/comments?post=19215"}],"version-history":[{"count":0,"href":"https:\/\/taski.com\/es\/wp-json\/wp\/v2\/pages\/19215\/revisions"}],"wp:attachment":[{"href":"https:\/\/taski.com\/es\/wp-json\/wp\/v2\/media?parent=19215"}],"curies":[{"name":"wp","href":"https:\/\/api.w.org\/{rel}","templated":true}]}}