{"id":7133,"date":"2020-12-03T07:48:37","date_gmt":"2020-12-03T07:48:37","guid":{"rendered":"https:\/\/taski.com\/produkte-innovationen-loesungen\/products\/einzelne-discs\/"},"modified":"2026-04-13T17:08:47","modified_gmt":"2026-04-13T17:08:47","slug":"einscheibenmaschinen","status":"publish","type":"page","link":"https:\/\/taski.com\/de\/produkte-innovationen-loesungen\/products\/einscheibenmaschinen\/","title":{"rendered":"Einscheibenmaschinen"},"content":{"rendered":"<div class=\"wpb-content-wrapper\"><p>[vc_row][vc_column]\n  <div class=\"page-intro-block size-fit-image style-dark font-large\">\n         <div class=\"page-intro-block-i\">\n      <div class=\"row\">\n        <div class=\"page-intro-content\">\n            <div class=\"title-block\">\n                                     <h2><span class=\"pt\">Einscheibenmaschinen<\/span>Die ergodisc-Reihe ist bekannt f\u00fcr <strong>Qualit\u00e4t und Zuverl\u00e4ssigkeit.<\/strong> Beispielloses Design, Konstruktion und Pr\u00e4zision.<\/h2>\n                                                 <\/div>\n            <div class=\"page-intro-image\">\n                                <div class=\"page-intro-image-alt\">\n                    \n                    <img decoding=\"async\" src=\"https:\/\/taski.com\/wp-content\/uploads\/2020\/12\/DSC_0012-scaled.jpg\" alt=\"\" \/>\n\n                <\/div>\n            <\/div>\n        <\/div>\n      <\/div>\n\n\n    <\/div>\n  <\/div>\n  <div class=\"cl-fl\"><\/div>\n[\/vc_column][\/vc_row][vc_row][vc_column][vc_basic_grid post_type=&#8220;taski-products&#8220; style=&#8220;load-more&#8220; show_filter=&#8220;yes&#8220; element_width=&#8220;2&#8243; gap=&#8220;35&#8243; orderby=&#8220;menu_order&#8220; order=&#8220;ASC&#8220; filter_style=&#8220;default-less-rounded&#8220; filter_color=&#8220;orange&#8220; filter_size=&#8220;lg&#8220; item=&#8220;50527&#8243; css=&#8220;.vc_custom_1776100085477{margin-top: 20px !important;margin-bottom: 80px !important;}&#8220; max_items=&#8220;-1&#8243; items_per_page=&#8220;6&#8243; grid_id=&#8220;vc_gid:1776099602900-53245e61-91fd-9&#8243; taxonomies=&#8220;624, 170, 171, 169&#8243; filter_source=&#8220;taski_product__category&#8220; exclude_filter=&#8220;20&#8243; filter_default_title=&#8220;All&#8220; btn_title=&#8220;Load more&#8220;][\/vc_column][\/vc_row][vc_row css=&#8220;.vc_custom_1606587476742{padding-top: 80px !important;padding-bottom: 95px !important;}&#8220;][vc_column]\n  <div class=\"product-description-block style-light image-left\">\n    <div class=\"product-description-block-i\">\n        <div class=\"product-description-block-content\">\n          <div class=\"product-description-block-title\">\n                            <div class=\"pdbt-icon\"><img decoding=\"async\" src=\"https:\/\/taski.com\/wp-content\/uploads\/2020\/12\/dollar.png\" \/><\/div>\n                <div class=\"pdbt-text\">Total cost of ownership<\/div>\n                      <\/div>\n          <div class=\"product-description-block-text\"><p>Die legend\u00e4re Qualit\u00e4t und Robustheit von TASKI\u00a0 erlaubt, dass ergodisc Maschinen einfach immer weiterarbeiten.<\/p>\n<p>Die ergodisc-Maschinen sind \u00e4u\u00dferst zuverl\u00e4ssig und bieten ein <strong>ausgezeichnetes Preis-Leistungs-Verh\u00e4ltnis.<\/strong><\/p>\n<\/div>\n        <\/div>\n        <div class=\"product-description-block-image\" style=\"background-image:url(https:\/\/taski.com\/wp-content\/uploads\/2021\/01\/Ergo-Disc_2_mediumsize-scaled.jpg)\">\n\n        <\/div>\n    <\/div>\n  <\/div>\n  <div class=\"cl-fl\"><\/div>\n\n  <div class=\"product-description-block style-dark image-right\">\n    <div class=\"product-description-block-i\">\n        <div class=\"product-description-block-content\">\n          <div class=\"product-description-block-title\">\n                            <div class=\"pdbt-icon\"><img decoding=\"async\" src=\"https:\/\/taski.com\/wp-content\/uploads\/2020\/12\/clock.png\" \/><\/div>\n                <div class=\"pdbt-text\">Betriebseffizienz<\/div>\n                      <\/div>\n          <div class=\"product-description-block-text\"><p>Wenn Zeit Geld ist, erledigt eine ergodisc die Arbeit<strong> immer bereits beim ersten Mal.<\/strong><\/p>\n<\/div>\n        <\/div>\n        <div class=\"product-description-block-image\" style=\"background-image:url(https:\/\/taski.com\/wp-content\/uploads\/2020\/12\/single-discs.jpg)\">\n\n        <\/div>\n    <\/div>\n  <\/div>\n  <div class=\"cl-fl\"><\/div>\n\n  <div class=\"product-description-block style-light image-left\">\n    <div class=\"product-description-block-i\">\n        <div class=\"product-description-block-content\">\n          <div class=\"product-description-block-title\">\n                            <div class=\"pdbt-icon\"><img decoding=\"async\" src=\"https:\/\/taski.com\/wp-content\/uploads\/2020\/12\/people.png\" \/><\/div>\n                <div class=\"pdbt-text\">Anwender &amp; Sicherheit<\/div>\n                      <\/div>\n          <div class=\"product-description-block-text\"><p><strong>Ergonomisch<\/strong> verstellbarer Griff mit Handschutz, leichter Start und sanfter Vibrationslauf<strong> f\u00fchrt zu weniger M\u00fcdigkeit der Anwender<\/strong>.<\/p>\n<\/div>\n        <\/div>\n        <div class=\"product-description-block-image\" style=\"background-image:url(https:\/\/taski.com\/wp-content\/uploads\/2021\/01\/ergodisc-165-Image-4.jpg)\">\n\n        <\/div>\n    <\/div>\n  <\/div>\n  <div class=\"cl-fl\"><\/div>\n[\/vc_column][\/vc_row][vc_row][vc_column][vc_row_inner][vc_column_inner]\n  <div class=\"three-cta-block\">\n    <div class=\"three-cta-block-i\">\n      <div class=\"row\">\n        <div class=\"three-cta-block-grid\">\n           <div class=\"three-cta-item\">\n            <div class=\"tci-i\">\n             <div class=\"tci-item-content\">\n                <h5><strong>Unsere<\/strong><br \/>\nL\u00f6sungen<\/h5>\n                <a href=\"\/produkte-innovationen-loesungen\/?lang=de\"><p>Produkte<br \/>\nund<br \/>\nL\u00f6sungen<\/p><\/a>\n             <\/div>\n            <\/div>\n           <\/div>\n           <div class=\"three-cta-item\">\n            <div class=\"tci-i\">\n             <div class=\"tci-item-content\">\n                <h5><strong>Jetzt <\/strong><br \/>\nbestellen<\/h5>\n                <a href=\"\/mein-taski-shop\/?lang=de\"><p>Zum<br \/>\nTASKI<br \/>\nShop<\/p><\/a>\n             <\/div>\n            <\/div>\n           <\/div>\n           <div class=\"three-cta-item\">\n            <div class=\"tci-i\">\n             <div class=\"tci-item-content\">\n                <h5><strong>Jetzt <\/strong><br \/>\nanfragen<\/h5>\n                <a href=\"\/nachrichten-hilfe-kontakte\/kontakt\/?lang=de\"><p>Kontakt<\/p><\/a>\n             <\/div>\n            <\/div>\n           <\/div>\n        <\/div>\n      <\/div>\n    <\/div>\n  <\/div>\n  <div class=\"cl-fl\"><\/div>\n[\/vc_column_inner][\/vc_row_inner][\/vc_column][\/vc_row]<\/p>\n<\/div>","protected":false},"excerpt":{"rendered":"<p>[vc_row][vc_column][\/vc_column][\/vc_row][vc_row][vc_column][vc_basic_grid post_type=&#8220;taski-products&#8220; style=&#8220;load-more&#8220; show_filter=&#8220;yes&#8220; element_width=&#8220;2&#8243; gap=&#8220;35&#8243; orderby=&#8220;menu_order&#8220; order=&#8220;ASC&#8220; filter_style=&#8220;default-less-rounded&#8220; filter_color=&#8220;orange&#8220; filter_size=&#8220;lg&#8220; item=&#8220;50527&#8243; css=&#8220;.vc_custom_1776100085477{margin-top: 20px !important;margin-bottom: 80px !important;}&#8220; max_items=&#8220;-1&#8243; items_per_page=&#8220;6&#8243; grid_id=&#8220;vc_gid:1776099602900-53245e61-91fd-9&#8243; taxonomies=&#8220;624, 170, 171, 169&#8243; filter_source=&#8220;taski_product__category&#8220; exclude_filter=&#8220;20&#8243; filter_default_title=&#8220;All&#8220; btn_title=&#8220;Load more&#8220;][\/vc_column][\/vc_row][vc_row css=&#8220;.vc_custom_1606587476742{padding-top: 80px !important;padding-bottom: 95px !important;}&#8220;][vc_column][\/vc_column][\/vc_row][vc_row][vc_column][vc_row_inner][vc_column_inner][\/vc_column_inner][\/vc_row_inner][\/vc_column][\/vc_row]<\/p>\n","protected":false},"author":1,"featured_media":0,"parent":6893,"menu_order":252,"comment_status":"closed","ping_status":"closed","template":"page-products.php","meta":{"_acf_changed":false,"_seopress_robots_primary_cat":"","_seopress_titles_title":"","_seopress_titles_desc":"","_seopress_robots_index":"","inline_featured_image":false,"footnotes":""},"class_list":["post-7133","page","type-page","status-publish","hentry"],"acf":[],"_links":{"self":[{"href":"https:\/\/taski.com\/de\/wp-json\/wp\/v2\/pages\/7133","targetHints":{"allow":["GET"]}}],"collection":[{"href":"https:\/\/taski.com\/de\/wp-json\/wp\/v2\/pages"}],"about":[{"href":"https:\/\/taski.com\/de\/wp-json\/wp\/v2\/types\/page"}],"author":[{"embeddable":true,"href":"https:\/\/taski.com\/de\/wp-json\/wp\/v2\/users\/1"}],"replies":[{"embeddable":true,"href":"https:\/\/taski.com\/de\/wp-json\/wp\/v2\/comments?post=7133"}],"version-history":[{"count":2,"href":"https:\/\/taski.com\/de\/wp-json\/wp\/v2\/pages\/7133\/revisions"}],"predecessor-version":[{"id":57876,"href":"https:\/\/taski.com\/de\/wp-json\/wp\/v2\/pages\/7133\/revisions\/57876"}],"up":[{"embeddable":true,"href":"https:\/\/taski.com\/de\/wp-json\/wp\/v2\/pages\/6893"}],"wp:attachment":[{"href":"https:\/\/taski.com\/de\/wp-json\/wp\/v2\/media?parent=7133"}],"curies":[{"name":"wp","href":"https:\/\/api.w.org\/{rel}","templated":true}]}}