{"id":6995,"date":"2020-12-13T13:24:13","date_gmt":"2020-12-13T13:24:13","guid":{"rendered":"https:\/\/taski.com\/produkte-innovationen-loesungen\/products\/robotik\/"},"modified":"2025-12-17T13:06:58","modified_gmt":"2025-12-17T13:06:58","slug":"robotik","status":"publish","type":"page","link":"https:\/\/taski.com\/de\/produkte-innovationen-loesungen\/products\/robotik\/","title":{"rendered":"Robotik"},"content":{"rendered":"<div class=\"wpb-content-wrapper\"><p>[vc_row][vc_column]\n  <div class=\"page-intro-block size-fit-image style-dark font-large\">\n         <div class=\"page-intro-block-i\">\n      <div class=\"row\">\n        <div class=\"page-intro-content\">\n            <div class=\"title-block\">\n                                     <h2><span class=\"pt\">Robotik<\/span>Willkommen in der neuen \u00c4ra der automatisierten Bodenreinigung.<br \/>\nWir stellen vor: ECOBOT &amp; PHANTAS<br \/>\n<\/h2>\n                                                 <\/div>\n            <div class=\"page-intro-image\">\n                <div class=\"embed-video-title video-responsive\"><div style=\"position:relative;\"><iframe src=\"https:\/\/player.vimeo.com\/video\/906717660?h=004281b333&amp;badge=0&amp;autopause=0&amp;autoplay=1&amp;player_id=0&amp;app_id=58479&amp;controls=0&amp;muted=1\" frameborder=\"0\" allow=\"autoplay; fullscreen; picture-in-picture\" allowfullscreen style=\"position:absolute;top:0;left:0;width:100%;height:100%;\" title=\"TASKI_GAUSIUM_BOOTH.mp4\"><\/iframe><\/div><script src=\"https:\/\/player.vimeo.com\/api\/player.js\"><\/script><\/div>                <div class=\"page-intro-image-alt\">\n                    \n                    <img decoding=\"async\" src=\"\" alt=\"\" \/>\n\n                <\/div>\n            <\/div>\n        <\/div>\n      <\/div>\n\n\n    <\/div>\n  <\/div>\n  <div class=\"cl-fl\"><\/div>\n[\/vc_column][\/vc_row][vc_row][vc_column][vc_basic_grid post_type=&#8220;taski-products&#8220; style=&#8220;load-more&#8220; show_filter=&#8220;yes&#8220; element_width=&#8220;2&#8243; gap=&#8220;35&#8243; orderby=&#8220;menu_order&#8220; order=&#8220;ASC&#8220; filter_style=&#8220;default-less-rounded&#8220; filter_color=&#8220;orange&#8220; filter_size=&#8220;lg&#8220; item=&#8220;50527&#8243; css=&#8220;.vc_custom_1772612458780{margin-top: 20px !important;margin-bottom: 80px !important;}&#8220; max_items=&#8220;-1&#8243; items_per_page=&#8220;6&#8243; grid_id=&#8220;vc_gid:1774350153424-5421b013-b937-8&#8243; taxonomies=&#8220;114&#8243; filter_source=&#8220;taski_product__category&#8220; exclude_filter=&#8220;20&#8243; filter_default_title=&#8220;All&#8220; btn_title=&#8220;Load more&#8220;][\/vc_column][\/vc_row][vc_row css=&#8220;.vc_custom_1606587476742{padding-top: 80px !important;padding-bottom: 95px !important;}&#8220;][vc_column]\n  <div class=\"product-description-block style-light image-right\">\n    <div class=\"product-description-block-i\">\n        <div class=\"product-description-block-content\">\n          <div class=\"product-description-block-title\">\n                            <div class=\"pdbt-icon\"><img decoding=\"async\" src=\"https:\/\/taski.com\/wp-content\/uploads\/2020\/12\/operational-efficiency.svg\" \/><\/div>\n                <div class=\"pdbt-text\">Betriebseffizienz<\/div>\n                      <\/div>\n          <div class=\"product-description-block-text\"><p>Automatische Reinigungsger\u00e4te f\u00fcr Taski bieten Ihnen die M\u00f6glichkeit, Ihre Arbeit f\u00fcr h\u00f6here Priorit\u00e4tsaufgaben einzubringen.<\/p>\n<p>Durch die Automatisierung Ihrer Bodenreinigung wird die Ressource freigegeben, um echten Wert zu erzielen, und bietet Ihren Mitarbeitern die M\u00f6glichkeit f\u00fcr lohnendere und wertvollere Aufgaben.<\/p>\n<\/div>\n        <\/div>\n        <div class=\"product-description-block-image\" style=\"background-image:url(https:\/\/taski.com\/wp-content\/uploads\/2021\/01\/Robot-productivity-scaled.jpg)\">\n\n        <\/div>\n    <\/div>\n  <\/div>\n  <div class=\"cl-fl\"><\/div>\n\n  <div class=\"product-description-block style-light image-left\">\n    <div class=\"product-description-block-i\">\n        <div class=\"product-description-block-content\">\n          <div class=\"product-description-block-title\">\n                            <div class=\"pdbt-icon\"><img decoding=\"async\" src=\"https:\/\/taski.com\/wp-content\/uploads\/2020\/12\/people-safety.svg\" \/><\/div>\n                <div class=\"pdbt-text\">Marken- und Anlagenschutz<\/div>\n                      <\/div>\n          <div class=\"product-description-block-text\"><p>Unabh\u00e4ngig davon, ob es in Ihrem Unternehmen darum geht, die neuesten Innovationen zu nutzen oder in Ihrem Unternehmen Arbeitsherausforderungen und Einschr\u00e4nkungen, die automatisierte Reinigungsroboter mit Taski -Robotern bieten endlose M\u00f6glichkeiten, Ihre Marke zu verbessern und zu sch\u00fctzen.<\/p>\n<\/div>\n        <\/div>\n        <div class=\"product-description-block-image\" style=\"background-image:url(https:\/\/taski.com\/wp-content\/uploads\/2020\/12\/Swingobot-2000_004-1.jpg)\">\n\n        <\/div>\n    <\/div>\n  <\/div>\n  <div class=\"cl-fl\"><\/div>\n\n  <div class=\"product-description-block style-light image-right\">\n    <div class=\"product-description-block-i\">\n        <div class=\"product-description-block-content\">\n          <div class=\"product-description-block-title\">\n                            <div class=\"pdbt-icon\"><img decoding=\"async\" src=\"https:\/\/taski.com\/wp-content\/uploads\/2020\/12\/people-safety.svg\" \/><\/div>\n                <div class=\"pdbt-text\">Ihre Kunden-\/Gast-\/Kunden-\/Patientenerfahrung<\/div>\n                      <\/div>\n          <div class=\"product-description-block-text\"><p>Durch die Automatisierung der Bodenreinigung kann es jetzt rund um die Uhr stattfinden.<\/p>\n<p>Die Ecobot 50p und Ecobot 40 Roboter werden dort reinigen, wo und wann immer Sie es brauchen.<\/p>\n<p>Dies stellt sicher, dass egal in welcher Einschr\u00e4nkung Sie aussehen, dass Sie f\u00fcr Ihre Kunden, G\u00e4ste und die \u00d6ffentlichkeit am besten sind.<\/p>\n<\/div>\n        <\/div>\n        <div class=\"product-description-block-image\" style=\"background-image:url(https:\/\/taski.com\/wp-content\/uploads\/2021\/01\/Robot-247-scaled.jpg)\">\n\n        <\/div>\n    <\/div>\n  <\/div>\n  <div class=\"cl-fl\"><\/div>\n\n  <div class=\"product-description-block style-light image-left\">\n    <div class=\"product-description-block-i\">\n        <div class=\"product-description-block-content\">\n          <div class=\"product-description-block-title\">\n                            <div class=\"pdbt-icon\"><img decoding=\"async\" src=\"https:\/\/taski.com\/wp-content\/uploads\/2020\/12\/continuous-innovation.svg\" \/><\/div>\n                <div class=\"pdbt-text\">Kontinuierliche Innovation<\/div>\n                      <\/div>\n          <div class=\"product-description-block-text\"><p>Ecobot 50 Pro ist die neueste Generation von automatisierten Trockenheit und Ecobot 40 f\u00fcgt das Potenzial eines automatisierten Staubsaugers hinzu.<\/p>\n<p>Mit \u00fcber 65 Jahren kontinuierlicher Innovation wird Taski weiterhin st\u00f6rende Technologien einbringen.<\/p>\n<\/div>\n        <\/div>\n        <div class=\"product-description-block-image\" style=\"background-image:url(https:\/\/taski.com\/wp-content\/uploads\/2021\/01\/Robotic-innovation-scaled-e1610551504970.jpg)\">\n\n        <\/div>\n    <\/div>\n  <\/div>\n  <div class=\"cl-fl\"><\/div>\n\n  <div class=\"product-description-block style-light image-right\">\n    <div class=\"product-description-block-i\">\n        <div class=\"product-description-block-content\">\n          <div class=\"product-description-block-title\">\n                            <div class=\"pdbt-icon\"><img decoding=\"async\" src=\"https:\/\/taski.com\/wp-content\/uploads\/2020\/12\/people.png\" \/><\/div>\n                <div class=\"pdbt-text\">Menschen &amp; Sicherheit<\/div>\n                      <\/div>\n          <div class=\"product-description-block-text\"><p>Weniger M\u00fcdigkeit, weniger Ausfallzeiten. Alle Taski -Maschinen sind intuitiv und einfach zu bedienen, ohne den Benutzer zu erf\u00fcllen.<\/p>\n<p>Gef\u00e4hrliche Wasserverschmutzungen entfernen. Taski -Swingo -Scrubber -Trocknen mit patentierten Rakeln nehmen 99% Wasser auf.<\/p>\n<p>Mehr Kontaktdruck, bessere Hygiene. Taski -Scrubber -Trocknen wenden 10x mehr Kontaktdruck an als das Wischen f\u00fcr Reiniger, Trockner und sicherere B\u00f6den.<\/p>\n<\/div>\n        <\/div>\n        <div class=\"product-description-block-image\" style=\"background-image:url(https:\/\/taski.com\/wp-content\/uploads\/2021\/01\/Robot-people-2.jpg)\">\n\n        <\/div>\n    <\/div>\n  <\/div>\n  <div class=\"cl-fl\"><\/div>\n[\/vc_column][\/vc_row][vc_row][vc_column][vc_row_inner][vc_column_inner]\n  <div class=\"three-cta-block\">\n    <div class=\"three-cta-block-i\">\n      <div class=\"row\">\n        <div class=\"three-cta-block-grid\">\n           <div class=\"three-cta-item\">\n            <div class=\"tci-i\">\n             <div class=\"tci-item-content\">\n                <h5><strong>Unsere<\/strong><br \/>\nL\u00f6sungen<\/h5>\n                <a href=\"\/produkte-innovationen-loesungen\/?lang=de\"><p>Produkte<br \/>\nund<br \/>\nL\u00f6sungen<\/p><\/a>\n             <\/div>\n            <\/div>\n           <\/div>\n           <div class=\"three-cta-item\">\n            <div class=\"tci-i\">\n             <div class=\"tci-item-content\">\n                <h5><strong> Jetzt<\/strong><br \/>\nbestellen<\/h5>\n                <a href=\"\/mein-taski-shop\/?lang=de\"><p>Zum<br \/>\nTASKI<br \/>\nShop<\/p><\/a>\n             <\/div>\n            <\/div>\n           <\/div>\n           <div class=\"three-cta-item\">\n            <div class=\"tci-i\">\n             <div class=\"tci-item-content\">\n                <h5><strong>Jetzt <\/strong><br \/>\nanfragen<\/h5>\n                <a href=\"\/nachrichten-hilfe-kontakte\/kontakt\/?lang=de\"><p>Kontakt<\/p><\/a>\n             <\/div>\n            <\/div>\n           <\/div>\n        <\/div>\n      <\/div>\n    <\/div>\n  <\/div>\n  <div class=\"cl-fl\"><\/div>\n[\/vc_column_inner][\/vc_row_inner][\/vc_column][\/vc_row]<\/p>\n<\/div>","protected":false},"excerpt":{"rendered":"<p>[vc_row][vc_column][\/vc_column][\/vc_row][vc_row][vc_column][vc_basic_grid post_type=&#8220;taski-products&#8220; style=&#8220;load-more&#8220; show_filter=&#8220;yes&#8220; element_width=&#8220;2&#8243; gap=&#8220;35&#8243; orderby=&#8220;menu_order&#8220; order=&#8220;ASC&#8220; filter_style=&#8220;default-less-rounded&#8220; filter_color=&#8220;orange&#8220; filter_size=&#8220;lg&#8220; item=&#8220;50527&#8243; css=&#8220;.vc_custom_1772612458780{margin-top: 20px !important;margin-bottom: 80px !important;}&#8220; max_items=&#8220;-1&#8243; items_per_page=&#8220;6&#8243; grid_id=&#8220;vc_gid:1774350153424-5421b013-b937-8&#8243; taxonomies=&#8220;114&#8243; filter_source=&#8220;taski_product__category&#8220; exclude_filter=&#8220;20&#8243; filter_default_title=&#8220;All&#8220; btn_title=&#8220;Load more&#8220;][\/vc_column][\/vc_row][vc_row css=&#8220;.vc_custom_1606587476742{padding-top: 80px !important;padding-bottom: 95px !important;}&#8220;][vc_column][\/vc_column][\/vc_row][vc_row][vc_column][vc_row_inner][vc_column_inner][\/vc_column_inner][\/vc_row_inner][\/vc_column][\/vc_row]<\/p>\n","protected":false},"author":1,"featured_media":0,"parent":6893,"menu_order":142,"comment_status":"closed","ping_status":"closed","template":"page-products.php","meta":{"_acf_changed":false,"_seopress_robots_primary_cat":"","_seopress_titles_title":"","_seopress_titles_desc":"","_seopress_robots_index":"","inline_featured_image":false,"footnotes":""},"class_list":["post-6995","page","type-page","status-publish","hentry"],"acf":[],"_links":{"self":[{"href":"https:\/\/taski.com\/de\/wp-json\/wp\/v2\/pages\/6995","targetHints":{"allow":["GET"]}}],"collection":[{"href":"https:\/\/taski.com\/de\/wp-json\/wp\/v2\/pages"}],"about":[{"href":"https:\/\/taski.com\/de\/wp-json\/wp\/v2\/types\/page"}],"author":[{"embeddable":true,"href":"https:\/\/taski.com\/de\/wp-json\/wp\/v2\/users\/1"}],"replies":[{"embeddable":true,"href":"https:\/\/taski.com\/de\/wp-json\/wp\/v2\/comments?post=6995"}],"version-history":[{"count":3,"href":"https:\/\/taski.com\/de\/wp-json\/wp\/v2\/pages\/6995\/revisions"}],"predecessor-version":[{"id":57195,"href":"https:\/\/taski.com\/de\/wp-json\/wp\/v2\/pages\/6995\/revisions\/57195"}],"up":[{"embeddable":true,"href":"https:\/\/taski.com\/de\/wp-json\/wp\/v2\/pages\/6893"}],"wp:attachment":[{"href":"https:\/\/taski.com\/de\/wp-json\/wp\/v2\/media?parent=6995"}],"curies":[{"name":"wp","href":"https:\/\/api.w.org\/{rel}","templated":true}]}}