{"id":6893,"date":"2020-11-30T13:53:33","date_gmt":"2020-11-30T13:53:33","guid":{"rendered":"https:\/\/taski.com\/produkte-innovationen-loesungen\/products\/"},"modified":"2022-08-15T13:20:27","modified_gmt":"2022-08-15T13:20:27","slug":"products","status":"publish","type":"page","link":"https:\/\/taski.com\/de\/produkte-innovationen-loesungen\/products\/","title":{"rendered":"Produkte"},"content":{"rendered":"<div class=\"wpb-content-wrapper\"><p>[vc_row el_id=&#8220;main-banner&#8220;][vc_column]\n  <div class=\"main-banner-block full-width content-video-no\" style=\"background-image:url(https:\/\/taski.com\/wp-content\/uploads\/2020\/12\/Aero_8_plus_0036g-scaled.jpg);\">\n         <div class=\"main-banner-block-i\">\n      <div class=\"row\">\n       <div class=\"mbb-fl\">\n        <div class=\"main-banner-block-content\">\n            <h2>Bl\u00e4ttern Sie im TASKI Produktkatalog<br \/>\noder probieren Sie unseren TASKI Maschinenberater aus, um Ihre ultimative Reinigungsmaschine zu finden.<\/h2>\n            <div class=\"button-wrapper\">\n                        <\/div>\n        <\/div>\n               <\/div>\n      <\/div>\n\n\n    <\/div>\n  <\/div>\n  <div class=\"cl-fl\"><\/div>\n[\/vc_column][\/vc_row][vc_row css=&#8220;.vc_custom_1606749717145{padding-top: 90px !important;padding-bottom: 190px !important;}&#8220; el_id=&#8220;full-width-categories&#8220;][vc_column][vc_row_inner el_class=&#8220;full-width-categories&#8220;][vc_column_inner]\n  <div class=\"cleaning-machines-grid-block full-width\" style=\"\">\n    <div class=\"cleaning-machines-grid-block-i\">\n      <div class=\"row\">\n       <div class=\"clman-grid-row\">\n        <div class=\"clman-intro-block\">\n          <p>Wir helfen Ihnen, Ihre perfekte Reinigungsmaschine zu finden.<\/p>\n          <div class=\"clman-contact\"><a href=\"\">Kontakt <\/a><\/div>\n\n\n        <\/div>\n        <div class=\"clman-grid-block\">\n            <div class=\"clman-grid\">\n\n                              <div class=\"clman-grid-item\">\n               <a href=\"https:\/\/taski.com\/products-innovations-solutions\/products\/scrubber-driers\/\">\n                <div class=\"front\"><img decoding=\"async\" src=\"https:\/\/taski.com\/wp-content\/uploads\/2020\/12\/scrubbers-driers.png\" \/><div class=\"desc\"><h6>Scheuersaugmaschinen<\/h6><p>TASKI-Scheuersaugmaschinen sind der Inbegriff f\u00fcr hervorragende Reinigungsqualit\u00e4t und un\u00fcbertroffener Produktivit\u00e4t<\/p><\/div><\/div>\n                <div class=\"back\"><\/div>\n               <\/a>\n              <\/div>\n                              <div class=\"clman-grid-item\">\n               <a href=\"https:\/\/taski.com\/products-innovations-solutions\/products\/single-discs\/\">\n                <div class=\"front\"><img decoding=\"async\" src=\"https:\/\/taski.com\/wp-content\/uploads\/2020\/12\/single-discs.png\" \/><div class=\"desc\"><h6>Einscheibenmaschinen<\/h6><p>TASKI ergodiscs sind bekannt f\u00fcr ihre robuste Qualit\u00e4t und Zuverl\u00e4ssigkeit. Beispielloses Design, Konstruktion und Pr\u00e4zision f\u00fcr die perfekte Bodenreinigung<\/p><\/div><\/div>\n                <div class=\"back\"><\/div>\n               <\/a>\n              <\/div>\n                              <div class=\"clman-grid-item\">\n               <a href=\"https:\/\/taski.com\/products-innovations-solutions\/products\/sweepers\/\">\n                <div class=\"front\"><img decoding=\"async\" src=\"https:\/\/taski.com\/wp-content\/uploads\/2020\/12\/sweepers.png\" \/><div class=\"desc\"><h6>Kehrmaschinen<\/h6><p>Die neuen TASKI balimat Kehrmaschinen mit dem patentierten Tandem-Rollensystem (TRS) und der integrierten Vakuumabsaugung sorgen f\u00fcr ein perfektes Kehrergebnis auf verschiedenen Bodenarten - f\u00fcr den Innen- und Aussenbereich. <\/p><\/div><\/div>\n                <div class=\"back\"><\/div>\n               <\/a>\n              <\/div>\n                              <div class=\"clman-grid-item\">\n               <a href=\"https:\/\/taski.com\/products-innovations-solutions\/products\/vacuum-cleaners\/\">\n                <div class=\"front\"><img decoding=\"async\" src=\"https:\/\/taski.com\/wp-content\/uploads\/2020\/12\/vacuums.png\" \/><div class=\"desc\"><h6>Vacuum Cleaners<\/h6><p>Zu den TASKI AERO und Jet &amp; Vacumat Staubsaugern geh\u00f6ren Modelle mit der neuesten digitalen Motor- und Lithium-Akkutechnologie f\u00fcr herausragende Leistung und Autonomie. Die patentierten Whisper-Motoren sorgen f\u00fcr deutlich niedrigere Energiekosten und einen erstaunlich niedrigen Ger\u00e4uschpegel.<\/p><\/div><\/div>\n                <div class=\"back\"><\/div>\n               <\/a>\n              <\/div>\n                              <div class=\"clman-grid-item\">\n               <a href=\"https:\/\/taski.com\/products-innovations-solutions\/products\/carpet-care\/\">\n                <div class=\"front\"><img decoding=\"async\" src=\"https:\/\/taski.com\/wp-content\/uploads\/2020\/12\/carpet-care.png\" \/><div class=\"desc\"><h6>Teppichreinigung<\/h6><p>Aquamat und procarpet Maschinen verbinden hervorragende Tiefenreinigungsergebnisse mit aussergew\u00f6hnlicher Trocknung f\u00fcr ein exzellentes Ergebnis. <\/p><\/div><\/div>\n                <div class=\"back\"><\/div>\n               <\/a>\n              <\/div>\n                              <div class=\"clman-grid-item\">\n               <a href=\"https:\/\/taski.com\/products-innovations-solutions\/products\/steam-cleaners\/\">\n                <div class=\"front\"><img decoding=\"async\" src=\"https:\/\/taski.com\/wp-content\/uploads\/2021\/02\/Dampfgeraet_016-1.png\" \/><div class=\"desc\"><h6>Dampfreiniger<\/h6><p>TASKI Steam Dampfreiniger  -  \u00e4u\u00dferst robust und langlebig in verschiedenen Ausf\u00fchrungen erh\u00e4ltlich<\/p><\/div><\/div>\n                <div class=\"back\"><\/div>\n               <\/a>\n              <\/div>\n                              <div class=\"clman-grid-item\">\n               <a href=\"https:\/\/taski.com\/products-innovations-solutions\/products\/robotics\/\">\n                <div class=\"front\"><img decoding=\"async\" src=\"https:\/\/taski.com\/wp-content\/uploads\/2023\/02\/robotics-category-image-300x300.png\" \/><div class=\"desc\"><h6>Robotik<\/h6><p>Schalte das Potenzial der automatisierten Staubsauge von Teppichen und Hartb\u00f6den mit ECOBOT 50Pro und PHANTAS frei<\/p><\/div><\/div>\n                <div class=\"back\"><\/div>\n               <\/a>\n              <\/div>\n                \n            <\/div>\n\n        <\/div>\n       <\/div>\n\n\n      <\/div>\n\n   <\/div>\n  <\/div>\n  <div class=\"cl-fl\"><\/div>\n[\/vc_column_inner][\/vc_row_inner][\/vc_column][\/vc_row][vc_row css=&#8220;.vc_custom_1606750435278{padding-top: 90px !important;}&#8220;][vc_column]\n  <div class=\"page-description-block style-dark\">\n    <div class=\"page-description-block-i\">\n      <div class=\"row\">\n        <div class=\"page-description-content\">\n          <\/div><\/div><\/div><\/div><\/p>\n<h2>TASKI bietet die ultimativen Reinigungsmaschinen f\u00fcr beste Ergebnisse.<\/h2>\n<p>Die Kombination von innovativer Technologie und ergonomischen Design vereinfachen die Reinigung.<\/p>\n<p>Die ideale Maschine f\u00fcr Ihre Bed\u00fcrfnisse.<\/p>\n        <\/div>\n      \n    \n  \n  <div class=\"cl-fl\"><\/div>\n[\/vc_column][\/vc_row][vc_row css=&#8220;.vc_custom_1606750505039{padding-top: 40px !important;padding-bottom: 40px !important;}&#8220;][vc_column]\n  <div class=\"three-cta-block\">\n    <div class=\"three-cta-block-i\">\n      <div class=\"row\">\n        <div class=\"three-cta-block-grid\">\n           <div class=\"three-cta-item\">\n            <div class=\"tci-i\">\n             <div class=\"tci-item-content\">\n                <h5><strong>Jetzt <\/strong><br \/>\nkonfigurieren<\/h5>\n                <a href=\"\/taski-maschinenberater\/\"><p>Zum<br \/>\nMaschinen-<br \/>\nberater<\/p><\/a>\n             <\/div>\n            <\/div>\n           <\/div>\n           <div class=\"three-cta-item\">\n            <div class=\"tci-i\">\n             <div class=\"tci-item-content\">\n                <h5><strong>TASKI <\/strong><br \/>\nNeuheiten<\/h5>\n                <a href=\"\/mein-taski-shop\/?lang=de\"><p>Zum<br \/>\nTASKI<br \/>\nShop<\/p><\/a>\n             <\/div>\n            <\/div>\n           <\/div>\n           <div class=\"three-cta-item\">\n            <div class=\"tci-i\">\n             <div class=\"tci-item-content\">\n                <h5><strong>Jetzt <\/strong><br \/>\nanfragen<\/h5>\n                <a href=\"https:\/\/taski.com\/nachrichten-hilfe-kontakte\/kontakt\/?lang=de\"><p>Kontakt <\/p><\/a>\n             <\/div>\n            <\/div>\n           <\/div>\n        <\/div>\n      <\/div>\n    <\/div>\n  <\/div>\n  <div class=\"cl-fl\"><\/div>\n[\/vc_column][\/vc_row]\n","protected":false},"excerpt":{"rendered":"<p>[vc_row el_id=&#8220;main-banner&#8220;][vc_column][\/vc_column][\/vc_row][vc_row css=&#8220;.vc_custom_1606749717145{padding-top: 90px !important;padding-bottom: 190px !important;}&#8220; el_id=&#8220;full-width-categories&#8220;][vc_column][vc_row_inner el_class=&#8220;full-width-categories&#8220;][vc_column_inner][\/vc_column_inner][\/vc_row_inner][\/vc_column][\/vc_row][vc_row css=&#8220;.vc_custom_1606750435278{padding-top: 90px !important;}&#8220;][vc_column][\/vc_column][\/vc_row][vc_row css=&#8220;.vc_custom_1606750505039{padding-top: 40px !important;padding-bottom: 40px !important;}&#8220;][vc_column][\/vc_column][\/vc_row]<\/p>\n","protected":false},"author":1,"featured_media":0,"parent":3952,"menu_order":244,"comment_status":"closed","ping_status":"closed","template":"","meta":{"_acf_changed":false,"_seopress_robots_primary_cat":"","_seopress_titles_title":"","_seopress_titles_desc":"","_seopress_robots_index":"","inline_featured_image":false,"footnotes":""},"class_list":["post-6893","page","type-page","status-publish","hentry"],"acf":[],"_links":{"self":[{"href":"https:\/\/taski.com\/de\/wp-json\/wp\/v2\/pages\/6893","targetHints":{"allow":["GET"]}}],"collection":[{"href":"https:\/\/taski.com\/de\/wp-json\/wp\/v2\/pages"}],"about":[{"href":"https:\/\/taski.com\/de\/wp-json\/wp\/v2\/types\/page"}],"author":[{"embeddable":true,"href":"https:\/\/taski.com\/de\/wp-json\/wp\/v2\/users\/1"}],"replies":[{"embeddable":true,"href":"https:\/\/taski.com\/de\/wp-json\/wp\/v2\/comments?post=6893"}],"version-history":[{"count":0,"href":"https:\/\/taski.com\/de\/wp-json\/wp\/v2\/pages\/6893\/revisions"}],"up":[{"embeddable":true,"href":"https:\/\/taski.com\/de\/wp-json\/wp\/v2\/pages\/3952"}],"wp:attachment":[{"href":"https:\/\/taski.com\/de\/wp-json\/wp\/v2\/media?parent=6893"}],"curies":[{"name":"wp","href":"https:\/\/api.w.org\/{rel}","templated":true}]}}