{"id":57610,"date":"2025-02-19T11:00:16","date_gmt":"2025-02-19T11:00:16","guid":{"rendered":"https:\/\/taski.com\/produkte-innovationen-loesungen\/products\/kehrmaschinen\/mitlaufende-kehrmaschinen\/"},"modified":"2026-03-24T16:21:47","modified_gmt":"2026-03-24T16:21:47","slug":"mitlaufende-kehrmaschinen","status":"publish","type":"page","link":"https:\/\/taski.com\/de\/produkte-innovationen-loesungen\/products\/kehrmaschinen\/mitlaufende-kehrmaschinen\/","title":{"rendered":"Nachlaufmodelle"},"content":{"rendered":"<div class=\"wpb-content-wrapper\"><p>[vc_row][vc_column]\n  <div class=\"page-intro-block size-fit-image style-dark font-large\">\n         <div class=\"page-intro-block-i\">\n      <div class=\"row\">\n        <div class=\"page-intro-content\">\n            <div class=\"title-block\">\n                                     <h2><span class=\"pt\">Nachlaufmodelle <\/span>Die balimat-Serie pflegt den erssten guten Eindruck Ihres Geb\u00e4udes f\u00fcr G\u00e4ste und Kunden.<\/h2>\n                                                 <\/div>\n            <div class=\"page-intro-image\">\n                                <div class=\"page-intro-image-alt\">\n                    \n                    <img decoding=\"async\" src=\"https:\/\/taski.com\/wp-content\/uploads\/2021\/04\/balimat-6500-quarter-right.jpg\" alt=\"\" \/>\n\n                <\/div>\n            <\/div>\n        <\/div>\n      <\/div>\n\n\n    <\/div>\n  <\/div>\n  <div class=\"cl-fl\"><\/div>\n[\/vc_column][\/vc_row][vc_row][vc_column][vc_basic_grid post_type=&#8220;taski-products&#8220; style=&#8220;load-more&#8220; show_filter=&#8220;yes&#8220; element_width=&#8220;2&#8243; gap=&#8220;35&#8243; orderby=&#8220;menu_order&#8220; order=&#8220;ASC&#8220; filter_style=&#8220;default-less-rounded&#8220; filter_color=&#8220;orange&#8220; filter_size=&#8220;lg&#8220; item=&#8220;50527&#8243; css=&#8220;.vc_custom_1739962805749{margin-top: 20px !important;margin-bottom: 80px !important;}&#8220; max_items=&#8220;-1&#8243; items_per_page=&#8220;6&#8243; grid_id=&#8220;vc_gid:1774369223795-4385c6c7-6cb3-5&#8243; taxonomies=&#8220;54&#8243; filter_source=&#8220;taski_product__category&#8220; exclude_filter=&#8220;54&#8243;][\/vc_column][\/vc_row][vc_row css=&#8220;.vc_custom_1606587476742{padding-top: 80px !important;padding-bottom: 95px !important;}&#8220;][vc_column]\n  <div class=\"product-description-block style-dark image-right\">\n    <div class=\"product-description-block-i\">\n        <div class=\"product-description-block-content\">\n          <div class=\"product-description-block-title\">\n                            <div class=\"pdbt-icon\"><img decoding=\"async\" src=\"https:\/\/taski.com\/wp-content\/uploads\/2020\/12\/clock.png\" \/><\/div>\n                <div class=\"pdbt-text\">Operative Effizienz<\/div>\n                      <\/div>\n          <div class=\"product-description-block-text\"><p>Die balimat-Serie verf\u00fcgt \u00fcber <strong>zwei Seitenb\u00fcrsten f\u00fcr eine gr\u00f6\u00dfere Arbeitsbreite<\/strong>, die den Schmutz in die Mitte leiten, wo <strong>zwei Zylinderb\u00fcrsten effektiv in den gro\u00dfen Trichter kehren.<\/strong><\/p>\n<\/div>\n        <\/div>\n        <div class=\"product-description-block-image\" style=\"background-image:url(https:\/\/taski.com\/wp-content\/uploads\/2021\/04\/balimat-3300-side-brooms.jpg)\">\n\n        <\/div>\n    <\/div>\n  <\/div>\n  <div class=\"cl-fl\"><\/div>\n\n  <div class=\"product-description-block style-light image-left\">\n    <div class=\"product-description-block-i\">\n        <div class=\"product-description-block-content\">\n          <div class=\"product-description-block-title\">\n                            <div class=\"pdbt-icon\"><img decoding=\"async\" src=\"https:\/\/taski.com\/wp-content\/uploads\/2020\/12\/brand-protection.svg\" \/><\/div>\n                <div class=\"pdbt-text\">Schutz von Marken und Verm\u00f6genswerten<\/div>\n                      <\/div>\n          <div class=\"product-description-block-text\"><p><span data-sheets-formula-bar-text-style=\"font-size:13px;color:#000000;font-weight:normal;text-decoration:none;font-family:'Arial';font-style:normal;text-decoration-skip-ink:none;\">Halten Sie Ihre <strong>Innen- und Au\u00dfenbereiche <\/strong><\/span><strong>frei von Laub, Staub und Schmutz. <\/strong><\/p>\n<p><span data-sheets-formula-bar-text-style=\"font-size:13px;color:#000000;font-weight:normal;text-decoration:none;font-family:'Arial';font-style:normal;text-decoration-skip-ink:none;\">Die balimat-Serie<\/span> <span data-sheets-formula-bar-text-style=\"font-size:13px;color:#000000;font-weight:normal;text-decoration:none;font-family:'Arial';font-style:normal;text-decoration-skip-ink:none;\"><strong>pflegt den<\/strong> <strong>guten Eindruck <\/strong> Ihres Geb\u00e4udes <\/span><span data-sheets-formula-bar-text-style=\"font-size:13px;color:#000000;font-weight:bold;text-decoration:none;font-family:''Arial'';font-style:normal;text-decoration-skip-ink:none;\"><strong>ersten Eindruck<\/strong> f\u00fcr G\u00e4ste und Kunden.<\/span><\/p>\n<\/div>\n        <\/div>\n        <div class=\"product-description-block-image\" style=\"background-image:url(https:\/\/taski.com\/wp-content\/uploads\/2021\/03\/balimat-2300-in-use-2.jpg)\">\n\n        <\/div>\n    <\/div>\n  <\/div>\n  <div class=\"cl-fl\"><\/div>\n\n  <div class=\"product-description-block style-dark image-right\">\n    <div class=\"product-description-block-i\">\n        <div class=\"product-description-block-content\">\n          <div class=\"product-description-block-title\">\n                            <div class=\"pdbt-icon\"><img decoding=\"async\" src=\"https:\/\/taski.com\/wp-content\/uploads\/2021\/02\/people-safety-white.png\" \/><\/div>\n                <div class=\"pdbt-text\">Menschen &amp; Sicherheit<\/div>\n                      <\/div>\n          <div class=\"product-description-block-text\"><p>Das balimat-Sortiment ist <strong>einfach in der Anwendung<\/strong> und die Aufsitzoption kann <strong>die Produktivit\u00e4t erh\u00f6hen und Ihnen Geld bei den Reinigungskosten sparen.<\/strong><\/p>\n<\/div>\n        <\/div>\n        <div class=\"product-description-block-image\" style=\"background-image:url(https:\/\/taski.com\/wp-content\/uploads\/2021\/04\/balimat-3300-handle.jpg)\">\n\n        <\/div>\n    <\/div>\n  <\/div>\n  <div class=\"cl-fl\"><\/div>\n[\/vc_column][\/vc_row][vc_row][vc_column][vc_row_inner][vc_column_inner]\n  <div class=\"three-cta-block\">\n    <div class=\"three-cta-block-i\">\n      <div class=\"row\">\n        <div class=\"three-cta-block-grid\">\n           <div class=\"three-cta-item\">\n            <div class=\"tci-i\">\n             <div class=\"tci-item-content\">\n                <h5>&lt;strong&gt;Siehe unsere&lt;\/strong&gt;<br \/>\nIndustrie<br \/>\nL\u00f6sungen<\/h5>\n                <a href=\"\/products-innovations-solutions\/\"><p>Produkte und<br \/> L\u00f6sungen <\/p><\/a>\n             <\/div>\n            <\/div>\n           <\/div>\n           <div class=\"three-cta-item\">\n            <div class=\"tci-i\">\n             <div class=\"tci-item-content\">\n                <h5>&lt;strong&gt;Sehen Sie die neuesten&lt;\/strong&gt;<br \/>\nTASKI<br \/>\nInnovationen<\/h5>\n                <a href=\"\/products-innovations-solutions\/innovations\/\"><p>INNOVATIONEN<\/p><\/a>\n             <\/div>\n            <\/div>\n           <\/div>\n           <div class=\"three-cta-item\">\n            <div class=\"tci-i\">\n             <div class=\"tci-item-content\">\n                <h5>&lt;strong&gt;Kontaktieren Sie&lt;\/strong&gt;<br \/>\nmit<br \/>\nuns<\/h5>\n                <a href=\"\/news-help-contacts\/\"><p>Kontakt <\/p><\/a>\n             <\/div>\n            <\/div>\n           <\/div>\n        <\/div>\n      <\/div>\n    <\/div>\n  <\/div>\n  <div class=\"cl-fl\"><\/div>\n[\/vc_column_inner][\/vc_row_inner][\/vc_column][\/vc_row]<\/p>\n<\/div>","protected":false},"excerpt":{"rendered":"<p>[vc_row][vc_column][\/vc_column][\/vc_row][vc_row][vc_column][vc_basic_grid post_type=&#8220;taski-products&#8220; style=&#8220;load-more&#8220; show_filter=&#8220;yes&#8220; element_width=&#8220;2&#8243; gap=&#8220;35&#8243; orderby=&#8220;menu_order&#8220; order=&#8220;ASC&#8220; filter_style=&#8220;default-less-rounded&#8220; filter_color=&#8220;orange&#8220; filter_size=&#8220;lg&#8220; item=&#8220;50527&#8243; css=&#8220;.vc_custom_1739962805749{margin-top: 20px !important;margin-bottom: 80px !important;}&#8220; max_items=&#8220;-1&#8243; items_per_page=&#8220;6&#8243; grid_id=&#8220;vc_gid:1774369223795-4385c6c7-6cb3-5&#8243; taxonomies=&#8220;54&#8243; filter_source=&#8220;taski_product__category&#8220; exclude_filter=&#8220;54&#8243;][\/vc_column][\/vc_row][vc_row css=&#8220;.vc_custom_1606587476742{padding-top: 80px !important;padding-bottom: 95px !important;}&#8220;][vc_column][\/vc_column][\/vc_row][vc_row][vc_column][vc_row_inner][vc_column_inner][\/vc_column_inner][\/vc_row_inner][\/vc_column][\/vc_row]<\/p>\n","protected":false},"author":1,"featured_media":0,"parent":7044,"menu_order":274,"comment_status":"closed","ping_status":"closed","template":"page-products.php","meta":{"_acf_changed":false,"_seopress_robots_primary_cat":"","_seopress_titles_title":"","_seopress_titles_desc":"","_seopress_robots_index":"","inline_featured_image":false,"footnotes":""},"class_list":["post-57610","page","type-page","status-publish","hentry"],"acf":[],"_links":{"self":[{"href":"https:\/\/taski.com\/de\/wp-json\/wp\/v2\/pages\/57610","targetHints":{"allow":["GET"]}}],"collection":[{"href":"https:\/\/taski.com\/de\/wp-json\/wp\/v2\/pages"}],"about":[{"href":"https:\/\/taski.com\/de\/wp-json\/wp\/v2\/types\/page"}],"author":[{"embeddable":true,"href":"https:\/\/taski.com\/de\/wp-json\/wp\/v2\/users\/1"}],"replies":[{"embeddable":true,"href":"https:\/\/taski.com\/de\/wp-json\/wp\/v2\/comments?post=57610"}],"version-history":[{"count":0,"href":"https:\/\/taski.com\/de\/wp-json\/wp\/v2\/pages\/57610\/revisions"}],"up":[{"embeddable":true,"href":"https:\/\/taski.com\/de\/wp-json\/wp\/v2\/pages\/7044"}],"wp:attachment":[{"href":"https:\/\/taski.com\/de\/wp-json\/wp\/v2\/media?parent=57610"}],"curies":[{"name":"wp","href":"https:\/\/api.w.org\/{rel}","templated":true}]}}