{"id":57609,"date":"2025-02-19T13:35:08","date_gmt":"2025-02-19T13:35:08","guid":{"rendered":"https:\/\/taski.com\/produkte-innovationen-loesungen\/products\/robotik\/vakuum\/"},"modified":"2026-03-25T06:44:56","modified_gmt":"2026-03-25T06:44:56","slug":"vakuum","status":"publish","type":"page","link":"https:\/\/taski.com\/de\/produkte-innovationen-loesungen\/products\/robotik\/vakuum\/","title":{"rendered":"Staubsauger"},"content":{"rendered":"<div class=\"wpb-content-wrapper\"><p>[vc_row][vc_column]\n  <div class=\"page-intro-block size-fit-image style-dark font-large\">\n         <div class=\"page-intro-block-i\">\n      <div class=\"row\">\n        <div class=\"page-intro-content\">\n            <div class=\"title-block\">\n                                     <h2><span class=\"pt\">Staubsauger<\/span>Willkommen in der neuen \u00c4ra der automatischen Bodenreinigung.<br \/>\nWir stellen vor: ECOBOT und PHANTAS<\/h2>\n                                                 <\/div>\n            <div class=\"page-intro-image\">\n                <div class=\"embed-video-title video-responsive\"><div style=\"position:relative;\"><iframe src=\"https:\/\/player.vimeo.com\/video\/906717660?h=004281b333&amp;badge=0&amp;autopause=0&amp;autoplay=1&amp;player_id=0&amp;app_id=58479&amp;controls=0&amp;muted=1\" frameborder=\"0\" allow=\"autoplay; fullscreen; picture-in-picture\" allowfullscreen style=\"position:absolute;top:0;left:0;width:100%;height:100%;\" title=\"TASKI_GAUSIUM_BOOTH.mp4\"><\/iframe><\/div><script src=\"https:\/\/player.vimeo.com\/api\/player.js\"><\/script><\/div>                <div class=\"page-intro-image-alt\">\n                    \n                    <img decoding=\"async\" src=\"https:\/\/taski.com\/wp-content\/uploads\/2023\/01\/robotics-header-scale.jpg\" alt=\"\" \/>\n\n                <\/div>\n            <\/div>\n        <\/div>\n      <\/div>\n\n\n    <\/div>\n  <\/div>\n  <div class=\"cl-fl\"><\/div>\n[\/vc_column][\/vc_row][vc_row][vc_column][vc_basic_grid post_type=&#8220;taski-products&#8220; style=&#8220;load-more&#8220; show_filter=&#8220;yes&#8220; element_width=&#8220;2&#8243; gap=&#8220;35&#8243; orderby=&#8220;menu_order&#8220; order=&#8220;ASC&#8220; filter_style=&#8220;default-less-rounded&#8220; filter_color=&#8220;orange&#8220; filter_size=&#8220;lg&#8220; item=&#8220;50527&#8243; css=&#8220;.vc_custom_1739976280973{margin-top: 20px !important;margin-bottom: 80px !important;}&#8220; max_items=&#8220;-1&#8243; items_per_page=&#8220;6&#8243; grid_id=&#8220;vc_gid:1774374113393-e55dc9c2-d837-1&#8243; taxonomies=&#8220;615&#8243; filter_source=&#8220;taski_product__category&#8220; exclude_filter=&#8220;615, 29&#8243;][\/vc_column][\/vc_row][vc_row css=&#8220;.vc_custom_1606587476742{padding-top: 80px !important;padding-bottom: 95px !important;}&#8220;][vc_column]\n  <div class=\"product-description-block style-dark image-right\">\n    <div class=\"product-description-block-i\">\n        <div class=\"product-description-block-content\">\n          <div class=\"product-description-block-title\">\n                            <div class=\"pdbt-icon\"><img decoding=\"async\" src=\"https:\/\/taski.com\/wp-content\/uploads\/2020\/12\/operational-efficiency.svg\" \/><\/div>\n                <div class=\"pdbt-text\">Operative Effizienz<\/div>\n                      <\/div>\n          <div class=\"product-description-block-text\"><p>PHANTAS<br \/>\nECOBOT 50 Pro<br \/>\nDas volle Potenzial von automatisierten scheuersaugen mit Ecobot 50 Pro<br \/>\nTASKI Reinigungsroboter bieten Ihnen die M\u00f6glichkeit, Ihre Arbeitskr\u00e4fte f\u00fcr andere Aufgaben einzusetzen.<br \/>\nDie Automatisierung Ihrer Bodenreinigung setzt Ressourcen frei, um einen echten Mehrwert zu schaffen und bietet Ihren Mitarbeitern die M\u00f6glichkeit weitere Aufgaben zu erledigen.<\/p>\n<\/div>\n        <\/div>\n        <div class=\"product-description-block-image\" style=\"background-image:url(https:\/\/taski.com\/wp-content\/uploads\/2023\/01\/Gaussian_014-min-scaled-2.jpg)\">\n\n        <\/div>\n    <\/div>\n  <\/div>\n  <div class=\"cl-fl\"><\/div>\n\n  <div class=\"product-description-block style-light image-left\">\n    <div class=\"product-description-block-i\">\n        <div class=\"product-description-block-content\">\n          <div class=\"product-description-block-title\">\n                            <div class=\"pdbt-icon\"><img decoding=\"async\" src=\"https:\/\/taski.com\/wp-content\/uploads\/2020\/12\/people-safety.svg\" \/><\/div>\n                <div class=\"pdbt-text\">Schutz von Marken und Verm\u00f6genswerten<\/div>\n                      <\/div>\n          <div class=\"product-description-block-text\"><p>Ganz gleich, ob es in Ihrem Unternehmen darum geht, die neuesten Innovationen zu nutzen, oder ob es in Ihrem Unternehmen Herausforderungen und Zw\u00e4nge in Bezug auf die Arbeitskraft gibt \u2013 die Reinigungsroboter von TASKI bieten unendliche M\u00f6glichkeiten, Ihre Marke zu verbessern und zu sch\u00fctzen.<\/p>\n<\/div>\n        <\/div>\n        <div class=\"product-description-block-image\" style=\"background-image:url(https:\/\/taski.com\/wp-content\/uploads\/2023\/01\/Robot-247-scaled-2.jpg)\">\n\n        <\/div>\n    <\/div>\n  <\/div>\n  <div class=\"cl-fl\"><\/div>\n\n  <div class=\"product-description-block style-dark image-right\">\n    <div class=\"product-description-block-i\">\n        <div class=\"product-description-block-content\">\n          <div class=\"product-description-block-title\">\n                            <div class=\"pdbt-icon\"><img decoding=\"async\" src=\"https:\/\/taski.com\/wp-content\/uploads\/2020\/12\/people-safety.svg\" \/><\/div>\n                <div class=\"pdbt-text\">Ihre Kunden\/G\u00e4ste\/Klienten\/Patienten-Erfahrung<\/div>\n                      <\/div>\n          <div class=\"product-description-block-text\"><p>Mit mehr als 70 Jahren kontinuierlicher Innovation wird TASKI auch weiterhin bahnbrechende Technologien auf den Markt bringen.<br \/>\nECOBOT 50 Pro ist die neueste Generation automatischer Scheuersaugmaschinen und PHANTAS erweitert das Potenzial des automatischen Staubsaugens.<\/p>\n<\/div>\n        <\/div>\n        <div class=\"product-description-block-image\" style=\"background-image:url(https:\/\/taski.com\/wp-content\/uploads\/2023\/01\/Robot-247-scaled-3.jpg)\">\n\n        <\/div>\n    <\/div>\n  <\/div>\n  <div class=\"cl-fl\"><\/div>\n\n  <div class=\"product-description-block style-light image-left\">\n    <div class=\"product-description-block-i\">\n        <div class=\"product-description-block-content\">\n          <div class=\"product-description-block-title\">\n                            <div class=\"pdbt-icon\"><img decoding=\"async\" src=\"https:\/\/taski.com\/wp-content\/uploads\/2020\/12\/continuous-innovation.svg\" \/><\/div>\n                <div class=\"pdbt-text\">Kontinuierliche Innovation<\/div>\n                      <\/div>\n          <div class=\"product-description-block-text\"><p>Entfernen Sie versch\u00fcttetes Wasser. TASKI Scheuersaugmaschinen mit patentierter Saugd\u00fcse nehmen 99% des Wassers auf.<\/p>\n<p>Ecobot 50 Pro ist die neueste Generation automatischer Scheuersaugmaschinen und Ecobot 40 erweitert das Potenzial des automatischen Staubsaugens.<\/p>\n<\/div>\n        <\/div>\n        <div class=\"product-description-block-image\" style=\"background-image:url(https:\/\/taski.com\/wp-content\/uploads\/2022\/12\/Gaussian_086-min-scaled.jpg)\">\n\n        <\/div>\n    <\/div>\n  <\/div>\n  <div class=\"cl-fl\"><\/div>\n\n  <div class=\"product-description-block style-dark image-right\">\n    <div class=\"product-description-block-i\">\n        <div class=\"product-description-block-content\">\n          <div class=\"product-description-block-title\">\n                            <div class=\"pdbt-icon\"><img decoding=\"async\" src=\"https:\/\/taski.com\/wp-content\/uploads\/2020\/12\/people.png\" \/><\/div>\n                <div class=\"pdbt-text\">Menschen &amp; Sicherheit<\/div>\n                      <\/div>\n          <div class=\"product-description-block-text\"><p>Weniger Erm\u00fcdung, weniger Ausfallzeiten. Alle TASKI Maschinen sind so konzipiert, dass <strong>sie intuitiv und einfach zu bedienen sind, ohne den Benutzer zu erm\u00fcden.<\/strong><\/p>\n<p>Entfernen Sie gef\u00e4hrliches versch\u00fcttetes Wasser. TASKI swingo Scheuersaugmaschinen mit patentierten Abstreifern <strong>nehmen 99% des Wassers auf.<\/strong><\/p>\n<p>Mehr Anpressdruck, bessere Hygiene. TASKI Scheuersaugmaschinen \u00fcben einen <strong>10-mal h\u00f6heren Anpressdruck<\/strong> aus <strong>als das Wischen &#8211; f\u00fcr sauberere, trockenere und sicherere B\u00f6den.<\/strong> <\/p>\n<\/div>\n        <\/div>\n        <div class=\"product-description-block-image\" style=\"background-image:url(https:\/\/taski.com\/wp-content\/uploads\/2023\/01\/Robot-247-scaled-4.jpg)\">\n\n        <\/div>\n    <\/div>\n  <\/div>\n  <div class=\"cl-fl\"><\/div>\n[\/vc_column][\/vc_row][vc_row][vc_column][vc_row_inner][vc_column_inner]\n  <div class=\"three-cta-block\">\n    <div class=\"three-cta-block-i\">\n      <div class=\"row\">\n        <div class=\"three-cta-block-grid\">\n           <div class=\"three-cta-item\">\n            <div class=\"tci-i\">\n             <div class=\"tci-item-content\">\n                <h5>&lt;strong&gt;Siehe unsere&lt;\/strong&gt;<br \/>\nIndustrie<br \/>\nL\u00f6sungen<\/h5>\n                <a href=\"\/products-innovations-solutions\/\"><p>Produkte und<br \/> L\u00f6sungen <\/p><\/a>\n             <\/div>\n            <\/div>\n           <\/div>\n           <div class=\"three-cta-item\">\n            <div class=\"tci-i\">\n             <div class=\"tci-item-content\">\n                <h5>&lt;strong&gt;Sehen Sie die neuesten&lt;\/strong&gt;<br \/>\nTASKI<br \/>\nInnovationen<\/h5>\n                <a href=\"\/products-innovations-solutions\/innovations\/\"><p>Innovationen<\/p><\/a>\n             <\/div>\n            <\/div>\n           <\/div>\n           <div class=\"three-cta-item\">\n            <div class=\"tci-i\">\n             <div class=\"tci-item-content\">\n                <h5>&lt;strong&gt;Kontaktieren Sie&lt;\/strong&gt;<br \/>\nmit<br \/>\nuns<\/h5>\n                <a href=\"\/news-help-contacts\/ask-paul-contact\/\"><p>Kontakt <\/p><\/a>\n             <\/div>\n            <\/div>\n           <\/div>\n        <\/div>\n      <\/div>\n    <\/div>\n  <\/div>\n  <div class=\"cl-fl\"><\/div>\n[\/vc_column_inner][\/vc_row_inner][\/vc_column][\/vc_row]<\/p>\n<\/div>","protected":false},"excerpt":{"rendered":"<p>[vc_row][vc_column][\/vc_column][\/vc_row][vc_row][vc_column][vc_basic_grid post_type=&#8220;taski-products&#8220; style=&#8220;load-more&#8220; show_filter=&#8220;yes&#8220; element_width=&#8220;2&#8243; gap=&#8220;35&#8243; orderby=&#8220;menu_order&#8220; order=&#8220;ASC&#8220; filter_style=&#8220;default-less-rounded&#8220; filter_color=&#8220;orange&#8220; filter_size=&#8220;lg&#8220; item=&#8220;50527&#8243; css=&#8220;.vc_custom_1739976280973{margin-top: 20px !important;margin-bottom: 80px !important;}&#8220; max_items=&#8220;-1&#8243; items_per_page=&#8220;6&#8243; grid_id=&#8220;vc_gid:1774374113393-e55dc9c2-d837-1&#8243; taxonomies=&#8220;615&#8243; filter_source=&#8220;taski_product__category&#8220; exclude_filter=&#8220;615, 29&#8243;][\/vc_column][\/vc_row][vc_row css=&#8220;.vc_custom_1606587476742{padding-top: 80px !important;padding-bottom: 95px !important;}&#8220;][vc_column][\/vc_column][\/vc_row][vc_row][vc_column][vc_row_inner][vc_column_inner][\/vc_column_inner][\/vc_row_inner][\/vc_column][\/vc_row]<\/p>\n","protected":false},"author":1,"featured_media":0,"parent":6995,"menu_order":178,"comment_status":"closed","ping_status":"closed","template":"page-products.php","meta":{"_acf_changed":false,"_seopress_robots_primary_cat":"","_seopress_titles_title":"","_seopress_titles_desc":"","_seopress_robots_index":"","inline_featured_image":false,"footnotes":""},"class_list":["post-57609","page","type-page","status-publish","hentry"],"acf":[],"_links":{"self":[{"href":"https:\/\/taski.com\/de\/wp-json\/wp\/v2\/pages\/57609","targetHints":{"allow":["GET"]}}],"collection":[{"href":"https:\/\/taski.com\/de\/wp-json\/wp\/v2\/pages"}],"about":[{"href":"https:\/\/taski.com\/de\/wp-json\/wp\/v2\/types\/page"}],"author":[{"embeddable":true,"href":"https:\/\/taski.com\/de\/wp-json\/wp\/v2\/users\/1"}],"replies":[{"embeddable":true,"href":"https:\/\/taski.com\/de\/wp-json\/wp\/v2\/comments?post=57609"}],"version-history":[{"count":1,"href":"https:\/\/taski.com\/de\/wp-json\/wp\/v2\/pages\/57609\/revisions"}],"predecessor-version":[{"id":57929,"href":"https:\/\/taski.com\/de\/wp-json\/wp\/v2\/pages\/57609\/revisions\/57929"}],"up":[{"embeddable":true,"href":"https:\/\/taski.com\/de\/wp-json\/wp\/v2\/pages\/6995"}],"wp:attachment":[{"href":"https:\/\/taski.com\/de\/wp-json\/wp\/v2\/media?parent=57609"}],"curies":[{"name":"wp","href":"https:\/\/api.w.org\/{rel}","templated":true}]}}