{"id":57605,"date":"2025-02-18T16:43:04","date_gmt":"2025-02-18T16:43:04","guid":{"rendered":"https:\/\/taski.com\/produkte-innovationen-loesungen\/products\/ultimaxx\/"},"modified":"2026-03-24T16:13:11","modified_gmt":"2026-03-24T16:13:11","slug":"ultimaxx","status":"publish","type":"page","link":"https:\/\/taski.com\/de\/produkte-innovationen-loesungen\/products\/ultimaxx\/","title":{"rendered":"Ultimaxx"},"content":{"rendered":"<div class=\"wpb-content-wrapper\"><p>[vc_row][vc_column]\n  <div class=\"page-intro-block size-fit-image style-dark font-large\">\n         <div class=\"page-intro-block-i\">\n      <div class=\"row\">\n        <div class=\"page-intro-content\">\n            <div class=\"title-block\">\n                                     <h2>Die TASKI <strong>ULTIMAXX Reihe bietet eine ma\u00dfgeschneiderte Maschinenkonfiguration<\/strong> mit einer gro\u00dfen Auswahl an Arbeitsbreiten und B\u00fcrstendecks f\u00fcr jede Umgebung.<\/h2>\n                                                 <\/div>\n            <div class=\"page-intro-image\">\n                                <div class=\"page-intro-image-alt\">\n                    \n                    <img decoding=\"async\" src=\"https:\/\/taski.com\/wp-content\/uploads\/2025\/02\/TASKI-ULTIMAXX-1900-Attachemnts_08-e1739893563789.png\" alt=\"\" \/>\n\n                <\/div>\n            <\/div>\n        <\/div>\n      <\/div>\n\n\n    <\/div>\n  <\/div>\n  <div class=\"cl-fl\"><\/div>\n[\/vc_column][\/vc_row][vc_row][vc_column][vc_basic_grid post_type=&#8220;taski-products&#8220; style=&#8220;load-more&#8220; show_filter=&#8220;yes&#8220; element_width=&#8220;2&#8243; gap=&#8220;35&#8243; orderby=&#8220;menu_order&#8220; order=&#8220;ASC&#8220; filter_style=&#8220;default-less-rounded&#8220; filter_color=&#8220;orange&#8220; filter_size=&#8220;lg&#8220; item=&#8220;50527&#8243; css=&#8220;.vc_custom_1772622639797{margin-top: 20px !important;margin-bottom: 80px !important;}&#8220; max_items=&#8220;-1&#8243; items_per_page=&#8220;6&#8243; grid_id=&#8220;vc_gid:1774368607377-360a2eaf-cc1f-8&#8243; taxonomies=&#8220;676&#8243; filter_source=&#8220;taski_product__category&#8220; exclude_filter=&#8220;657&#8243; filter_default_title=&#8220;All&#8220; btn_title=&#8220;Load more&#8220;][\/vc_column][\/vc_row][vc_row css=&#8220;.vc_custom_1606587476742{padding-top: 80px !important;padding-bottom: 95px !important;}&#8220;][vc_column]\n  <div class=\"product-description-block style-dark image-right\">\n    <div class=\"product-description-block-i\">\n        <div class=\"product-description-block-content\">\n          <div class=\"product-description-block-title\">\n                            <div class=\"pdbt-icon\"><img decoding=\"async\" src=\"https:\/\/taski.com\/wp-content\/uploads\/2020\/12\/clock.png\" \/><\/div>\n                <div class=\"pdbt-text\">Operative Effizienz<\/div>\n                      <\/div>\n          <div class=\"product-description-block-text\"><p>Alle TASKI ULTIMAXX &amp; swingo Scheuersaugmaschinen verk\u00fcrzen die unproduktive Zeit. Intuitive Bedienelemente, selbsteinstellende Saugd\u00fcse und leicht zu reinigende gelbe Wartungspunkte sorgen f\u00fcr mehr verf\u00fcgbare Reinigungszeit. W\u00e4hlen Sie ULTIMAXX und entscheiden Sie sich f\u00fcr EBU (elektronische B\u00fcrstenabsenkung), ohne dass Sie B\u00fcrsten oder Padantriebe ber\u00fchren m\u00fcssen. Entscheiden Sie sich f\u00fcr Intelliscrub und reduziern sie den B\u00fcrstendruck je nach Oberfl\u00e4che. F\u00fcr eine vollst\u00e4ndige Anpassung w\u00e4hlen Sie IntelliZone, um alle Parameter je nach Bodenbeschaffenheit perfekt einzustellen, damit die Reinigung jedes Mal beim ersten Mal gelingt Mit einer bis zu 3 x schnelleren Aufladung sind IntelliPowered ULTIMAXX &amp; swingo Scheuersaugmaschinen immer verf\u00fcgbar, wenn herk\u00f6mmliche Batterien noch nicht aufgeladen sind<\/p>\n<\/div>\n        <\/div>\n        <div class=\"product-description-block-image\" style=\"background-image:url(https:\/\/taski.com\/wp-content\/uploads\/2022\/04\/TASKI-ULTIMAXX-1900-Attachemnts_cropped.png)\">\n\n        <\/div>\n    <\/div>\n  <\/div>\n  <div class=\"cl-fl\"><\/div>\n\n  <div class=\"product-description-block style-light image-left\">\n    <div class=\"product-description-block-i\">\n        <div class=\"product-description-block-content\">\n          <div class=\"product-description-block-title\">\n                            <div class=\"pdbt-icon\"><img decoding=\"async\" src=\"https:\/\/taski.com\/wp-content\/uploads\/2020\/12\/people.png\" \/><\/div>\n                <div class=\"pdbt-text\">Menschen &amp; Sicherheit<\/div>\n                      <\/div>\n          <div class=\"product-description-block-text\"><p>TASKI ULTIMAXX &amp; swingo Scheuersaugmaschinen sind <strong>ergonomisch<\/strong> auf den Benutzer <strong>abgestimmt<\/strong>. Ergonomische und voll einstellbare Griffe und Lenkr\u00e4der sorgen f\u00fcr <strong>Komfort<\/strong>. ULTIMAXX <strong>IntelliTouch<\/strong> ist ein intuitives Touchscreen-Dashboard mit g\u00e4ngigen Symbolen, so dass <strong>nur wenig Schulung erforderlich ist<\/strong>. Wenn eine Schulung erforderlich ist, k\u00f6nnen die Benutzer auf eine Reihe von Support-Tools zugreifen, einschlie\u00dflich der M\u00f6glichkeit, Videos anzusehen und auf interaktive Anwendungen zuzugreifen. W\u00e4hlen Sie ULTIMAXX und entscheiden Sie sich f\u00fcr EBU (elektronische B\u00fcrstenabhebeeinheit), ohne dass Sie B\u00fcrsten oder Padantriebe ber\u00fchren m\u00fcssen. Entscheiden Sie sich f\u00fcr Intelliscrub und den Druck und lassen Sie sich genau einsch\u00e4tzen. F\u00fcr eine vollst\u00e4ndige Anpassung w\u00e4hlen Sie <strong>IntelliZone<\/strong>, um alle Parameter perfekt einzustellen, damit die Reinigung jedes Mal beim ersten Mal gelingt <\/p>\n<\/div>\n        <\/div>\n        <div class=\"product-description-block-image\" style=\"background-image:url(https:\/\/taski.com\/wp-content\/uploads\/2022\/04\/Wallchart_024.jpg)\">\n\n        <\/div>\n    <\/div>\n  <\/div>\n  <div class=\"cl-fl\"><\/div>\n\n  <div class=\"product-description-block style-light image-right\">\n    <div class=\"product-description-block-i\">\n        <div class=\"product-description-block-content\">\n          <div class=\"product-description-block-title\">\n                            <div class=\"pdbt-icon\"><img decoding=\"async\" src=\"https:\/\/taski.com\/wp-content\/uploads\/2020\/12\/sustainability.svg\" \/><\/div>\n                <div class=\"pdbt-text\">Nachhaltigkeit<\/div>\n                      <\/div>\n          <div class=\"product-description-block-text\"><p>Die TASKI ULTIMAXX Performance &amp; swingo power Modelle verf\u00fcgen \u00fcber <strong>IntelliFlow f\u00fcr mehr m2<\/strong> mit einer einzigen Tankf\u00fcllung. IntelliFlow mit <strong>IntelliDose kann den Wasser- und Chemikalienverbrauch um \u00fcber 70% reduzieren.<\/strong> <\/p>\n<\/div>\n        <\/div>\n        <div class=\"product-description-block-image\" style=\"background-image:url(https:\/\/taski.com\/wp-content\/uploads\/2022\/04\/ULTIMAXX-1900-IntelliDose-PLUS.jpg)\">\n\n        <\/div>\n    <\/div>\n  <\/div>\n  <div class=\"cl-fl\"><\/div>\n\n  <div class=\"product-description-block style-dark image-left\">\n    <div class=\"product-description-block-i\">\n        <div class=\"product-description-block-content\">\n          <div class=\"product-description-block-title\">\n                            <div class=\"pdbt-icon\"><img decoding=\"async\" src=\"https:\/\/taski.com\/wp-content\/uploads\/2020\/11\/globe.png\" \/><\/div>\n                <div class=\"pdbt-text\">Optimierung des Betriebskapitals<\/div>\n                      <\/div>\n          <div class=\"product-description-block-text\"><p>Mit einer bis zu <strong>3 x<\/strong> schnelleren Aufladung sind <strong>IntelliPowered<\/strong> ULTIMAXX &amp; swingo Scheuersaugmaschinen immer verf\u00fcgbar, wenn herk\u00f6mmliche Batterien noch aufgeladen sind. Das bedeutet, dass ein zweites Ger\u00e4t m\u00f6glicherweise nicht ben\u00f6tigt wird. Entscheiden Sie sich f\u00fcr den v\u00f6llig neuen ULTIMAXX mit <strong>IntelliScrub<\/strong> und verl\u00e4ngern Sie die Autonomie Ihrer Batterien noch weiter. Bis zu <strong>70%<\/strong> l\u00e4nger. Das ist ein echter <strong>Gewinn f\u00fcr Ihre Investition<\/strong>. <\/p>\n<\/div>\n        <\/div>\n        <div class=\"product-description-block-image\" style=\"background-image:url(https:\/\/taski.com\/wp-content\/uploads\/2020\/12\/TASKI-Intellipower.png)\">\n\n        <\/div>\n    <\/div>\n  <\/div>\n  <div class=\"cl-fl\"><\/div>\n\n  <div class=\"product-description-block style-light image-right\">\n    <div class=\"product-description-block-i\">\n        <div class=\"product-description-block-content\">\n          <div class=\"product-description-block-title\">\n                            <div class=\"pdbt-icon\"><img decoding=\"async\" src=\"https:\/\/taski.com\/wp-content\/uploads\/2020\/12\/tco.svg\" \/><\/div>\n                <div class=\"pdbt-text\">Gesamtbetriebskosten<\/div>\n                      <\/div>\n          <div class=\"product-description-block-text\"><p>TASKI ULTIMAXX und swingo Scheuersaugmaschinen sind so konzipiert und konstruiert, dass sie <strong>die Kosten<\/strong> in jeder Phase des Betriebs <strong>senken<\/strong>. Eine sorgf\u00e4ltige Auswahl bedeutet <strong>weniger unproduktive Zeit und weniger Ausfallzeiten<\/strong>. Intelligente L\u00f6sungen verbrauchen <strong>weniger Energie, Wasser und Chemikalien.<\/strong> Geringere Wartungskosten werden durch <strong>weniger h\u00e4ufige Besuche und weniger Ausf\u00e4lle<\/strong> erreicht. Maschinen, die auf Langlebigkeit ausgelegt sind, m\u00fcssen <strong>seltener ausgetauscht<\/strong> werden. Mit dem neuen ULTIMAXX geh\u00f6ren Ausfallzeiten dank des vollst\u00e4ndig vernetzten digitalen \u00d6kosystems und des <strong>IntelliTouch-Dashboards<\/strong> zusammen mit <strong>IntellTrail 2.0 &amp; IntelliPredict<\/strong> der Vergangenheit an. Jetzt sollte Ihre Maschine nie mehr aus dem Spiel sein. Das alles zusammen ergibt die <strong>niedrigsten Gesamtbetriebskosten<\/strong> von TASKI <strong>und Ihre niedrigsten Gesamtkosten f\u00fcr die Reinigung.<\/strong> <\/p>\n<\/div>\n        <\/div>\n        <div class=\"product-description-block-image\" style=\"background-image:url(https:\/\/taski.com\/wp-content\/uploads\/2020\/12\/tco.jpg)\">\n\n        <\/div>\n    <\/div>\n  <\/div>\n  <div class=\"cl-fl\"><\/div>\n\n  <div class=\"product-description-block style-dark image-left\">\n    <div class=\"product-description-block-i\">\n        <div class=\"product-description-block-content\">\n          <div class=\"product-description-block-title\">\n                            <div class=\"pdbt-icon\"><img decoding=\"async\" src=\"https:\/\/taski.com\/wp-content\/uploads\/2020\/12\/calculator.png\" \/><\/div>\n                <div class=\"pdbt-text\">Kostenkontrolle<\/div>\n                      <\/div>\n          <div class=\"product-description-block-text\"><p>Die TASKI Service-Optionen <strong>minimieren Ausfallzeiten und Fixkosten und verl\u00e4ngern die Lebensdauer<\/strong> Ihrer ULTIMAXX oder swingo Scheuersaugmaschine.<br \/>\nW\u00e4hlen Sie mit ULTIMAXX<strong> IntelliPredict<\/strong> und erhalten Sie Zugang zu modernster elektronischer Technologie, die alle elektronischen Teile wie Motoren, Pumpen und Ladeger\u00e4te verbindet und steuert. ULTIMAXX wird die Landschaft durch ein proaktives Betriebszeitmanagementmodell mit vorausschauendem Komponentenmanagement grundlegend ver\u00e4ndern. Profitieren Sie davon und <strong>sparen Sie typischerweise 25%<\/strong> Ihrer Reparaturkosten. <\/p>\n<\/div>\n        <\/div>\n        <div class=\"product-description-block-image\" style=\"background-image:url(https:\/\/taski.com\/wp-content\/uploads\/2022\/04\/Diversey-People-scaled.jpg)\">\n\n        <\/div>\n    <\/div>\n  <\/div>\n  <div class=\"cl-fl\"><\/div>\n[\/vc_column][\/vc_row][vc_row][vc_column][vc_row_inner][vc_column_inner]\n  <div class=\"three-cta-block\">\n    <div class=\"three-cta-block-i\">\n      <div class=\"row\">\n        <div class=\"three-cta-block-grid\">\n           <div class=\"three-cta-item\">\n            <div class=\"tci-i\">\n             <div class=\"tci-item-content\">\n                <h5>&lt;strong&gt;Siehe unsere&lt;\/strong&gt;<br \/>\nIndustrie<br \/>\nL\u00f6sungen<\/h5>\n                <a href=\"\/products-innovations-solutions\/\"><p>Produkte und<br \/> L\u00f6sungen <\/p><\/a>\n             <\/div>\n            <\/div>\n           <\/div>\n           <div class=\"three-cta-item\">\n            <div class=\"tci-i\">\n             <div class=\"tci-item-content\">\n                <h5>&lt;strong&gt;Trends&lt;\/strong&gt;<br \/>\n&amp; Nachrichten<\/h5>\n                <a href=\"\/news-help-contacts\/\"><p>ERFORSCHEN SIE<\/p><\/a>\n             <\/div>\n            <\/div>\n           <\/div>\n           <div class=\"three-cta-item\">\n            <div class=\"tci-i\">\n             <div class=\"tci-item-content\">\n                <h5>&lt;strong&gt;Kontaktieren Sie&lt;\/strong&gt;<br \/>\nmit<br \/>\nuns<\/h5>\n                <a href=\"\/news-help-contacts\/\"><p>Kontakt <\/p><\/a>\n             <\/div>\n            <\/div>\n           <\/div>\n        <\/div>\n      <\/div>\n    <\/div>\n  <\/div>\n  <div class=\"cl-fl\"><\/div>\n[\/vc_column_inner][\/vc_row_inner][\/vc_column][\/vc_row][vc_row][vc_column][vc_column_text][\/vc_column_text][\/vc_column][\/vc_row]<\/p>\n<\/div>","protected":false},"excerpt":{"rendered":"<p>[vc_row][vc_column][\/vc_column][\/vc_row][vc_row][vc_column][vc_basic_grid post_type=&#8220;taski-products&#8220; style=&#8220;load-more&#8220; show_filter=&#8220;yes&#8220; element_width=&#8220;2&#8243; gap=&#8220;35&#8243; orderby=&#8220;menu_order&#8220; order=&#8220;ASC&#8220; filter_style=&#8220;default-less-rounded&#8220; filter_color=&#8220;orange&#8220; filter_size=&#8220;lg&#8220; item=&#8220;50527&#8243; css=&#8220;.vc_custom_1772622639797{margin-top: 20px !important;margin-bottom: 80px !important;}&#8220; max_items=&#8220;-1&#8243; items_per_page=&#8220;6&#8243; grid_id=&#8220;vc_gid:1774368607377-360a2eaf-cc1f-8&#8243; taxonomies=&#8220;676&#8243; filter_source=&#8220;taski_product__category&#8220; exclude_filter=&#8220;657&#8243; filter_default_title=&#8220;All&#8220; btn_title=&#8220;Load more&#8220;][\/vc_column][\/vc_row][vc_row css=&#8220;.vc_custom_1606587476742{padding-top: 80px !important;padding-bottom: 95px !important;}&#8220;][vc_column][\/vc_column][\/vc_row][vc_row][vc_column][vc_row_inner][vc_column_inner][\/vc_column_inner][\/vc_row_inner][\/vc_column][\/vc_row][vc_row][vc_column][vc_column_text][\/vc_column_text][\/vc_column][\/vc_row]<\/p>\n","protected":false},"author":1,"featured_media":0,"parent":6893,"menu_order":525,"comment_status":"closed","ping_status":"closed","template":"page-products.php","meta":{"_acf_changed":false,"_seopress_robots_primary_cat":"","_seopress_titles_title":"","_seopress_titles_desc":"","_seopress_robots_index":"","inline_featured_image":false,"footnotes":""},"class_list":["post-57605","page","type-page","status-publish","hentry"],"acf":[],"_links":{"self":[{"href":"https:\/\/taski.com\/de\/wp-json\/wp\/v2\/pages\/57605","targetHints":{"allow":["GET"]}}],"collection":[{"href":"https:\/\/taski.com\/de\/wp-json\/wp\/v2\/pages"}],"about":[{"href":"https:\/\/taski.com\/de\/wp-json\/wp\/v2\/types\/page"}],"author":[{"embeddable":true,"href":"https:\/\/taski.com\/de\/wp-json\/wp\/v2\/users\/1"}],"replies":[{"embeddable":true,"href":"https:\/\/taski.com\/de\/wp-json\/wp\/v2\/comments?post=57605"}],"version-history":[{"count":0,"href":"https:\/\/taski.com\/de\/wp-json\/wp\/v2\/pages\/57605\/revisions"}],"up":[{"embeddable":true,"href":"https:\/\/taski.com\/de\/wp-json\/wp\/v2\/pages\/6893"}],"wp:attachment":[{"href":"https:\/\/taski.com\/de\/wp-json\/wp\/v2\/media?parent=57605"}],"curies":[{"name":"wp","href":"https:\/\/api.w.org\/{rel}","templated":true}]}}