{"id":57591,"date":"2025-02-18T13:08:45","date_gmt":"2025-02-18T13:08:45","guid":{"rendered":"https:\/\/taski.com\/produkte-innovationen-loesungen\/products\/scheuersaugmaschinen\/aufsitzen\/"},"modified":"2026-03-25T14:08:23","modified_gmt":"2026-03-25T14:08:23","slug":"aufsitzen","status":"publish","type":"page","link":"https:\/\/taski.com\/de\/produkte-innovationen-loesungen\/products\/scheuersaugmaschinen\/aufsitzen\/","title":{"rendered":"Aufsitzmaschinen"},"content":{"rendered":"<div class=\"wpb-content-wrapper\"><p>[vc_row][vc_column]\n  <div class=\"page-intro-block size-fit-image style-dark font-large\">\n         <div class=\"page-intro-block-i\">\n      <div class=\"row\">\n        <div class=\"page-intro-content\">\n            <div class=\"title-block\">\n                                     <h2><span class=\"pt\">Aufsitzmaschinen<\/span>Die Scheuersaugmaschinen von TASKI stehen f\u00fcr hervorragende Reinigungsleistung und herausragende Produktivit\u00e4t.<\/h2>\n                                                 <\/div>\n            <div class=\"page-intro-image\">\n                                <div class=\"page-intro-image-alt\">\n                    \n                    <img decoding=\"async\" src=\"https:\/\/taski.com\/wp-content\/uploads\/2021\/01\/XP_R-brush-deck-closeup.jpg\" alt=\"\" \/>\n\n                <\/div>\n            <\/div>\n        <\/div>\n      <\/div>\n\n\n    <\/div>\n  <\/div>\n  <div class=\"cl-fl\"><\/div>\n[\/vc_column][\/vc_row][vc_row][vc_column][vc_basic_grid post_type=&#8220;taski-products&#8220; style=&#8220;load-more&#8220; show_filter=&#8220;yes&#8220; element_width=&#8220;2&#8243; gap=&#8220;35&#8243; orderby=&#8220;menu_order&#8220; order=&#8220;ASC&#8220; filter_style=&#8220;default-less-rounded&#8220; filter_color=&#8220;orange&#8220; filter_size=&#8220;lg&#8220; item=&#8220;50527&#8243; css=&#8220;.vc_custom_1739976655556{margin-top: 20px !important;margin-bottom: 80px !important;}&#8220; max_items=&#8220;-1&#8243; items_per_page=&#8220;6&#8243; grid_id=&#8220;vc_gid:1774447363122-a9e3ef81-31ac-4&#8243; taxonomies=&#8220;23&#8243; filter_source=&#8220;taski_product__category&#8220; exclude_filter=&#8220;494, 20&#8243;][\/vc_column][\/vc_row][vc_row css=&#8220;.vc_custom_1606587476742{padding-top: 80px !important;padding-bottom: 95px !important;}&#8220;][vc_column]\n  <div class=\"product-description-block style-dark image-right\">\n    <div class=\"product-description-block-i\">\n        <div class=\"product-description-block-content\">\n          <div class=\"product-description-block-title\">\n                            <div class=\"pdbt-icon\"><img decoding=\"async\" src=\"https:\/\/taski.com\/wp-content\/uploads\/2020\/12\/clock.png\" \/><\/div>\n                <div class=\"pdbt-text\">Operative Effizienz<\/div>\n                      <\/div>\n          <div class=\"product-description-block-text\"><p>Alle TASKI ULTIMAXX &amp; swingo Scheuersaugmaschinen verk\u00fcrzen die unproduktive Zeit. Intuitive Bedienelemente, selbsteinstellende Saugd\u00fcse und leicht zu reinigende gelbe Wartungspunkte sorgen f\u00fcr mehr verf\u00fcgbare Reinigungszeit. W\u00e4hlen Sie ULTIMAXX und entscheiden Sie sich f\u00fcr EBU (elektronische B\u00fcrstenabsenkung), ohne dass Sie B\u00fcrsten oder Padantriebe ber\u00fchren m\u00fcssen. Entscheiden Sie sich f\u00fcr Intelliscrub und reduziern sie den B\u00fcrstendruck je nach Oberfl\u00e4che. F\u00fcr eine vollst\u00e4ndige Anpassung w\u00e4hlen Sie IntelliZone, um alle Parameter je nach Bodenbeschaffenheit perfekt einzustellen, damit die Reinigung jedes Mal beim ersten Mal gelingt.<\/p>\n<\/div>\n        <\/div>\n        <div class=\"product-description-block-image\" style=\"background-image:url(https:\/\/taski.com\/wp-content\/uploads\/2022\/04\/TASKI-ULTIMAXX-1900-Attachemnts_cropped.png)\">\n\n        <\/div>\n    <\/div>\n  <\/div>\n  <div class=\"cl-fl\"><\/div>\n\n  <div class=\"product-description-block style-light image-left\">\n    <div class=\"product-description-block-i\">\n        <div class=\"product-description-block-content\">\n          <div class=\"product-description-block-title\">\n                            <div class=\"pdbt-icon\"><img decoding=\"async\" src=\"https:\/\/taski.com\/wp-content\/uploads\/2020\/12\/people.png\" \/><\/div>\n                <div class=\"pdbt-text\">Menschen &amp; Sicherheit<\/div>\n                      <\/div>\n          <div class=\"product-description-block-text\"><p>Die TASKI ULTIMAXX Performance &amp; swingo Power Modelle verf\u00fcgen \u00fcber IntelliFlow f\u00fcr mehr m2 mit einer einzigen Tankf\u00fcllung.<br \/>\nMit einer bis zu 3 x schnelleren Aufladung sind IntelliPowered ULTIMAXX &amp; swingo Scheuersaugmaschinen immer verf\u00fcgbar, wenn herk\u00f6mmliche Batterien noch nicht aufgeladen sind.<\/p>\n<\/div>\n        <\/div>\n        <div class=\"product-description-block-image\" style=\"background-image:url(https:\/\/taski.com\/wp-content\/uploads\/2022\/04\/Wallchart_024.jpg)\">\n\n        <\/div>\n    <\/div>\n  <\/div>\n  <div class=\"cl-fl\"><\/div>\n\n  <div class=\"product-description-block style-light image-right\">\n    <div class=\"product-description-block-i\">\n        <div class=\"product-description-block-content\">\n          <div class=\"product-description-block-title\">\n                            <div class=\"pdbt-icon\"><img decoding=\"async\" src=\"https:\/\/taski.com\/wp-content\/uploads\/2020\/12\/sustainability.svg\" \/><\/div>\n                <div class=\"pdbt-text\">Nachhaltigkeit<\/div>\n                      <\/div>\n          <div class=\"product-description-block-text\"><p>Geringere Wartungskosten werden durch weniger h\u00e4ufige Besuche und weniger Ausf\u00e4lle erreicht.<\/p>\n<\/div>\n        <\/div>\n        <div class=\"product-description-block-image\" style=\"background-image:url(https:\/\/taski.com\/wp-content\/uploads\/2022\/04\/ULTIMAXX-1900-IntelliDose-PLUS.jpg)\">\n\n        <\/div>\n    <\/div>\n  <\/div>\n  <div class=\"cl-fl\"><\/div>\n\n  <div class=\"product-description-block style-dark image-left\">\n    <div class=\"product-description-block-i\">\n        <div class=\"product-description-block-content\">\n          <div class=\"product-description-block-title\">\n                            <div class=\"pdbt-icon\"><img decoding=\"async\" src=\"https:\/\/taski.com\/wp-content\/uploads\/2020\/11\/globe.png\" \/><\/div>\n                <div class=\"pdbt-text\">Optimierung des Betriebskapitals<\/div>\n                      <\/div>\n          <div class=\"product-description-block-text\"><p>Mit dem neuen ULTIMAXX geh\u00f6ren Ausfallzeiten dank des vollst\u00e4ndig vernetzten digitalen \u00d6kosystems IntelliTrail 2.0 und des IntelliTouch-Dashboards zusammen mit IntelliPredict der Vergangenheit an.<\/p>\n<\/div>\n        <\/div>\n        <div class=\"product-description-block-image\" style=\"background-image:url(https:\/\/taski.com\/wp-content\/uploads\/2020\/12\/TASKI-Intellipower.png)\">\n\n        <\/div>\n    <\/div>\n  <\/div>\n  <div class=\"cl-fl\"><\/div>\n\n  <div class=\"product-description-block style-light image-right\">\n    <div class=\"product-description-block-i\">\n        <div class=\"product-description-block-content\">\n          <div class=\"product-description-block-title\">\n                            <div class=\"pdbt-icon\"><img decoding=\"async\" src=\"https:\/\/taski.com\/wp-content\/uploads\/2020\/12\/tco.svg\" \/><\/div>\n                <div class=\"pdbt-text\">Gesamtbetriebskosten<\/div>\n                      <\/div>\n          <div class=\"product-description-block-text\"><p>Die TASKI Service-Optionen minimieren Ausfallzeiten, sowie Fixkosten und verl\u00e4ngern die Lebensdauer Ihrer ULTIMAXX oder swingo Scheuersaugmaschine.<\/p>\n<\/div>\n        <\/div>\n        <div class=\"product-description-block-image\" style=\"background-image:url(https:\/\/taski.com\/wp-content\/uploads\/2020\/12\/tco.jpg)\">\n\n        <\/div>\n    <\/div>\n  <\/div>\n  <div class=\"cl-fl\"><\/div>\n\n  <div class=\"product-description-block style-dark image-left\">\n    <div class=\"product-description-block-i\">\n        <div class=\"product-description-block-content\">\n          <div class=\"product-description-block-title\">\n                            <div class=\"pdbt-icon\"><img decoding=\"async\" src=\"https:\/\/taski.com\/wp-content\/uploads\/2020\/12\/calculator.png\" \/><\/div>\n                <div class=\"pdbt-text\">Kostenkontrolle<\/div>\n                      <\/div>\n          <div class=\"product-description-block-text\"><p>W\u00e4hlen Sie mit ULTIMAXX IntelliPredict und erhalten Sie Zugang zu modernster elektronischer Technologie, die alle elektronischen Teile wie Motoren, Pumpen und Ladeger\u00e4te verbindet und steuert.<\/p>\n<\/div>\n        <\/div>\n        <div class=\"product-description-block-image\" style=\"background-image:url(https:\/\/taski.com\/wp-content\/uploads\/2022\/04\/Diversey-People-scaled.jpg)\">\n\n        <\/div>\n    <\/div>\n  <\/div>\n  <div class=\"cl-fl\"><\/div>\n[\/vc_column][\/vc_row][vc_row][vc_column][vc_row_inner][vc_column_inner]\n  <div class=\"three-cta-block\">\n    <div class=\"three-cta-block-i\">\n      <div class=\"row\">\n        <div class=\"three-cta-block-grid\">\n           <div class=\"three-cta-item\">\n            <div class=\"tci-i\">\n             <div class=\"tci-item-content\">\n                <h5>&lt;strong&gt;Siehe unsere&lt;\/strong&gt;<br \/>\nIndustrie<br \/>\nL\u00f6sungen<\/h5>\n                <a href=\"\/products-innovations-solutions\/\"><p>Produkte und<br \/> L\u00f6sungen <\/p><\/a>\n             <\/div>\n            <\/div>\n           <\/div>\n           <div class=\"three-cta-item\">\n            <div class=\"tci-i\">\n             <div class=\"tci-item-content\">\n                <h5>&lt;strong&gt;Trends &lt;\/strong&gt;<br \/>\n&amp; Nachrichten<\/h5>\n                <a href=\"\/news-help-contacts\/\"><p>ERFORSCHEN SIE<\/p><\/a>\n             <\/div>\n            <\/div>\n           <\/div>\n           <div class=\"three-cta-item\">\n            <div class=\"tci-i\">\n             <div class=\"tci-item-content\">\n                <h5>&lt;strong&gt;Kontaktieren Sie&lt;\/strong&gt;<br \/>\nmit<br \/>\nuns<\/h5>\n                <a href=\"\/news-help-contacts\/\"><p>Kontakt <\/p><\/a>\n             <\/div>\n            <\/div>\n           <\/div>\n        <\/div>\n      <\/div>\n    <\/div>\n  <\/div>\n  <div class=\"cl-fl\"><\/div>\n[\/vc_column_inner][\/vc_row_inner][\/vc_column][\/vc_row][vc_row][vc_column][vc_column_text][\/vc_column_text][\/vc_column][\/vc_row]<\/p>\n<\/div>","protected":false},"excerpt":{"rendered":"<p>[vc_row][vc_column][\/vc_column][\/vc_row][vc_row][vc_column][vc_basic_grid post_type=&#8220;taski-products&#8220; style=&#8220;load-more&#8220; show_filter=&#8220;yes&#8220; element_width=&#8220;2&#8243; gap=&#8220;35&#8243; orderby=&#8220;menu_order&#8220; order=&#8220;ASC&#8220; filter_style=&#8220;default-less-rounded&#8220; filter_color=&#8220;orange&#8220; filter_size=&#8220;lg&#8220; item=&#8220;50527&#8243; css=&#8220;.vc_custom_1739976655556{margin-top: 20px !important;margin-bottom: 80px !important;}&#8220; max_items=&#8220;-1&#8243; items_per_page=&#8220;6&#8243; grid_id=&#8220;vc_gid:1774447363122-a9e3ef81-31ac-4&#8243; taxonomies=&#8220;23&#8243; filter_source=&#8220;taski_product__category&#8220; exclude_filter=&#8220;494, 20&#8243;][\/vc_column][\/vc_row][vc_row css=&#8220;.vc_custom_1606587476742{padding-top: 80px !important;padding-bottom: 95px !important;}&#8220;][vc_column][\/vc_column][\/vc_row][vc_row][vc_column][vc_row_inner][vc_column_inner][\/vc_column_inner][\/vc_row_inner][\/vc_column][\/vc_row][vc_row][vc_column][vc_column_text][\/vc_column_text][\/vc_column][\/vc_row]<\/p>\n","protected":false},"author":1,"featured_media":0,"parent":4066,"menu_order":505,"comment_status":"closed","ping_status":"closed","template":"page-products.php","meta":{"_acf_changed":false,"_seopress_robots_primary_cat":"","_seopress_titles_title":"","_seopress_titles_desc":"","_seopress_robots_index":"","inline_featured_image":false,"footnotes":""},"class_list":["post-57591","page","type-page","status-publish","hentry"],"acf":[],"_links":{"self":[{"href":"https:\/\/taski.com\/de\/wp-json\/wp\/v2\/pages\/57591","targetHints":{"allow":["GET"]}}],"collection":[{"href":"https:\/\/taski.com\/de\/wp-json\/wp\/v2\/pages"}],"about":[{"href":"https:\/\/taski.com\/de\/wp-json\/wp\/v2\/types\/page"}],"author":[{"embeddable":true,"href":"https:\/\/taski.com\/de\/wp-json\/wp\/v2\/users\/1"}],"replies":[{"embeddable":true,"href":"https:\/\/taski.com\/de\/wp-json\/wp\/v2\/comments?post=57591"}],"version-history":[{"count":0,"href":"https:\/\/taski.com\/de\/wp-json\/wp\/v2\/pages\/57591\/revisions"}],"up":[{"embeddable":true,"href":"https:\/\/taski.com\/de\/wp-json\/wp\/v2\/pages\/4066"}],"wp:attachment":[{"href":"https:\/\/taski.com\/de\/wp-json\/wp\/v2\/media?parent=57591"}],"curies":[{"name":"wp","href":"https:\/\/api.w.org\/{rel}","templated":true}]}}