{"id":4066,"date":"2020-11-30T14:07:23","date_gmt":"2020-11-30T14:07:23","guid":{"rendered":"https:\/\/taski.com\/waeschetrockner\/"},"modified":"2022-08-15T14:57:53","modified_gmt":"2022-08-15T14:57:53","slug":"scheuersaugmaschinen","status":"publish","type":"page","link":"https:\/\/taski.com\/de\/produkte-innovationen-loesungen\/products\/scheuersaugmaschinen\/","title":{"rendered":"Scheuersaugmaschinen"},"content":{"rendered":"<div class=\"wpb-content-wrapper\"><p>[vc_row][vc_column]\n  <div class=\"page-intro-block size-fit-image style-dark font-large\">\n         <div class=\"page-intro-block-i\">\n      <div class=\"row\">\n        <div class=\"page-intro-content\">\n            <div class=\"title-block\">\n                                     <h2><span class=\"pt\">Scheuersaugmaschinen<\/span>TASKI-Scheuersaugmaschinen sind Spitzenreiter in Sachen <strong>Reinigungsleistung und hervorragender Produktivit\u00e4t.<\/strong><\/h2>\n                                                 <\/div>\n            <div class=\"page-intro-image\">\n                                <div class=\"page-intro-image-alt\">\n                    \n                    <img decoding=\"async\" src=\"https:\/\/taski.com\/wp-content\/uploads\/2021\/01\/XP_R-brush-deck-closeup.jpg\" alt=\"\" \/>\n\n                <\/div>\n            <\/div>\n        <\/div>\n      <\/div>\n\n\n    <\/div>\n  <\/div>\n  <div class=\"cl-fl\"><\/div>\n[\/vc_column][\/vc_row][vc_row][vc_column][vc_basic_grid post_type=&#8220;taski-products&#8220; style=&#8220;load-more&#8220; show_filter=&#8220;yes&#8220; element_width=&#8220;2&#8243; gap=&#8220;35&#8243; orderby=&#8220;menu_order&#8220; order=&#8220;ASC&#8220; filter_style=&#8220;default-less-rounded&#8220; filter_color=&#8220;orange&#8220; filter_size=&#8220;lg&#8220; item=&#8220;50527&#8243; css=&#8220;.vc_custom_1772614479061{margin-top: 20px !important;margin-bottom: 80px !important;}&#8220; max_items=&#8220;-1&#8243; items_per_page=&#8220;6&#8243; grid_id=&#8220;vc_gid:1774449331004-c62de1b0-5661-4&#8243; taxonomies=&#8220;106&#8243; filter_source=&#8220;taski_product__category&#8220; exclude_filter=&#8220;20&#8243; filter_default_title=&#8220;All&#8220; btn_title=&#8220;Load more&#8220;][\/vc_column][\/vc_row][vc_row css=&#8220;.vc_custom_1606587476742{padding-top: 80px !important;padding-bottom: 95px !important;}&#8220;][vc_column]\n  <div class=\"product-description-block style-dark image-right\">\n    <div class=\"product-description-block-i\">\n        <div class=\"product-description-block-content\">\n          <div class=\"product-description-block-title\">\n                            <div class=\"pdbt-icon\"><img decoding=\"async\" src=\"https:\/\/taski.com\/wp-content\/uploads\/2020\/12\/clock.png\" \/><\/div>\n                <div class=\"pdbt-text\">Betriebseffizienz<\/div>\n                      <\/div>\n          <div class=\"product-description-block-text\"><p>Alle TASKI ULTIMAXX &amp; swingo Scheuersaugmaschinen reduzieren unproduktive Zeiten. <strong>Intuitive Bedienelemente, selbsteinstellende Saugleisten und leicht zu reinigende gelbe Wartungspunkte<\/strong> sorgen f\u00fcr mehr verf\u00fcgbare Reinigungszeit. Die neue ULTIMAXX-Reihe l\u00e4sst sich mit <strong>IntelliTouch, IntelliZone<\/strong> und sogar einer <strong>TWISTER<\/strong>-Taste noch weiter anpassen und sorgt so f\u00fcr unvergleichliche Produktivit\u00e4t. Noch nie war es so einfach, hervorragende Reinigungsergebnisse und h\u00f6chste Effizienz zu erzielen.<\/p>\n<\/div>\n        <\/div>\n        <div class=\"product-description-block-image\" style=\"background-image:url(https:\/\/taski.com\/wp-content\/uploads\/2022\/04\/TASKI-ULTIMAXX-1900-Attachemnts_cropped.png)\">\n\n        <\/div>\n    <\/div>\n  <\/div>\n  <div class=\"cl-fl\"><\/div>\n\n  <div class=\"product-description-block style-light image-left\">\n    <div class=\"product-description-block-i\">\n        <div class=\"product-description-block-content\">\n          <div class=\"product-description-block-title\">\n                            <div class=\"pdbt-icon\"><img decoding=\"async\" src=\"https:\/\/taski.com\/wp-content\/uploads\/2020\/12\/people.png\" \/><\/div>\n                <div class=\"pdbt-text\">Anwender &amp; Sicherheit<\/div>\n                      <\/div>\n          <div class=\"product-description-block-text\"><p>TASKI ULTIMAXX &amp; swingo Scheuersaugmaschinen sind <strong>ergonomisch<\/strong> f\u00fcr den Benutzer designt. Ergonomische und voll einstellbare Griffe und Lenkr\u00e4der sorgen f\u00fcr <strong>hohen Komfort<\/strong>. ULTIMAXX IntelliTouch ist ein intuitives Touchscreen-Bedienfeld mit g\u00e4ngigen Symbolen, so dass nur <strong>wenig Schulung erfordert<\/strong> wird. Wenn eine Schulung erforderlich ist, k\u00f6nnen die Benutzer auf eine Reihe von Support-Tools zugreifen, einschlie\u00dflich der M\u00f6glichkeit, Videos anzusehen und auf interaktive Anwendungen zuzugreifen. W\u00e4hlen Sie ULTIMAXX und entscheiden Sie sich f\u00fcr EBU (elektronische B\u00fcrsteneinheit), ohne dass Sie B\u00fcrsten oder Padantriebe ber\u00fchren m\u00fcssen.<\/p>\n<\/div>\n        <\/div>\n        <div class=\"product-description-block-image\" style=\"background-image:url(https:\/\/taski.com\/wp-content\/uploads\/2022\/04\/Wallchart_024.jpg)\">\n\n        <\/div>\n    <\/div>\n  <\/div>\n  <div class=\"cl-fl\"><\/div>\n\n  <div class=\"product-description-block style-dark image-right\">\n    <div class=\"product-description-block-i\">\n        <div class=\"product-description-block-content\">\n          <div class=\"product-description-block-title\">\n                            <div class=\"pdbt-icon\"><img decoding=\"async\" src=\"https:\/\/taski.com\/wp-content\/uploads\/2020\/11\/globe.png\" \/><\/div>\n                <div class=\"pdbt-text\">Optimierung des Betriebskapitals<\/div>\n                      <\/div>\n          <div class=\"product-description-block-text\"><p>Mit bis zu <strong>dreimal schnellerer Aufladung sind ULTIMAXX Scheuersagmaschinen mit IntelliPower <\/strong>immer verf\u00fcgbar, wenn herk\u00f6mmliche Batterien noch aufgeladen werden m\u00fcssen.<\/p>\n<p>Dies bedeutet, dass m\u00f6glicherweise keine zweite Maschine ben\u00f6tigt wird. Entscheiden Sie sich f\u00fcr die neue ULTIMAXX mit IntelliScrub und verl\u00e4ngern Sie Ihre Batterieautonomie noch weiter.<\/p>\n<p><strong>Das ist ein echter Return on Investment.<\/strong><\/p>\n<\/div>\n        <\/div>\n        <div class=\"product-description-block-image\" style=\"background-image:url(https:\/\/taski.com\/wp-content\/uploads\/2020\/12\/TASKI-Intellipower.png)\">\n\n        <\/div>\n    <\/div>\n  <\/div>\n  <div class=\"cl-fl\"><\/div>\n\n  <div class=\"product-description-block style-light image-left\">\n    <div class=\"product-description-block-i\">\n        <div class=\"product-description-block-content\">\n          <div class=\"product-description-block-title\">\n                            <div class=\"pdbt-icon\"><img decoding=\"async\" src=\"https:\/\/taski.com\/wp-content\/uploads\/2020\/12\/sustainability.svg\" \/><\/div>\n                <div class=\"pdbt-text\">Nachhaltigkeit<\/div>\n                      <\/div>\n          <div class=\"product-description-block-text\"><p>Die TASKI ULTIMAXX Performance und swingo-Power-Modelle verf\u00fcgen \u00fcber <strong>IntelliFlow<\/strong>, um mit einer einzigen Tankf\u00fcllung mehr m\u00b2 zu reinigen.<\/p>\n<p><strong>IntelliFlow mit IntelliDose<\/strong> kann den Wasser- und Chemikalienverbrauch um <strong>\u00fcber 70% senken.<\/strong><\/p>\n<\/div>\n        <\/div>\n        <div class=\"product-description-block-image\" style=\"background-image:url(https:\/\/taski.com\/wp-content\/uploads\/2022\/04\/ULTIMAXX-1900-IntelliDose-PLUS.jpg)\">\n\n        <\/div>\n    <\/div>\n  <\/div>\n  <div class=\"cl-fl\"><\/div>\n\n  <div class=\"product-description-block style-dark image-right\">\n    <div class=\"product-description-block-i\">\n        <div class=\"product-description-block-content\">\n          <div class=\"product-description-block-title\">\n                            <div class=\"pdbt-icon\"><img decoding=\"async\" src=\"https:\/\/taski.com\/wp-content\/uploads\/2020\/12\/calculator.png\" \/><\/div>\n                <div class=\"pdbt-text\">Kostenkontrolle<\/div>\n                      <\/div>\n          <div class=\"product-description-block-text\"><p>Die TASKI-Serviceoptionen <strong>minimieren<\/strong> Ausfallzeiten und Reparaturkosten und <strong>verl\u00e4ngern die Lebensdauer Ihrer Scheuersaugmaschine<\/strong>.<\/p>\n<p>ULTIMAXX\u00a0<strong>IntelliPredict<\/strong>\u00a0\u00fcberwacht den Zustand Ihrer Maschine und erkennt Wartungsbedarf, bevor Probleme entstehen. Basierend auf Betriebsparametern wie Betriebsstunden oder per Sensor gemessenen Attributen (Stromkurven, Temperatur\u2026) kann entschieden werden, ob ein Service n\u00f6tig ist oder nicht. Dank der globalen Service- und Flottenmanagement-Cloud\u00a0<strong>IntelliTrail<\/strong>\u00a0werden alle relevanten Betriebsparameter der ULTIMAXX-Maschine zentral gesammelt und sind f\u00fcr alle beteiligten Parteien einsehbar. Kunden k\u00f6nnen ihre Maschinenflotte dank detaillierter Einsatzprofile optimieren. TASKI Servicetechniker wissen \u00fcber ein Problem der Maschine im Vorfeld Bescheid und k\u00f6nnen optimal darauf reagieren\u2026 inkl.\u00a0<strong>Remote Maintenance und Guidance<\/strong>, wenn das Problem vom Kunden selbst leicht behoben werden kann.<\/p>\n<p>Nutzen Sie den Vorteil und sparen Sie in der Regel <strong>25% Ihrer Reparaturrechnungen<\/strong>.<\/p>\n<\/div>\n        <\/div>\n        <div class=\"product-description-block-image\" style=\"background-image:url(https:\/\/taski.com\/wp-content\/uploads\/2022\/04\/Diversey-People-scaled.jpg)\">\n\n        <\/div>\n    <\/div>\n  <\/div>\n  <div class=\"cl-fl\"><\/div>\n\n  <div class=\"product-description-block style-light image-left\">\n    <div class=\"product-description-block-i\">\n        <div class=\"product-description-block-content\">\n          <div class=\"product-description-block-title\">\n                            <div class=\"pdbt-icon\"><img decoding=\"async\" src=\"https:\/\/taski.com\/wp-content\/uploads\/2020\/12\/tco.svg\" \/><\/div>\n                <div class=\"pdbt-text\">Total cost of ownership<\/div>\n                      <\/div>\n          <div class=\"product-description-block-text\"><p>TASKI ULTIMAXX und swingo Scheuersaugmaschinen sind so konzipiert, dass sie die Kosten in jeder Phase des Betriebs senken. Dank intelligenter L\u00f6sungen werden weniger Energie, Wasser und Chemikalien verbraucht. Sie erreichen <strong>geringere Wartungskosten<\/strong> durch minimierte Ausfallzeiten und Reparaturkosten Ihrer Maschine. Maschinen, die auf <strong>Langlebigkeit<\/strong> ausgelegt sind, m\u00fcssen seltener ausgetauscht werden. Mit der neuen ULTIMAXX geh\u00f6ren Ausfallzeiten dank des vollst\u00e4ndig vernetzten digitalen Betriebssystems und des IntelliTouch-Bedienfelds in Verbindung mit IntellTrail 2.0 und IntelliPredict der Vergangenheit an. Jetzt ist Ihre Maschine jederzeit einsatzbereit. Das alles zusammen ergibt die niedrigsten Gesamtbetriebskosten von TASKI und Ihre\u00a0<strong>niedrigsten Gesamtkosten f\u00fcr die Reinigung<\/strong>.<\/p>\n<\/div>\n        <\/div>\n        <div class=\"product-description-block-image\" style=\"background-image:url(https:\/\/taski.com\/wp-content\/uploads\/2020\/12\/tco.jpg)\">\n\n        <\/div>\n    <\/div>\n  <\/div>\n  <div class=\"cl-fl\"><\/div>\n[\/vc_column][\/vc_row][vc_row][vc_column][vc_row_inner][vc_column_inner]\n  <div class=\"three-cta-block\">\n    <div class=\"three-cta-block-i\">\n      <div class=\"row\">\n        <div class=\"three-cta-block-grid\">\n           <div class=\"three-cta-item\">\n            <div class=\"tci-i\">\n             <div class=\"tci-item-content\">\n                <h5><strong>Unsere<\/strong><br \/>\nL\u00f6sungen<\/h5>\n                <a href=\"\/produkte-innovationen-loesungen\/?lang=de\"><p>Produkte<br \/>\nund<br \/>\nL\u00f6sungen<\/p><\/a>\n             <\/div>\n            <\/div>\n           <\/div>\n           <div class=\"three-cta-item\">\n            <div class=\"tci-i\">\n             <div class=\"tci-item-content\">\n                <h5><strong>Jetzt <\/strong><br \/>\nbestellen<\/h5>\n                <a href=\"\/mein-taski-shop\/?lang=de\"><p>Zum<br \/>\nTASKI<br \/>\nShop<\/p><\/a>\n             <\/div>\n            <\/div>\n           <\/div>\n           <div class=\"three-cta-item\">\n            <div class=\"tci-i\">\n             <div class=\"tci-item-content\">\n                <h5><strong>Jetzt <\/strong><br \/>\nanfragen<\/h5>\n                <a href=\"\/nachrichten-hilfe-kontakte\/kontakt\/?lang=de\"><p>Kontakt<\/p><\/a>\n             <\/div>\n            <\/div>\n           <\/div>\n        <\/div>\n      <\/div>\n    <\/div>\n  <\/div>\n  <div class=\"cl-fl\"><\/div>\n[\/vc_column_inner][\/vc_row_inner][\/vc_column][\/vc_row]<\/p>\n<\/div>","protected":false},"excerpt":{"rendered":"<p>[vc_row][vc_column][\/vc_column][\/vc_row][vc_row][vc_column][vc_basic_grid post_type=&#8220;taski-products&#8220; style=&#8220;load-more&#8220; show_filter=&#8220;yes&#8220; element_width=&#8220;2&#8243; gap=&#8220;35&#8243; orderby=&#8220;menu_order&#8220; order=&#8220;ASC&#8220; filter_style=&#8220;default-less-rounded&#8220; filter_color=&#8220;orange&#8220; filter_size=&#8220;lg&#8220; item=&#8220;50527&#8243; css=&#8220;.vc_custom_1772614479061{margin-top: 20px !important;margin-bottom: 80px !important;}&#8220; max_items=&#8220;-1&#8243; items_per_page=&#8220;6&#8243; grid_id=&#8220;vc_gid:1774449331004-c62de1b0-5661-4&#8243; taxonomies=&#8220;106&#8243; filter_source=&#8220;taski_product__category&#8220; exclude_filter=&#8220;20&#8243; filter_default_title=&#8220;All&#8220; btn_title=&#8220;Load more&#8220;][\/vc_column][\/vc_row][vc_row css=&#8220;.vc_custom_1606587476742{padding-top: 80px !important;padding-bottom: 95px !important;}&#8220;][vc_column][\/vc_column][\/vc_row][vc_row][vc_column][vc_row_inner][vc_column_inner][\/vc_column_inner][\/vc_row_inner][\/vc_column][\/vc_row]<\/p>\n","protected":false},"author":1,"featured_media":0,"parent":6893,"menu_order":322,"comment_status":"closed","ping_status":"closed","template":"page-products.php","meta":{"_acf_changed":false,"_seopress_robots_primary_cat":"","_seopress_titles_title":"","_seopress_titles_desc":"","_seopress_robots_index":"","inline_featured_image":false,"footnotes":""},"class_list":["post-4066","page","type-page","status-publish","hentry"],"acf":[],"_links":{"self":[{"href":"https:\/\/taski.com\/de\/wp-json\/wp\/v2\/pages\/4066","targetHints":{"allow":["GET"]}}],"collection":[{"href":"https:\/\/taski.com\/de\/wp-json\/wp\/v2\/pages"}],"about":[{"href":"https:\/\/taski.com\/de\/wp-json\/wp\/v2\/types\/page"}],"author":[{"embeddable":true,"href":"https:\/\/taski.com\/de\/wp-json\/wp\/v2\/users\/1"}],"replies":[{"embeddable":true,"href":"https:\/\/taski.com\/de\/wp-json\/wp\/v2\/comments?post=4066"}],"version-history":[{"count":1,"href":"https:\/\/taski.com\/de\/wp-json\/wp\/v2\/pages\/4066\/revisions"}],"predecessor-version":[{"id":57923,"href":"https:\/\/taski.com\/de\/wp-json\/wp\/v2\/pages\/4066\/revisions\/57923"}],"up":[{"embeddable":true,"href":"https:\/\/taski.com\/de\/wp-json\/wp\/v2\/pages\/6893"}],"wp:attachment":[{"href":"https:\/\/taski.com\/de\/wp-json\/wp\/v2\/media?parent=4066"}],"curies":[{"name":"wp","href":"https:\/\/api.w.org\/{rel}","templated":true}]}}