{"id":3985,"date":"2021-02-10T11:02:55","date_gmt":"2021-02-10T11:02:55","guid":{"rendered":"https:\/\/taski.com\/california-consumer-privacy-act-ccpa\/"},"modified":"2021-02-23T15:00:47","modified_gmt":"2021-02-23T15:00:47","slug":"california-consumer-privacy-act-ccpa","status":"publish","type":"page","link":"https:\/\/taski.com\/de\/california-consumer-privacy-act-ccpa\/","title":{"rendered":"CALIFORNIA CONSUMER PRIVACY ACT (CCPA)"},"content":{"rendered":"<p><span style=\"font-weight: 400;\">Das California Consumer Privacy Act (\u201eCCPA\u201c) ist eine Gesetzesvorlage zum Schutz der Einwohner des US-Bundesstaates Kalifornien.<\/span><\/p>\n<p><span style=\"font-weight: 400;\">Verbraucher mit legalem Wohnsitz in Kalifornien, die sich f\u00fcr die Erhebung ihrer Daten entschieden haben, k\u00f6nnen jederzeit die L\u00f6schung ihrer personenbezogenen Daten beantragen. Daten, die der \u00d6ffentlichkeit leicht zug\u00e4nglich sind, sind nicht im kalifornischen Verbraucherschutzgesetz enthalten. Daten, die als nicht personenbezogene identifizierbare Informationen gelten, sind nicht im kalifornischen Verbraucherschutzgesetz enthalten, das Dritten gesch\u00e4ftsbezogene L\u00f6sungen erm\u00f6glicht. Damit die Datenerfassung stattfinden kann, sind Sie als Verbraucher mindestens 16 Jahre alt und haben sich anschlie\u00dfend f\u00fcr die Erhebung und den Verkauf personenbezogener Daten entschieden.<\/span><\/p>\n<p><span style=\"font-weight: 400;\">Der Zweck der Datenerfassung erm\u00f6glicht es TASKI und unseren vertrauensw\u00fcrdigen Dritten (Datenverwaltungsplattformen, Werbetreibenden und Rechtsberatern), die Daten f\u00fcr Folgendes zu verwenden und zu \u00fcbertragen: Aggregieren Sie die Daten, um Anpassungen und Targeting f\u00fcr gezielte Werbung, Messung, Analytik und Forschung.<\/span><\/p>\n<p><span style=\"font-weight: 400;\">Die aus den Daten erstellten benutzerdefinierten Profile k\u00f6nnen Folgendes enthalten:<\/span><\/p>\n<ul>\n<li style=\"font-weight: 400;\" aria-level=\"1\"><span style=\"font-weight: 400;\">Vor-und Nachname<\/span><\/li>\n<li style=\"font-weight: 400;\" aria-level=\"1\"><span style=\"font-weight: 400;\">E-Mail-Addresse<\/span><\/li>\n<li style=\"font-weight: 400;\" aria-level=\"1\"><span style=\"font-weight: 400;\">Werbe-ID<\/span><\/li>\n<li style=\"font-weight: 400;\" aria-level=\"1\"><span style=\"font-weight: 400;\">Pixel- oder Cookie-IDs<\/span><\/li>\n<li style=\"font-weight: 400;\" aria-level=\"1\"><span style=\"font-weight: 400;\">Internetprotokolladresse (&#8222;IP-Adresse&#8220;)<\/span><\/li>\n<li style=\"font-weight: 400;\" aria-level=\"1\"><span style=\"font-weight: 400;\">Kommerzielle Informationen<\/span><\/li>\n<li style=\"font-weight: 400;\" aria-level=\"1\"><span style=\"font-weight: 400;\">Mobile Aktivit\u00e4t<\/span><\/li>\n<\/ul>\n<p><span style=\"font-weight: 400;\">Bitte beachten Sie, dass Sie dadurch nur von der TASKI-Website ausgeschlossen werden und weiterhin internetbasierte Werbung erhalten. Sie k\u00f6nnen auch unsere vollst\u00e4ndigen Datenschutzbestimmungen einsehen <\/span><a href=\"https:\/\/taski.com\/datenschutz-bestimmungen-2\/?lang=de\" target=\"_blank\" rel=\"noopener\"><span style=\"font-weight: 400;\">Hier<\/span><\/a><span style=\"font-weight: 400;\"> .<\/span><\/p>\n<p><span style=\"font-weight: 400;\">Einwohner Kaliforniens, die nicht m\u00f6chten, dass ihre Daten f\u00fcr Verkaufszwecke verwendet werden; Sie k\u00f6nnen unsere Seite Nicht meine pers\u00f6nlichen Daten verkaufen besuchen<\/span><a href=\"https:\/\/taski.com\/do-not-sell-my-personal-info\/\" target=\"_blank\" rel=\"noopener\"><span style=\"font-weight: 400;\"> Hier<\/span><\/a><span style=\"font-weight: 400;\"> .<\/span><\/p>\n<p><span style=\"font-weight: 400;\">Einwohner Kaliforniens, die nicht m\u00f6chten, dass ihre Daten f\u00fcr Common Sense Advisors f\u00fcr gesch\u00e4ftliche Zwecke verwendet werden; Sie k\u00f6nnen unsere Opt-out-Seite besuchen<\/span><a href=\"https:\/\/taski.com\/do-not-sell-my-personal-info\/#opt-out\" target=\"_blank\" rel=\"noopener\"><span style=\"font-weight: 400;\"> Hier<\/span><\/a><span style=\"font-weight: 400;\"> .<\/span><\/p>\n<p><span style=\"font-weight: 400;\">Wenn Sie Fragen oder Zugriffs- \/ L\u00f6schanfragen haben, wenden Sie sich bitte an<a href=\"https:\/\/taski.com\/nachrichten-hilfe-kontakte\/kontakt\/?lang=de\" target=\"_blank\" rel=\"noopener\"> kontaktiere uns.<\/a><\/span><\/p>\n","protected":false},"excerpt":{"rendered":"<p>Das California Consumer Privacy Act (\u201eCCPA\u201c) ist eine Gesetzesvorlage zum Schutz der Einwohner des US-Bundesstaates Kalifornien. Verbraucher mit legalem Wohnsitz in Kalifornien, die sich f\u00fcr die Erhebung ihrer Daten entschieden haben, k\u00f6nnen jederzeit die L\u00f6schung ihrer personenbezogenen Daten beantragen. Daten, die der \u00d6ffentlichkeit leicht zug\u00e4nglich sind, sind nicht im kalifornischen Verbraucherschutzgesetz enthalten. Daten, die als [&hellip;]<\/p>\n","protected":false},"author":1,"featured_media":0,"parent":0,"menu_order":107,"comment_status":"closed","ping_status":"closed","template":"","meta":{"_acf_changed":false,"_seopress_robots_primary_cat":"","_seopress_titles_title":"","_seopress_titles_desc":"","_seopress_robots_index":"","inline_featured_image":false,"footnotes":""},"class_list":["post-3985","page","type-page","status-publish","hentry"],"acf":[],"_links":{"self":[{"href":"https:\/\/taski.com\/de\/wp-json\/wp\/v2\/pages\/3985","targetHints":{"allow":["GET"]}}],"collection":[{"href":"https:\/\/taski.com\/de\/wp-json\/wp\/v2\/pages"}],"about":[{"href":"https:\/\/taski.com\/de\/wp-json\/wp\/v2\/types\/page"}],"author":[{"embeddable":true,"href":"https:\/\/taski.com\/de\/wp-json\/wp\/v2\/users\/1"}],"replies":[{"embeddable":true,"href":"https:\/\/taski.com\/de\/wp-json\/wp\/v2\/comments?post=3985"}],"version-history":[{"count":0,"href":"https:\/\/taski.com\/de\/wp-json\/wp\/v2\/pages\/3985\/revisions"}],"wp:attachment":[{"href":"https:\/\/taski.com\/de\/wp-json\/wp\/v2\/media?parent=3985"}],"curies":[{"name":"wp","href":"https:\/\/api.w.org\/{rel}","templated":true}]}}